{"id":624320,"date":"2025-08-09T11:19:52","date_gmt":"2025-08-09T09:19:52","guid":{"rendered":"https:\/\/lucacastelli.com\/prodotto\/milwaukee-kreissaege-235-mm-parallelfuehrung-kompatibel\/"},"modified":"2025-08-09T11:19:52","modified_gmt":"2025-08-09T09:19:52","slug":"milwaukee-kreissaege-235-mm-parallelfuehrung-kompatibel","status":"publish","type":"product","link":"https:\/\/lucacastelli.com\/de\/produkt\/milwaukee-kreissaege-235-mm-parallelfuehrung-kompatibel\/","title":{"rendered":"Milwaukee Kreiss\u00e4ge 235 mm &#8211; Parallelf\u00fchrung kompatibel"},"content":{"rendered":"<p>CS 85 CBE\/KREISS\u00c4GEN<br \/>\n2.200-W-Motor f\u00fcr einen gleichm\u00e4\u00dfigen Schnitt auch bei maximaler Tiefe;Maximale Neigbarkeit von 60\u00b0;Ausgestattet mit einziehbarem Trennmesser, das es der S\u00e4ge erm\u00f6glicht, Tauchschnitte zu schneiden;Kompatibel mit Parallelf\u00fchrung;Sanftanlauf;Motorbremse, die die Kreiss\u00e4ge in 3,5 Sekunden stoppt;Seitenf\u00fchrung mit doppelter Verriegelung, f\u00fcr gr\u00f6\u00dfere Genauigkeit;Kompatibel mit DEK26 Absaugvorrichtung;Schneller und einfacher Zugang f\u00fcr den Kabelwechsel<\/p>\n<p>4933451116<\/p>\n","protected":false},"excerpt":{"rendered":"<p>CS 85 CBE\/KREISS\u00c4GEN<\/p>\n","protected":false},"featured_media":571128,"template":"","meta":{"_seopress_robots_primary_cat":"","_seopress_titles_title":"","_seopress_titles_desc":"","_seopress_robots_index":""},"product_brand":[3407],"product_cat":[29,514,558],"product_tag":[3270],"class_list":{"0":"post-624320","1":"product","2":"type-product","3":"status-publish","4":"has-post-thumbnail","6":"product_brand-milwaukee","7":"product_cat-macchinari","8":"product_cat-altri-dispositivi","9":"product_cat-seghe-accessori-vari","10":"product_tag-import-milwau","11":"sws-conto-ricavi-merci-rivendita-macchinari-de","12":"sws-gruppo-iva-iva81-de","14":"first","15":"onbackorder","16":"sale","17":"shipping-taxable","18":"purchasable","19":"product-type-simple"},"_links":{"self":[{"href":"https:\/\/lucacastelli.com\/de\/wp-json\/wp\/v2\/product\/624320","targetHints":{"allow":["GET"]}}],"collection":[{"href":"https:\/\/lucacastelli.com\/de\/wp-json\/wp\/v2\/product"}],"about":[{"href":"https:\/\/lucacastelli.com\/de\/wp-json\/wp\/v2\/types\/product"}],"wp:featuredmedia":[{"embeddable":true,"href":"https:\/\/lucacastelli.com\/de\/wp-json\/wp\/v2\/media\/571128"}],"wp:attachment":[{"href":"https:\/\/lucacastelli.com\/de\/wp-json\/wp\/v2\/media?parent=624320"}],"wp:term":[{"taxonomy":"product_brand","embeddable":true,"href":"https:\/\/lucacastelli.com\/de\/wp-json\/wp\/v2\/product_brand?post=624320"},{"taxonomy":"product_cat","embeddable":true,"href":"https:\/\/lucacastelli.com\/de\/wp-json\/wp\/v2\/product_cat?post=624320"},{"taxonomy":"product_tag","embeddable":true,"href":"https:\/\/lucacastelli.com\/de\/wp-json\/wp\/v2\/product_tag?post=624320"}],"curies":[{"name":"wp","href":"https:\/\/api.w.org\/{rel}","templated":true}]}}