{"id":624311,"date":"2025-08-09T11:19:49","date_gmt":"2025-08-09T09:19:49","guid":{"rendered":"https:\/\/lucacastelli.com\/prodotto\/milwaukee-kreissaege\/"},"modified":"2025-08-09T11:19:49","modified_gmt":"2025-08-09T09:19:49","slug":"milwaukee-kreissaege","status":"publish","type":"product","link":"https:\/\/lucacastelli.com\/de\/produkt\/milwaukee-kreissaege\/","title":{"rendered":"MILWAUKEE Kreiss\u00e4ge"},"content":{"rendered":"<p>M18FCSRH662-0 KREISS\u00c4GE BATT.<br \/>\n190-mm-S\u00e4geblatt bietet eine Schnitttiefe von 68 mm, so dass die S\u00e4ge 3 gestapelte OSB-Platten schneiden kann;Magnesium-Konstruktion reduziert das Gewicht und maximiert die Haltbarkeit;R\u00fcckengriff-Kreiss\u00e4ge mit linkem S\u00e4geblatt erm\u00f6glicht dem Benutzer eine hervorragende Sicht auf die Schnittlinie;mitgelieferter DEK26-Adapter passt direkt an alle Milwaukee\u00ae-Staubsauger;Metallhaken zum sicheren Aufh\u00e4ngen der S\u00e4geEingebautes LED-Licht zur Beleuchtung der Arbeitsfl\u00e4che;Luftd\u00fcse, um die Schnittlinie sauber zu halten;Schnittkapazit\u00e4t bis zu 57 Grad;Optimiert f\u00fcr die Verwendung mit FORGE\u2122-Akkus;FUEL-Technologie definiert schnurlose Elektrowerkzeuge neu B\u00fcrstenloser Motor, REDLINK PLUS\u2122-Elektronik und REDLITHIUM\u2122-Akkupack bieten \u00fcberlegene Leistung und Haltbarkeit;Funktioniert mit allen Milwaukee M18-Akkus<\/p>\n<p>4933498992<br \/>\n4058546528614<\/p>\n","protected":false},"excerpt":{"rendered":"<p>M18FCSRH662-0 KREISS\u00c4GE BATT.<\/p>\n","protected":false},"featured_media":588882,"template":"","meta":{"_seopress_robots_primary_cat":"","_seopress_titles_title":"","_seopress_titles_desc":"","_seopress_robots_index":""},"product_brand":[3407],"product_cat":[29,514,558],"product_tag":[3270],"class_list":{"0":"post-624311","1":"product","2":"type-product","3":"status-publish","4":"has-post-thumbnail","6":"product_brand-milwaukee","7":"product_cat-macchinari","8":"product_cat-altri-dispositivi","9":"product_cat-seghe-accessori-vari","10":"product_tag-import-milwau","11":"sws-conto-ricavi-merci-rivendita-macchinari-de","12":"sws-gruppo-iva-iva81-de","14":"first","15":"onbackorder","16":"sale","17":"shipping-taxable","18":"purchasable","19":"product-type-simple"},"_links":{"self":[{"href":"https:\/\/lucacastelli.com\/de\/wp-json\/wp\/v2\/product\/624311","targetHints":{"allow":["GET"]}}],"collection":[{"href":"https:\/\/lucacastelli.com\/de\/wp-json\/wp\/v2\/product"}],"about":[{"href":"https:\/\/lucacastelli.com\/de\/wp-json\/wp\/v2\/types\/product"}],"wp:featuredmedia":[{"embeddable":true,"href":"https:\/\/lucacastelli.com\/de\/wp-json\/wp\/v2\/media\/588882"}],"wp:attachment":[{"href":"https:\/\/lucacastelli.com\/de\/wp-json\/wp\/v2\/media?parent=624311"}],"wp:term":[{"taxonomy":"product_brand","embeddable":true,"href":"https:\/\/lucacastelli.com\/de\/wp-json\/wp\/v2\/product_brand?post=624311"},{"taxonomy":"product_cat","embeddable":true,"href":"https:\/\/lucacastelli.com\/de\/wp-json\/wp\/v2\/product_cat?post=624311"},{"taxonomy":"product_tag","embeddable":true,"href":"https:\/\/lucacastelli.com\/de\/wp-json\/wp\/v2\/product_tag?post=624311"}],"curies":[{"name":"wp","href":"https:\/\/api.w.org\/{rel}","templated":true}]}}