{"id":624310,"date":"2025-08-09T11:19:45","date_gmt":"2025-08-09T09:19:45","guid":{"rendered":"https:\/\/lucacastelli.com\/prodotto\/milwaukee-kreissaege-55-mm-fuer-holz-m18-fuel\/"},"modified":"2025-08-09T11:19:45","modified_gmt":"2025-08-09T09:19:45","slug":"milwaukee-kreissaege-55-mm-fuer-holz-m18-fuel","status":"publish","type":"product","link":"https:\/\/lucacastelli.com\/de\/produkt\/milwaukee-kreissaege-55-mm-fuer-holz-m18-fuel\/","title":{"rendered":"Milwaukee Kreiss\u00e4ge 55 mm f\u00fcr Holz M18 FUEL"},"content":{"rendered":"<p>M18FCS552-0 KREISS\u00c4GE BATT.<br \/>\nDie M18 FUEL Kreiss\u00e4ge erzeugt die gleiche Leistung wie eine Seils\u00e4ge mit den gleichen Eigenschaften. Schneidet bis zu 200 St\u00fccke 90 x 45 mm Kiefernholz mit einem 3.0 Ah HIGH OUTPUT\u2122-Akku; Magnesiumst\u00e4nder reduziert das Gewicht und maximiert die Festigkeit; St\u00fctzhaken aus Metall; Verwendet 165-mm-S\u00e4gebl\u00e4tter mit einer Schnitttiefe von 57 mm, mit denen du drei 3&#215;18-mm-Sperrholzst\u00fccke \u00fcbereinander schneiden kannst;Wird mit DEK26-Adapter geliefert, damit er mit Staubsaugern aus dem Milwaukee\u00ae-Sortiment verbunden werden kann;Integrierte LED zur Beleuchtung der Arbeitsfl\u00e4che;Ein Luftstrahl h\u00e4lt die Schnittfl\u00e4che sauber;Schneidet in Winkeln von bis zu 50 Grad;FUEL-Technologie definiert schnurlose Elektrowerkzeuge neu. Der b\u00fcrstenlose Motor, die REDLINK PLUS\u2122-Elektronik und der REDLITHIUM\u2122-Akku bieten \u00fcberragende Leistung und Langlebigkeit;Funktioniert mit allen M18 Milwaukee\u00ae-Akkus  <\/p>\n<p>4933493587<br \/>\n4058546484583<\/p>\n","protected":false},"excerpt":{"rendered":"<p>M18FCS552-0 KREISS\u00c4GE BATT.<\/p>\n","protected":false},"featured_media":586254,"template":"","meta":{"_seopress_robots_primary_cat":"","_seopress_titles_title":"","_seopress_titles_desc":"","_seopress_robots_index":""},"product_brand":[3407],"product_cat":[29,514,558],"product_tag":[3270],"class_list":{"0":"post-624310","1":"product","2":"type-product","3":"status-publish","4":"has-post-thumbnail","6":"product_brand-milwaukee","7":"product_cat-macchinari","8":"product_cat-altri-dispositivi","9":"product_cat-seghe-accessori-vari","10":"product_tag-import-milwau","11":"sws-conto-ricavi-merci-rivendita-macchinari-de","12":"sws-gruppo-iva-iva81-de","14":"first","15":"onbackorder","16":"sale","17":"shipping-taxable","18":"purchasable","19":"product-type-simple"},"_links":{"self":[{"href":"https:\/\/lucacastelli.com\/de\/wp-json\/wp\/v2\/product\/624310","targetHints":{"allow":["GET"]}}],"collection":[{"href":"https:\/\/lucacastelli.com\/de\/wp-json\/wp\/v2\/product"}],"about":[{"href":"https:\/\/lucacastelli.com\/de\/wp-json\/wp\/v2\/types\/product"}],"wp:featuredmedia":[{"embeddable":true,"href":"https:\/\/lucacastelli.com\/de\/wp-json\/wp\/v2\/media\/586254"}],"wp:attachment":[{"href":"https:\/\/lucacastelli.com\/de\/wp-json\/wp\/v2\/media?parent=624310"}],"wp:term":[{"taxonomy":"product_brand","embeddable":true,"href":"https:\/\/lucacastelli.com\/de\/wp-json\/wp\/v2\/product_brand?post=624310"},{"taxonomy":"product_cat","embeddable":true,"href":"https:\/\/lucacastelli.com\/de\/wp-json\/wp\/v2\/product_cat?post=624310"},{"taxonomy":"product_tag","embeddable":true,"href":"https:\/\/lucacastelli.com\/de\/wp-json\/wp\/v2\/product_tag?post=624310"}],"curies":[{"name":"wp","href":"https:\/\/api.w.org\/{rel}","templated":true}]}}