{"id":624305,"date":"2025-08-09T11:19:48","date_gmt":"2025-08-09T09:19:48","guid":{"rendered":"https:\/\/lucacastelli.com\/prodotto\/milwaukee-m12-fuel-kompakt-holzkreissaege\/"},"modified":"2025-08-09T11:19:48","modified_gmt":"2025-08-09T09:19:48","slug":"milwaukee-m12-fuel-kompakt-holzkreissaege","status":"publish","type":"product","link":"https:\/\/lucacastelli.com\/de\/produkt\/milwaukee-m12-fuel-kompakt-holzkreissaege\/","title":{"rendered":"Milwaukee M12 FUEL Kompakt-Holzkreiss\u00e4ge"},"content":{"rendered":"<p>M12FCS442-502X KREISS\u00c4GE BATT.<br \/>\nDer b\u00fcrstenlose POWERSTATE\u2122-Motor wurde neu entwickelt, um die Leistung in Kombination mit den Milwaukee M12\u2122 HIGH OUTPUT\u2122-Akkus um bis zu 25 % zu steigern; der Magnesium-Sockel reduziert das Gewicht und maximiert die Haltbarkeit; der Luftstrahl h\u00e4lt die Schnittlinie sauber; die LED-Leuchten beleuchten die Arbeitsfl\u00e4che; der mitgelieferte DEK26-Adapter passt zum Staubsauger und sorgt f\u00fcr eine saubere Arbeitsumgebung; die FUEL-Technologie definiert schnurlose Elektrowerkzeuge neu. Der b\u00fcrstenlose Motor, die REDLINK PLUS\u2122-Elektronik und der REDLITHIUM\u2122-Akku bieten \u00fcberragende Leistung und Langlebigkeit;Funktioniert mit allen M12\u2122 Milwaukee\u00ae-Akkus <\/p>\n<p>4933493489<br \/>\n4058546483609<\/p>\n","protected":false},"excerpt":{"rendered":"<p>M12FCS442-502X KREISS\u00c4GE BATT.<\/p>\n","protected":false},"featured_media":585959,"template":"","meta":{"_seopress_robots_primary_cat":"","_seopress_titles_title":"","_seopress_titles_desc":"","_seopress_robots_index":""},"product_brand":[3407],"product_cat":[29,514,558],"product_tag":[3270],"class_list":{"0":"post-624305","1":"product","2":"type-product","3":"status-publish","4":"has-post-thumbnail","6":"product_brand-milwaukee","7":"product_cat-macchinari","8":"product_cat-altri-dispositivi","9":"product_cat-seghe-accessori-vari","10":"product_tag-import-milwau","11":"sws-conto-ricavi-merci-rivendita-macchinari-de","12":"sws-gruppo-iva-iva81-de","14":"first","15":"onbackorder","16":"sale","17":"shipping-taxable","18":"purchasable","19":"product-type-simple"},"_links":{"self":[{"href":"https:\/\/lucacastelli.com\/de\/wp-json\/wp\/v2\/product\/624305","targetHints":{"allow":["GET"]}}],"collection":[{"href":"https:\/\/lucacastelli.com\/de\/wp-json\/wp\/v2\/product"}],"about":[{"href":"https:\/\/lucacastelli.com\/de\/wp-json\/wp\/v2\/types\/product"}],"wp:featuredmedia":[{"embeddable":true,"href":"https:\/\/lucacastelli.com\/de\/wp-json\/wp\/v2\/media\/585959"}],"wp:attachment":[{"href":"https:\/\/lucacastelli.com\/de\/wp-json\/wp\/v2\/media?parent=624305"}],"wp:term":[{"taxonomy":"product_brand","embeddable":true,"href":"https:\/\/lucacastelli.com\/de\/wp-json\/wp\/v2\/product_brand?post=624305"},{"taxonomy":"product_cat","embeddable":true,"href":"https:\/\/lucacastelli.com\/de\/wp-json\/wp\/v2\/product_cat?post=624305"},{"taxonomy":"product_tag","embeddable":true,"href":"https:\/\/lucacastelli.com\/de\/wp-json\/wp\/v2\/product_tag?post=624305"}],"curies":[{"name":"wp","href":"https:\/\/api.w.org\/{rel}","templated":true}]}}