{"id":624304,"date":"2025-08-09T11:19:44","date_gmt":"2025-08-09T09:19:44","guid":{"rendered":"https:\/\/lucacastelli.com\/prodotto\/milwaukee-metallkreissaege\/"},"modified":"2025-08-09T11:19:44","modified_gmt":"2025-08-09T09:19:44","slug":"milwaukee-metallkreissaege","status":"publish","type":"product","link":"https:\/\/lucacastelli.com\/de\/produkt\/milwaukee-metallkreissaege\/","title":{"rendered":"Milwaukee Metallkreiss\u00e4ge"},"content":{"rendered":"<p>MCS 66\/KREISS\u00c4GE<br \/>\nLeistungsstarker 1800-W-Motor, Leerlaufdrehzahl 4000 U\/min;Trockenschnitttechnologie sorgt f\u00fcr schnelle, saubere und sichere Schnitte;Schneidet Stahl, Edelstahl, D\u00e4mmplatten;Gro\u00dfe Schnitttiefe: 66 mm;Einzigartige Haube mit Sp\u00e4neauffangfach, F\u00fcllkontrollfenster und Schnellverschluss;Hebel f\u00fcr schnelle und effektive Eintauchschnitte<\/p>\n<p>4933440615<br \/>\n4002395000432<\/p>\n","protected":false},"excerpt":{"rendered":"<p>MCS 66\/KREISS\u00c4GEN<\/p>\n","protected":false},"featured_media":569899,"template":"","meta":{"_seopress_robots_primary_cat":"","_seopress_titles_title":"","_seopress_titles_desc":"","_seopress_robots_index":""},"product_brand":[3656],"product_cat":[169,1454,1535],"product_tag":[3272],"class_list":{"0":"post-624304","1":"product","2":"type-product","3":"status-publish","4":"has-post-thumbnail","6":"product_brand-milwaukee-de","7":"product_cat-maschinen","8":"product_cat-andere-gerate","9":"product_cat-sagen","10":"product_tag-import-milwau-de","11":"sws-conto-ricavi-merci-rivendita-macchinari-de","12":"sws-gruppo-iva-iva81-de","14":"first","15":"onbackorder","16":"sale","17":"shipping-taxable","18":"purchasable","19":"product-type-simple"},"_links":{"self":[{"href":"https:\/\/lucacastelli.com\/de\/wp-json\/wp\/v2\/product\/624304","targetHints":{"allow":["GET"]}}],"collection":[{"href":"https:\/\/lucacastelli.com\/de\/wp-json\/wp\/v2\/product"}],"about":[{"href":"https:\/\/lucacastelli.com\/de\/wp-json\/wp\/v2\/types\/product"}],"wp:featuredmedia":[{"embeddable":true,"href":"https:\/\/lucacastelli.com\/de\/wp-json\/wp\/v2\/media\/569899"}],"wp:attachment":[{"href":"https:\/\/lucacastelli.com\/de\/wp-json\/wp\/v2\/media?parent=624304"}],"wp:term":[{"taxonomy":"product_brand","embeddable":true,"href":"https:\/\/lucacastelli.com\/de\/wp-json\/wp\/v2\/product_brand?post=624304"},{"taxonomy":"product_cat","embeddable":true,"href":"https:\/\/lucacastelli.com\/de\/wp-json\/wp\/v2\/product_cat?post=624304"},{"taxonomy":"product_tag","embeddable":true,"href":"https:\/\/lucacastelli.com\/de\/wp-json\/wp\/v2\/product_tag?post=624304"}],"curies":[{"name":"wp","href":"https:\/\/api.w.org\/{rel}","templated":true}]}}