{"id":624301,"date":"2025-08-09T11:19:42","date_gmt":"2025-08-09T09:19:42","guid":{"rendered":"https:\/\/lucacastelli.com\/prodotto\/milwaukee-gerade-saege-1100w\/"},"modified":"2025-08-09T11:19:42","modified_gmt":"2025-08-09T09:19:42","slug":"milwaukee-gerade-saege-1100w","status":"publish","type":"product","link":"https:\/\/lucacastelli.com\/de\/produkt\/milwaukee-gerade-saege-1100w\/","title":{"rendered":"Milwaukee Gerade S\u00e4ge 1100W"},"content":{"rendered":"<p>SSD 1100 X\/RIGHT SAWS<br \/>\nLeistungsstarker 1100W Motor;FIXTEC\u2122 Mechanismus f\u00fcr schnelleren und einfacheren Klingenwechsel ohne Werkzeug;Vorderer Schutzb\u00fcgel f\u00fcr sicheres Arbeiten;Variable Geschwindigkeit \u00fcber Schalter;Langlebiger Schiebemechanismus<\/p>\n<p>4933416710<br \/>\n4002395237623<\/p>\n","protected":false},"excerpt":{"rendered":"<p>SSD 1100 X\/GERADE S\u00c4GEN<\/p>\n","protected":false},"featured_media":569098,"template":"","meta":{"_seopress_robots_primary_cat":"","_seopress_titles_title":"","_seopress_titles_desc":"","_seopress_robots_index":""},"product_brand":[3407],"product_cat":[29,514,558],"product_tag":[3270],"class_list":{"0":"post-624301","1":"product","2":"type-product","3":"status-publish","4":"has-post-thumbnail","6":"product_brand-milwaukee","7":"product_cat-macchinari","8":"product_cat-altri-dispositivi","9":"product_cat-seghe-accessori-vari","10":"product_tag-import-milwau","11":"sws-conto-ricavi-merci-rivendita-macchinari-de","12":"sws-gruppo-iva-iva81-de","14":"first","15":"onbackorder","16":"sale","17":"shipping-taxable","18":"purchasable","19":"product-type-simple"},"_links":{"self":[{"href":"https:\/\/lucacastelli.com\/de\/wp-json\/wp\/v2\/product\/624301","targetHints":{"allow":["GET"]}}],"collection":[{"href":"https:\/\/lucacastelli.com\/de\/wp-json\/wp\/v2\/product"}],"about":[{"href":"https:\/\/lucacastelli.com\/de\/wp-json\/wp\/v2\/types\/product"}],"wp:featuredmedia":[{"embeddable":true,"href":"https:\/\/lucacastelli.com\/de\/wp-json\/wp\/v2\/media\/569098"}],"wp:attachment":[{"href":"https:\/\/lucacastelli.com\/de\/wp-json\/wp\/v2\/media?parent=624301"}],"wp:term":[{"taxonomy":"product_brand","embeddable":true,"href":"https:\/\/lucacastelli.com\/de\/wp-json\/wp\/v2\/product_brand?post=624301"},{"taxonomy":"product_cat","embeddable":true,"href":"https:\/\/lucacastelli.com\/de\/wp-json\/wp\/v2\/product_cat?post=624301"},{"taxonomy":"product_tag","embeddable":true,"href":"https:\/\/lucacastelli.com\/de\/wp-json\/wp\/v2\/product_tag?post=624301"}],"curies":[{"name":"wp","href":"https:\/\/api.w.org\/{rel}","templated":true}]}}