{"id":624298,"date":"2025-08-09T11:19:43","date_gmt":"2025-08-09T09:19:43","guid":{"rendered":"https:\/\/lucacastelli.com\/prodotto\/milwaukee-geradsaege\/"},"modified":"2025-08-09T11:19:43","modified_gmt":"2025-08-09T09:19:43","slug":"milwaukee-geradsaege","status":"publish","type":"product","link":"https:\/\/lucacastelli.com\/de\/produkt\/milwaukee-geradsaege\/","title":{"rendered":"MILWAUKEE Gerads\u00e4ge"},"content":{"rendered":"<p>M18 FSX-801C \/ GERADLINIGE S\u00c4GEN<br \/>\nDie M18 FUEL Super-Gerads\u00e4ge bietet die gleiche Leistung wie eine vergleichbare kabelgebundene Gerads\u00e4ge, mit einer Reichweite von 150 Schnitten von 290 mm x 45 mm mit einer 12.0 Ah;HIGH OUTPUT\u2122 System, steigert die Leistung und Reichweite der M18 FUEL Technologie;Orbitalbewegung erm\u00f6glicht es der S\u00e4ge, R\u00fcckst\u00e4nde zu entfernen und schneller in Holz zu schneiden;3000 SPM mit 32 mm Hub bietet schnelles und m\u00fcheloses Schneiden in einer Vielzahl von Materialien;5 Schnittmodi von 1500 SPM bis 3000 SPM, damit je nach Material die richtige Geschwindigkeit verwendet werden kann;FIXTEC\u2122 Blattklemme f\u00fcr schnellen und einfachen Blattwechsel ohne Schl\u00fcssel;Stabiler Haken zur Aufbewahrung des Werkzeugs;Verstellbarer Standfu\u00df f\u00fcr optimierten Einsatz;Integriertes LED-Licht zur Beleuchtung des Arbeitsbereichs;Funktioniert mit allen M18 Milwaukee\u00ae-Akkus<\/p>\n<p>4933499177<br \/>\n4058546563417<\/p>\n","protected":false},"excerpt":{"rendered":"<p>M18 FSX-801C \/ GERADLINIGE S\u00c4GEN<\/p>\n","protected":false},"featured_media":589880,"template":"","meta":{"_seopress_robots_primary_cat":"","_seopress_titles_title":"","_seopress_titles_desc":"","_seopress_robots_index":""},"product_brand":[3656],"product_cat":[1454,169,1535],"product_tag":[3272],"class_list":{"0":"post-624298","1":"product","2":"type-product","3":"status-publish","4":"has-post-thumbnail","6":"product_brand-milwaukee-de","7":"product_cat-andere-gerate","8":"product_cat-maschinen","9":"product_cat-sagen","10":"product_tag-import-milwau-de","11":"sws-conto-ricavi-merci-rivendita-macchinari-de","12":"sws-gruppo-iva-iva81-de","14":"first","15":"onbackorder","16":"sale","17":"shipping-taxable","18":"purchasable","19":"product-type-simple"},"_links":{"self":[{"href":"https:\/\/lucacastelli.com\/de\/wp-json\/wp\/v2\/product\/624298","targetHints":{"allow":["GET"]}}],"collection":[{"href":"https:\/\/lucacastelli.com\/de\/wp-json\/wp\/v2\/product"}],"about":[{"href":"https:\/\/lucacastelli.com\/de\/wp-json\/wp\/v2\/types\/product"}],"wp:featuredmedia":[{"embeddable":true,"href":"https:\/\/lucacastelli.com\/de\/wp-json\/wp\/v2\/media\/589880"}],"wp:attachment":[{"href":"https:\/\/lucacastelli.com\/de\/wp-json\/wp\/v2\/media?parent=624298"}],"wp:term":[{"taxonomy":"product_brand","embeddable":true,"href":"https:\/\/lucacastelli.com\/de\/wp-json\/wp\/v2\/product_brand?post=624298"},{"taxonomy":"product_cat","embeddable":true,"href":"https:\/\/lucacastelli.com\/de\/wp-json\/wp\/v2\/product_cat?post=624298"},{"taxonomy":"product_tag","embeddable":true,"href":"https:\/\/lucacastelli.com\/de\/wp-json\/wp\/v2\/product_tag?post=624298"}],"curies":[{"name":"wp","href":"https:\/\/api.w.org\/{rel}","templated":true}]}}