{"id":624293,"date":"2025-08-09T11:19:38","date_gmt":"2025-08-09T09:19:38","guid":{"rendered":"https:\/\/lucacastelli.com\/prodotto\/milwaukee-gerade-saege-1300w\/"},"modified":"2025-08-09T11:19:38","modified_gmt":"2025-08-09T09:19:38","slug":"milwaukee-gerade-saege-1300w","status":"publish","type":"product","link":"https:\/\/lucacastelli.com\/de\/produkt\/milwaukee-gerade-saege-1300w\/","title":{"rendered":"Milwaukee Gerade S\u00e4ge 1300W"},"content":{"rendered":"<p>SSPE 1300 RX \/ GERADE S\u00c4GE<br \/>\nHohe Leistung dank kraftvollem 1300W-Motor und 32 mm Klingenhub;Schutzgetriebekupplung;360\u00b0 drehbarer Griff f\u00fcr zus\u00e4tzlichen Komfort;FIXTEC\u2122 Klingenwechselsystem f\u00fcr schnellen und einfachen Klingenwechsel;Patentiertes AVS-Antivibrationssystem sorgt f\u00fcr niedrige Vibrationen von 12,5 m\/s\u00b2;Variabler Drehzahlw\u00e4hler;Verstellbare Fu\u00dfst\u00fctze<\/p>\n<p> 4002395001095<\/p>\n","protected":false},"excerpt":{"rendered":"<p>SSPE 1300 RX\/GERADE S\u00c4GEN<\/p>\n","protected":false},"featured_media":569874,"template":"","meta":{"_seopress_robots_primary_cat":"","_seopress_titles_title":"","_seopress_titles_desc":"","_seopress_robots_index":""},"product_brand":[3407],"product_cat":[29,514,558],"product_tag":[3270],"class_list":{"0":"post-624293","1":"product","2":"type-product","3":"status-publish","4":"has-post-thumbnail","6":"product_brand-milwaukee","7":"product_cat-macchinari","8":"product_cat-altri-dispositivi","9":"product_cat-seghe-accessori-vari","10":"product_tag-import-milwau","11":"sws-conto-ricavi-merci-rivendita-macchinari-de","12":"sws-gruppo-iva-iva81-de","14":"first","15":"onbackorder","16":"sale","17":"shipping-taxable","18":"purchasable","19":"product-type-simple"},"_links":{"self":[{"href":"https:\/\/lucacastelli.com\/de\/wp-json\/wp\/v2\/product\/624293","targetHints":{"allow":["GET"]}}],"collection":[{"href":"https:\/\/lucacastelli.com\/de\/wp-json\/wp\/v2\/product"}],"about":[{"href":"https:\/\/lucacastelli.com\/de\/wp-json\/wp\/v2\/types\/product"}],"wp:featuredmedia":[{"embeddable":true,"href":"https:\/\/lucacastelli.com\/de\/wp-json\/wp\/v2\/media\/569874"}],"wp:attachment":[{"href":"https:\/\/lucacastelli.com\/de\/wp-json\/wp\/v2\/media?parent=624293"}],"wp:term":[{"taxonomy":"product_brand","embeddable":true,"href":"https:\/\/lucacastelli.com\/de\/wp-json\/wp\/v2\/product_brand?post=624293"},{"taxonomy":"product_cat","embeddable":true,"href":"https:\/\/lucacastelli.com\/de\/wp-json\/wp\/v2\/product_cat?post=624293"},{"taxonomy":"product_tag","embeddable":true,"href":"https:\/\/lucacastelli.com\/de\/wp-json\/wp\/v2\/product_tag?post=624293"}],"curies":[{"name":"wp","href":"https:\/\/api.w.org\/{rel}","templated":true}]}}