{"id":624290,"date":"2025-08-09T11:19:39","date_gmt":"2025-08-09T09:19:39","guid":{"rendered":"https:\/\/lucacastelli.com\/prodotto\/milwaukee-gerade-saege-1500w\/"},"modified":"2025-08-09T11:19:39","modified_gmt":"2025-08-09T09:19:39","slug":"milwaukee-gerade-saege-1500w","status":"publish","type":"product","link":"https:\/\/lucacastelli.com\/de\/produkt\/milwaukee-gerade-saege-1500w\/","title":{"rendered":"Milwaukee Gerade S\u00e4ge 1500W"},"content":{"rendered":"<p>SSPE 1500 X \/ GERADES\u00c4GEN<br \/>\nLeistungsstarker 1500-W-Motor; Konstante Leistungstechnologie &#8211; h\u00e4lt die Drehzahl unter Last konstant f\u00fcr eine gleichbleibend hohe Leistung; Patentierte Getriebeschutzkupplung &#8211; erh\u00f6ht die Lebensdauer des Getriebes, indem sie ein Verklemmen der Klinge auff\u00e4ngt; FIXTEC\u2122 Klingenwechsel und werkzeuglose Fu\u00dfeinstellung; AVS-System &#8211; patentiertes Antivibrationssystem sorgt f\u00fcr einen niedrigen Vibrationspegel von 12.5 m\/s\u00b2;Variable Geschwindigkeit und elektronische Geschwindigkeitsregelung;Schuheinstellung zur Optimierung der Werkzeugnutzung;4 m Kabel;Orbitalbewegung f\u00fcr optimale Schnittleistung<\/p>\n<p>4933428900<br \/>\n4002395241699<\/p>\n","protected":false},"excerpt":{"rendered":"<p>SSPE 1500 X\/GERADE S\u00c4GEN<\/p>\n","protected":false},"featured_media":569495,"template":"","meta":{"_seopress_robots_primary_cat":"","_seopress_titles_title":"","_seopress_titles_desc":"","_seopress_robots_index":""},"product_brand":[3407],"product_cat":[29,514,558],"product_tag":[3270],"class_list":{"0":"post-624290","1":"product","2":"type-product","3":"status-publish","4":"has-post-thumbnail","6":"product_brand-milwaukee","7":"product_cat-macchinari","8":"product_cat-altri-dispositivi","9":"product_cat-seghe-accessori-vari","10":"product_tag-import-milwau","11":"sws-conto-ricavi-merci-rivendita-macchinari-de","12":"sws-gruppo-iva-iva81-de","14":"first","15":"onbackorder","16":"sale","17":"shipping-taxable","18":"purchasable","19":"product-type-simple"},"_links":{"self":[{"href":"https:\/\/lucacastelli.com\/de\/wp-json\/wp\/v2\/product\/624290","targetHints":{"allow":["GET"]}}],"collection":[{"href":"https:\/\/lucacastelli.com\/de\/wp-json\/wp\/v2\/product"}],"about":[{"href":"https:\/\/lucacastelli.com\/de\/wp-json\/wp\/v2\/types\/product"}],"wp:featuredmedia":[{"embeddable":true,"href":"https:\/\/lucacastelli.com\/de\/wp-json\/wp\/v2\/media\/569495"}],"wp:attachment":[{"href":"https:\/\/lucacastelli.com\/de\/wp-json\/wp\/v2\/media?parent=624290"}],"wp:term":[{"taxonomy":"product_brand","embeddable":true,"href":"https:\/\/lucacastelli.com\/de\/wp-json\/wp\/v2\/product_brand?post=624290"},{"taxonomy":"product_cat","embeddable":true,"href":"https:\/\/lucacastelli.com\/de\/wp-json\/wp\/v2\/product_cat?post=624290"},{"taxonomy":"product_tag","embeddable":true,"href":"https:\/\/lucacastelli.com\/de\/wp-json\/wp\/v2\/product_tag?post=624290"}],"curies":[{"name":"wp","href":"https:\/\/api.w.org\/{rel}","templated":true}]}}