{"id":624288,"date":"2025-08-09T11:19:37","date_gmt":"2025-08-09T09:19:37","guid":{"rendered":"https:\/\/lucacastelli.com\/prodotto\/milwaukee-m18-fuel-sawzall-geradlinige-saege\/"},"modified":"2025-08-09T11:19:37","modified_gmt":"2025-08-09T09:19:37","slug":"milwaukee-m18-fuel-sawzall-geradlinige-saege","status":"publish","type":"product","link":"https:\/\/lucacastelli.com\/de\/produkt\/milwaukee-m18-fuel-sawzall-geradlinige-saege\/","title":{"rendered":"Milwaukee M18 FUEL SAWZALL\u2122 Geradlinige S\u00e4ge"},"content":{"rendered":"<p>M18FSZ-0 GERADE S\u00c4GE BATT.<br \/>\nPOWERSTATE\u2122 b\u00fcrstenloser Motor f\u00fcr 5-mal l\u00e4ngere Lebensdauer und bis zu 30 % schnelleres Schneiden;Patentierte Schutzkupplung &#8211; erh\u00f6ht die Lebensdauer des Getriebes, indem sie pl\u00f6tzliche Klingenblockierungen auff\u00e4ngt;FIXTEC\u2122 Klingenklemme erm\u00f6glicht einen schnellen und einfachen Klingenwechsel;Metall-Akkuanschlussschutz f\u00fcr erh\u00f6hte Haltbarkeit und Lebensdauer;LED-Licht zur Ausleuchtung des Arbeitsbereichs;Schwenkbarer Schuh f\u00fcr optimalen Einsatz beim Schneiden;Akkuladezustandsanzeige;Haltbarer Haken zur Aufbewahrung oder zum Aufh\u00e4ngen des Werkzeugs aus Platz- oder Sicherheitsgr\u00fcnden;FUEL-Technologie definiert schnurlose Elektrowerkzeuge neu. B\u00fcrstenloser Motor, REDLINK PLUS\u2122-Elektronik und REDLITHIUM\u2122-Akku bieten \u00fcberragende Leistung und Langlebigkeit;Funktioniert mit allen M18 Milwaukee\u00ae-Akkus <\/p>\n<p>4933498063<br \/>\n4058546512231<\/p>\n","protected":false},"excerpt":{"rendered":"<p>M18FSZ-0 GERADE S\u00c4GE BATT.<\/p>\n","protected":false},"featured_media":456265,"template":"","meta":{"_seopress_robots_primary_cat":"","_seopress_titles_title":"","_seopress_titles_desc":"","_seopress_robots_index":""},"product_brand":[3407],"product_cat":[29,514,558],"product_tag":[3270],"class_list":{"0":"post-624288","1":"product","2":"type-product","3":"status-publish","4":"has-post-thumbnail","6":"product_brand-milwaukee","7":"product_cat-macchinari","8":"product_cat-altri-dispositivi","9":"product_cat-seghe-accessori-vari","10":"product_tag-import-milwau","11":"sws-conto-ricavi-merci-rivendita-macchinari-de","12":"sws-gruppo-iva-iva81-de","14":"first","15":"onbackorder","16":"sale","17":"shipping-taxable","18":"purchasable","19":"product-type-simple"},"_links":{"self":[{"href":"https:\/\/lucacastelli.com\/de\/wp-json\/wp\/v2\/product\/624288","targetHints":{"allow":["GET"]}}],"collection":[{"href":"https:\/\/lucacastelli.com\/de\/wp-json\/wp\/v2\/product"}],"about":[{"href":"https:\/\/lucacastelli.com\/de\/wp-json\/wp\/v2\/types\/product"}],"wp:featuredmedia":[{"embeddable":true,"href":"https:\/\/lucacastelli.com\/de\/wp-json\/wp\/v2\/media\/456265"}],"wp:attachment":[{"href":"https:\/\/lucacastelli.com\/de\/wp-json\/wp\/v2\/media?parent=624288"}],"wp:term":[{"taxonomy":"product_brand","embeddable":true,"href":"https:\/\/lucacastelli.com\/de\/wp-json\/wp\/v2\/product_brand?post=624288"},{"taxonomy":"product_cat","embeddable":true,"href":"https:\/\/lucacastelli.com\/de\/wp-json\/wp\/v2\/product_cat?post=624288"},{"taxonomy":"product_tag","embeddable":true,"href":"https:\/\/lucacastelli.com\/de\/wp-json\/wp\/v2\/product_tag?post=624288"}],"curies":[{"name":"wp","href":"https:\/\/api.w.org\/{rel}","templated":true}]}}