{"id":624281,"date":"2025-08-09T11:19:36","date_gmt":"2025-08-09T09:19:36","guid":{"rendered":"https:\/\/lucacastelli.com\/prodotto\/milwaukee-stichsaege-mit-knaufgriff-2\/"},"modified":"2025-08-09T11:19:36","modified_gmt":"2025-08-09T09:19:36","slug":"milwaukee-stichsaege-mit-knaufgriff-2","status":"publish","type":"product","link":"https:\/\/lucacastelli.com\/de\/produkt\/milwaukee-stichsaege-mit-knaufgriff-2\/","title":{"rendered":"Milwaukee Stichs\u00e4ge mit Knaufgriff"},"content":{"rendered":"<p>JS 120 X \/ ALTERNATIVE SAWS<br \/>\nSchlankes und leichtes Design f\u00fcr einfache Handhabung; Leistungsstarker 710 W Motor; Patentiertes FIXTEC\u2122 System f\u00fcr einfachen Klingenwechsel und Neigungsverstellung von 0\u00b0 bis 45\u00b0; Elektronische und variable Geschwindigkeit, Sanftanlauf und konstante Geschwindigkeit unter Last; Vierfache Einstellung der Pendelbewegung f\u00fcr erh\u00f6hte Schneidleistung; Hervorragende Sicht auf Klinge und Schneidbereich; IMB-Technologie &#8211; Integrated Metal Block, f\u00fcr beste Haltbarkeit und Stabilit\u00e4t. Ein gemeinsamer Metallk\u00e4fig f\u00fcr Lager und Platte sorgt f\u00fcr mehr Festigkeit und Haltbarkeit;Anti-Vibrationsmechanismus;Vorbereitet f\u00fcr die Staubabsaugung <\/p>\n<p>4933381680<br \/>\n4002395234677<\/p>\n","protected":false},"excerpt":{"rendered":"<p>JS 120 X \/ STICHS\u00c4GEN<\/p>\n","protected":false},"featured_media":568216,"template":"","meta":{"_seopress_robots_primary_cat":"","_seopress_titles_title":"","_seopress_titles_desc":"","_seopress_robots_index":""},"product_brand":[3407],"product_cat":[29,514,558],"product_tag":[3270],"class_list":{"0":"post-624281","1":"product","2":"type-product","3":"status-publish","4":"has-post-thumbnail","6":"product_brand-milwaukee","7":"product_cat-macchinari","8":"product_cat-altri-dispositivi","9":"product_cat-seghe-accessori-vari","10":"product_tag-import-milwau","11":"sws-conto-ricavi-merci-rivendita-macchinari-de","12":"sws-gruppo-iva-iva81-de","14":"first","15":"onbackorder","16":"sale","17":"shipping-taxable","18":"purchasable","19":"product-type-simple"},"_links":{"self":[{"href":"https:\/\/lucacastelli.com\/de\/wp-json\/wp\/v2\/product\/624281","targetHints":{"allow":["GET"]}}],"collection":[{"href":"https:\/\/lucacastelli.com\/de\/wp-json\/wp\/v2\/product"}],"about":[{"href":"https:\/\/lucacastelli.com\/de\/wp-json\/wp\/v2\/types\/product"}],"wp:featuredmedia":[{"embeddable":true,"href":"https:\/\/lucacastelli.com\/de\/wp-json\/wp\/v2\/media\/568216"}],"wp:attachment":[{"href":"https:\/\/lucacastelli.com\/de\/wp-json\/wp\/v2\/media?parent=624281"}],"wp:term":[{"taxonomy":"product_brand","embeddable":true,"href":"https:\/\/lucacastelli.com\/de\/wp-json\/wp\/v2\/product_brand?post=624281"},{"taxonomy":"product_cat","embeddable":true,"href":"https:\/\/lucacastelli.com\/de\/wp-json\/wp\/v2\/product_cat?post=624281"},{"taxonomy":"product_tag","embeddable":true,"href":"https:\/\/lucacastelli.com\/de\/wp-json\/wp\/v2\/product_tag?post=624281"}],"curies":[{"name":"wp","href":"https:\/\/api.w.org\/{rel}","templated":true}]}}