{"id":624279,"date":"2025-08-09T11:19:32","date_gmt":"2025-08-09T09:19:32","guid":{"rendered":"https:\/\/lucacastelli.com\/prodotto\/milwaukee-m18-fuel-stichsaege-mit-knaufgriff\/"},"modified":"2026-01-25T20:00:06","modified_gmt":"2026-01-25T19:00:06","slug":"milwaukee-m18-fuel-stichsaege-mit-knaufgriff","status":"publish","type":"product","link":"https:\/\/lucacastelli.com\/de\/produkt\/milwaukee-m18-fuel-stichsaege-mit-knaufgriff\/","title":{"rendered":"Milwaukee M18 FUEL Stichs\u00e4ge mit Knaufgriff"},"content":{"rendered":"<p>M18FBJS-0 SEGHET. ALTER.BATT.<br \/>\nMilwaukee\u00ae hat den b\u00fcrstenlosen POWERSTATE\u2122-Motor entwickelt und gebaut, um schnelle Schnitte mit l\u00e4ngerer Standzeit und einer Schnittreichweite von bis zu 32 m in 19 mm dicken OSB-Platten durchzuf\u00fchren (mit einem einzigen 5.0Ah);Die REDLINK PLUS\u2122-Elektronik der neuen Generation bietet einen hervorragenden \u00dcberlastungsschutz f\u00fcr Werkzeug und Akku, der die Leistung unter Belastung verbessert;Der REDLITHIUM\u2122-Akku bietet eine \u00fcberlegene Akku-Konstruktion, eine gleichbleibende Leistung sorgt f\u00fcr eine l\u00e4ngere Lebensdauer des Werkzeugs und mehr Arbeit \u00fcber die gesamte Lebensdauer des Akkus;Patentiertes FIXTEC\u2122-System f\u00fcr einen einfachen Klingenwechsel;5 Pendelbewegungsfunktionen f\u00fcr eine erh\u00f6hte SchneidleistungDer beidh\u00e4ndig bedienbare Ein-\/Ausschalter erm\u00f6glicht es dem Benutzer, das Werkzeug in jeder Position einzuschalten;6 verschiedene einstellbare Geschwindigkeiten mit Sanftanlauf erm\u00f6glichen einen langsamen Start und ein Hochfahren auf die volle Geschwindigkeit unter Last f\u00fcr pr\u00e4zisere und genauere Starts;3500 H\u00fcbe pro Minute sorgen f\u00fcr einen sauberen Schnitt und minimieren \u00dcberspringen und Vibrationen;Staubabsaugung aus dem Schnittbereich, um die Schnittlinie frei von Holzresten zu halten;Integriertes LED-Licht zur Beleuchtung des Arbeitsbereichs<\/p>\n<p>4933498066<br \/>\n4058546512262<\/p>\n","protected":false},"excerpt":{"rendered":"<p>M18FBJS-0 SEGHET. ALTER.BATT. <\/p>\n","protected":false},"featured_media":586967,"template":"","meta":{"_seopress_robots_primary_cat":"none","_seopress_titles_title":"","_seopress_titles_desc":"","_seopress_robots_index":""},"product_brand":[3656],"product_cat":[1454,169,1535],"product_tag":[3272],"class_list":{"0":"post-624279","1":"product","2":"type-product","3":"status-publish","4":"has-post-thumbnail","6":"product_brand-milwaukee-de","7":"product_cat-andere-gerate","8":"product_cat-maschinen","9":"product_cat-sagen","10":"product_tag-import-milwau-de","11":"sws-gruppo-macchinari-de","12":"sws-conto-ricavi-merci-rivendita-macchinari-de","13":"sws-gruppo-iva-iva81-de","15":"first","16":"onbackorder","17":"sale","18":"shipping-taxable","19":"purchasable","20":"product-type-simple"},"_links":{"self":[{"href":"https:\/\/lucacastelli.com\/de\/wp-json\/wp\/v2\/product\/624279","targetHints":{"allow":["GET"]}}],"collection":[{"href":"https:\/\/lucacastelli.com\/de\/wp-json\/wp\/v2\/product"}],"about":[{"href":"https:\/\/lucacastelli.com\/de\/wp-json\/wp\/v2\/types\/product"}],"wp:featuredmedia":[{"embeddable":true,"href":"https:\/\/lucacastelli.com\/de\/wp-json\/wp\/v2\/media\/586967"}],"wp:attachment":[{"href":"https:\/\/lucacastelli.com\/de\/wp-json\/wp\/v2\/media?parent=624279"}],"wp:term":[{"taxonomy":"product_brand","embeddable":true,"href":"https:\/\/lucacastelli.com\/de\/wp-json\/wp\/v2\/product_brand?post=624279"},{"taxonomy":"product_cat","embeddable":true,"href":"https:\/\/lucacastelli.com\/de\/wp-json\/wp\/v2\/product_cat?post=624279"},{"taxonomy":"product_tag","embeddable":true,"href":"https:\/\/lucacastelli.com\/de\/wp-json\/wp\/v2\/product_tag?post=624279"}],"curies":[{"name":"wp","href":"https:\/\/api.w.org\/{rel}","templated":true}]}}