{"id":624275,"date":"2025-08-09T11:19:35","date_gmt":"2025-08-09T09:19:35","guid":{"rendered":"https:\/\/lucacastelli.com\/prodotto\/milwaukee-m18-fuel-one-key-sawzall-gerade-saege\/"},"modified":"2026-04-15T12:07:40","modified_gmt":"2026-04-15T10:07:40","slug":"milwaukee-m18-fuel-one-key-sawzall-gerade-saege","status":"publish","type":"product","link":"https:\/\/lucacastelli.com\/de\/produkt\/milwaukee-m18-fuel-one-key-sawzall-gerade-saege\/","title":{"rendered":"MILWAUKEE Recipros\u00e4ge M18 FUEL\u2122 ONE KEY\u2122 SAWZALL\u2122"},"content":{"rendered":"<p>M18ONEFSZ-0 RECIPROS\u00c4GE AKKU<br \/>\nRecipros\u00e4ge M18 FUEL\u2122 SAWZALL\u2122 mit ONE-KEY\u2122 Technologie; Bluetooth\u00a9-Verbindung mit der ONE-KEY\u2122 App; Vollst\u00e4ndige Anpassung des Werkzeugs \u00fcber die ONE-KEY\u2122 App, um das Werkzeug nach Ihren Bed\u00fcrfnissen zu konfigurieren; Das ONE-KEY\u2122 Tracking &amp; Security System bietet kostenlos einen cloudbasierten Tracking- und Inventarverwaltungsservice mit Fernverriegelungsfunktion; Der einstellbare Sanftanlauf gew\u00e4hrleistet pr\u00e4zise und schnelle Schnitte in allen Materialien und minimiert S\u00e4geblattschwingungen w\u00e4hrend des Schneidens; Die Schnittoptimierung erm\u00f6glicht eine l\u00e4ngere S\u00e4geblattlebensdauer und ein leichteres Schneiden in verschiedenen Materialien; M\u00f6glichkeit zur Aktivierung der Schnittbremse: Das Werkzeug stoppt automatisch, sobald der laufende Schnitt beendet ist, um ein versehentliches Besch\u00e4digen angrenzender Materialien zu vermeiden; Speichern Sie bis zu 3 Anpassungen der Schnittgeschwindigkeit und der am h\u00e4ufigsten verwendeten Konfigurationen auf dem Werkzeug; Funktioniert mit allen M18\u2122 MILWAUKEE\u00ae Akkus<\/p>\n<p>4933499161<br \/>\n4058546530303<\/p>\n","protected":false},"excerpt":{"rendered":"<p>M18ONEFSZ-0 RECIPROS\u00c4GE AKKU<\/p>\n","protected":false},"featured_media":587778,"template":"","meta":{"_seopress_robots_primary_cat":"","_seopress_titles_title":"","_seopress_titles_desc":"","_seopress_robots_index":""},"product_brand":[3407],"product_cat":[29,514,558],"product_tag":[3270],"class_list":{"0":"post-624275","1":"product","2":"type-product","3":"status-publish","4":"has-post-thumbnail","6":"product_brand-milwaukee","7":"product_cat-macchinari","8":"product_cat-altri-dispositivi","9":"product_cat-seghe-accessori-vari","10":"product_tag-import-milwau","11":"sws-conto-ricavi-merci-rivendita-macchinari-de","12":"sws-gruppo-iva-iva81-de","14":"first","15":"onbackorder","16":"sale","17":"shipping-taxable","18":"purchasable","19":"product-type-simple"},"_links":{"self":[{"href":"https:\/\/lucacastelli.com\/de\/wp-json\/wp\/v2\/product\/624275","targetHints":{"allow":["GET"]}}],"collection":[{"href":"https:\/\/lucacastelli.com\/de\/wp-json\/wp\/v2\/product"}],"about":[{"href":"https:\/\/lucacastelli.com\/de\/wp-json\/wp\/v2\/types\/product"}],"wp:featuredmedia":[{"embeddable":true,"href":"https:\/\/lucacastelli.com\/de\/wp-json\/wp\/v2\/media\/587778"}],"wp:attachment":[{"href":"https:\/\/lucacastelli.com\/de\/wp-json\/wp\/v2\/media?parent=624275"}],"wp:term":[{"taxonomy":"product_brand","embeddable":true,"href":"https:\/\/lucacastelli.com\/de\/wp-json\/wp\/v2\/product_brand?post=624275"},{"taxonomy":"product_cat","embeddable":true,"href":"https:\/\/lucacastelli.com\/de\/wp-json\/wp\/v2\/product_cat?post=624275"},{"taxonomy":"product_tag","embeddable":true,"href":"https:\/\/lucacastelli.com\/de\/wp-json\/wp\/v2\/product_tag?post=624275"}],"curies":[{"name":"wp","href":"https:\/\/api.w.org\/{rel}","templated":true}]}}