{"id":624273,"date":"2025-08-09T11:19:31","date_gmt":"2025-08-09T09:19:31","guid":{"rendered":"https:\/\/lucacastelli.com\/prodotto\/milwaukee-stichsaege-mit-knaufgriff\/"},"modified":"2025-08-09T11:19:31","modified_gmt":"2025-08-09T09:19:31","slug":"milwaukee-stichsaege-mit-knaufgriff","status":"publish","type":"product","link":"https:\/\/lucacastelli.com\/de\/produkt\/milwaukee-stichsaege-mit-knaufgriff\/","title":{"rendered":"Milwaukee Stichs\u00e4ge mit Knaufgriff"},"content":{"rendered":"<p>FSPE 110 X \/ ALTERNATIVE SAWS<br \/>\nKompaktes und leichtes Design f\u00fcr einfachen Griff bei jeder Anwendung;Leistungsstarker 710 W Motor;Pr\u00e4zise Klingenf\u00fchrung f\u00fcr exakte Schnitte;Patentiertes FIXTEC\u2122 System f\u00fcr einfachen Klingenwechsel;Variable elektronische Geschwindigkeit, Soft-Start und konstante Geschwindigkeit unter Last;<br \/>\nPendelbewegungseinstellung in vier Positionen zur Erh\u00f6hung der Schnittleistung und Verl\u00e4ngerung der Klingenlebensdauer;Luftstromeinstellung f\u00fcr Blasen oder Saugen;Geringe Vibration dank Anti-Vibrations-Technologie und Softgrip;4 m Kabel<\/p>\n<p>4933357990 4002395229185<\/p>\n","protected":false},"excerpt":{"rendered":"<p>FSPE 110 X \/ STICHS\u00c4GEN<\/p>\n","protected":false},"featured_media":568078,"template":"","meta":{"_seopress_robots_primary_cat":"","_seopress_titles_title":"","_seopress_titles_desc":"","_seopress_robots_index":""},"product_brand":[3407],"product_cat":[29,514,558],"product_tag":[3270],"class_list":{"0":"post-624273","1":"product","2":"type-product","3":"status-publish","4":"has-post-thumbnail","6":"product_brand-milwaukee","7":"product_cat-macchinari","8":"product_cat-altri-dispositivi","9":"product_cat-seghe-accessori-vari","10":"product_tag-import-milwau","11":"sws-conto-ricavi-merci-rivendita-macchinari-de","12":"sws-gruppo-iva-iva81-de","14":"first","15":"onbackorder","16":"sale","17":"shipping-taxable","18":"purchasable","19":"product-type-simple"},"_links":{"self":[{"href":"https:\/\/lucacastelli.com\/de\/wp-json\/wp\/v2\/product\/624273","targetHints":{"allow":["GET"]}}],"collection":[{"href":"https:\/\/lucacastelli.com\/de\/wp-json\/wp\/v2\/product"}],"about":[{"href":"https:\/\/lucacastelli.com\/de\/wp-json\/wp\/v2\/types\/product"}],"wp:featuredmedia":[{"embeddable":true,"href":"https:\/\/lucacastelli.com\/de\/wp-json\/wp\/v2\/media\/568078"}],"wp:attachment":[{"href":"https:\/\/lucacastelli.com\/de\/wp-json\/wp\/v2\/media?parent=624273"}],"wp:term":[{"taxonomy":"product_brand","embeddable":true,"href":"https:\/\/lucacastelli.com\/de\/wp-json\/wp\/v2\/product_brand?post=624273"},{"taxonomy":"product_cat","embeddable":true,"href":"https:\/\/lucacastelli.com\/de\/wp-json\/wp\/v2\/product_cat?post=624273"},{"taxonomy":"product_tag","embeddable":true,"href":"https:\/\/lucacastelli.com\/de\/wp-json\/wp\/v2\/product_tag?post=624273"}],"curies":[{"name":"wp","href":"https:\/\/api.w.org\/{rel}","templated":true}]}}