{"id":624272,"date":"2025-08-09T11:19:29","date_gmt":"2025-08-09T09:19:29","guid":{"rendered":"https:\/\/lucacastelli.com\/prodotto\/milwaukee-m18-fuel-stichsaege-mit-buegelgriff\/"},"modified":"2025-08-09T11:19:29","modified_gmt":"2025-08-09T09:19:29","slug":"milwaukee-m18-fuel-stichsaege-mit-buegelgriff","status":"publish","type":"product","link":"https:\/\/lucacastelli.com\/de\/produkt\/milwaukee-m18-fuel-stichsaege-mit-buegelgriff\/","title":{"rendered":"Milwaukee M18 FUEL Stichs\u00e4ge mit B\u00fcgelgriff"},"content":{"rendered":"<p>M18FJS-0 SEGHET. BATTERIE ALTER.<br \/>\nDer b\u00fcrstenlose Milwaukee\u00ae POWERSTATE\u2122-Motor sorgt f\u00fcr schnelle Schnitte, eine l\u00e4ngere Lebensdauer und eine Schnittreichweite von bis zu 32 m auf 19 mm dickem Sperrholz (mit einem 5.0 Ah);Die intelligente REDLINK PLUS\u2122-Elektronik bietet einen fortschrittlichen digitalen \u00dcberlastungsschutz f\u00fcr Werkzeug und Akku und verbessert die Leistung des Werkzeugs unter Last erheblich;Der REDLITHIUM\u2122-Akkupack bietet eine \u00fcberlegene Akku-Konstruktion, Elektronik und gleichbleibende Leistung f\u00fcr mehr Reichweite und mehr Arbeit \u00fcber die gesamte Lebensdauer des Akkus;Das von Milwaukee\u00ae patentierte FIXTEC-System erm\u00f6glicht einen einfachen Klingenwechsel;0 &#8211; 45\u00b0 Schnittwinkelverstellung;5 verschiedene Pendelbewegungseinstellungen;Adapter (im Lieferumfang enthalten) f\u00fcr den Anschluss an einen externen Staubsauger;LED-Licht zur Beleuchtung des Arbeitsbereichs;Weicher, abnehmbarer Schuhboden, um Abdr\u00fccke und Kratzer beim Schneiden in weichen Materialien zu vermeiden;Funktioniert mit allen Milwaukee M18-Akkus  <\/p>\n<p>4933499153<br \/>\n4058546530228<\/p>\n","protected":false},"excerpt":{"rendered":"<p>M18FJS-0 SEGHET. BATTERIE ALTER. <\/p>\n","protected":false},"featured_media":587682,"template":"","meta":{"_seopress_robots_primary_cat":"","_seopress_titles_title":"","_seopress_titles_desc":"","_seopress_robots_index":""},"product_brand":[3407],"product_cat":[29,514,558],"product_tag":[3270],"class_list":{"0":"post-624272","1":"product","2":"type-product","3":"status-publish","4":"has-post-thumbnail","6":"product_brand-milwaukee","7":"product_cat-macchinari","8":"product_cat-altri-dispositivi","9":"product_cat-seghe-accessori-vari","10":"product_tag-import-milwau","11":"sws-conto-ricavi-merci-rivendita-macchinari-de","12":"sws-gruppo-iva-iva81-de","14":"first","15":"onbackorder","16":"sale","17":"shipping-taxable","18":"purchasable","19":"product-type-simple"},"_links":{"self":[{"href":"https:\/\/lucacastelli.com\/de\/wp-json\/wp\/v2\/product\/624272","targetHints":{"allow":["GET"]}}],"collection":[{"href":"https:\/\/lucacastelli.com\/de\/wp-json\/wp\/v2\/product"}],"about":[{"href":"https:\/\/lucacastelli.com\/de\/wp-json\/wp\/v2\/types\/product"}],"wp:featuredmedia":[{"embeddable":true,"href":"https:\/\/lucacastelli.com\/de\/wp-json\/wp\/v2\/media\/587682"}],"wp:attachment":[{"href":"https:\/\/lucacastelli.com\/de\/wp-json\/wp\/v2\/media?parent=624272"}],"wp:term":[{"taxonomy":"product_brand","embeddable":true,"href":"https:\/\/lucacastelli.com\/de\/wp-json\/wp\/v2\/product_brand?post=624272"},{"taxonomy":"product_cat","embeddable":true,"href":"https:\/\/lucacastelli.com\/de\/wp-json\/wp\/v2\/product_cat?post=624272"},{"taxonomy":"product_tag","embeddable":true,"href":"https:\/\/lucacastelli.com\/de\/wp-json\/wp\/v2\/product_tag?post=624272"}],"curies":[{"name":"wp","href":"https:\/\/api.w.org\/{rel}","templated":true}]}}