{"id":624267,"date":"2025-08-09T11:19:30","date_gmt":"2025-08-09T09:19:30","guid":{"rendered":"https:\/\/lucacastelli.com\/prodotto\/milwaukee-stichsaege-mit-buegelgriff\/"},"modified":"2025-08-09T11:19:30","modified_gmt":"2025-08-09T09:19:30","slug":"milwaukee-stichsaege-mit-buegelgriff","status":"publish","type":"product","link":"https:\/\/lucacastelli.com\/de\/produkt\/milwaukee-stichsaege-mit-buegelgriff\/","title":{"rendered":"Milwaukee Stichs\u00e4ge mit B\u00fcgelgriff"},"content":{"rendered":"<p>JSPE 135 TX \/ Stichs\u00e4gen<br \/>\nRobuste Stichs\u00e4ge, ideal f\u00fcr schnelle Schnitte in Holz, Aluminium und Keramik;Leistungsstarker 750 W Motor;Pr\u00e4zise Blattf\u00fchrung f\u00fcr exakte Schnitte;Patentiertes FIXTEC\u2122 System f\u00fcr einfachen Blattwechsel;Variable elektronische Geschwindigkeit, Soft-Start und konstante Geschwindigkeit unter Last;Pendelbewegungseinstellung in vier Positionen zur Erh\u00f6hung der Schnittleistung und Verl\u00e4ngerung der Klingenlebensdauer; Luftstromeinstellung f\u00fcr Gebl\u00e4se oder Absaugung; LED-Licht f\u00fcr hervorragende Sichtbarkeit des Schnittbereichs; 4 m Kabel<\/p>\n<p>4933381230<br \/>\n4002395232529<\/p>\n","protected":false},"excerpt":{"rendered":"<p>JSPE 135 TX \/ STICHS\u00c4GEN<\/p>\n","protected":false},"featured_media":568207,"template":"","meta":{"_seopress_robots_primary_cat":"","_seopress_titles_title":"","_seopress_titles_desc":"","_seopress_robots_index":""},"product_brand":[3407],"product_cat":[29,514,558],"product_tag":[3270],"class_list":{"0":"post-624267","1":"product","2":"type-product","3":"status-publish","4":"has-post-thumbnail","6":"product_brand-milwaukee","7":"product_cat-macchinari","8":"product_cat-altri-dispositivi","9":"product_cat-seghe-accessori-vari","10":"product_tag-import-milwau","11":"sws-conto-ricavi-merci-rivendita-macchinari-de","12":"sws-gruppo-iva-iva81-de","14":"first","15":"onbackorder","16":"sale","17":"shipping-taxable","18":"purchasable","19":"product-type-simple"},"_links":{"self":[{"href":"https:\/\/lucacastelli.com\/de\/wp-json\/wp\/v2\/product\/624267","targetHints":{"allow":["GET"]}}],"collection":[{"href":"https:\/\/lucacastelli.com\/de\/wp-json\/wp\/v2\/product"}],"about":[{"href":"https:\/\/lucacastelli.com\/de\/wp-json\/wp\/v2\/types\/product"}],"wp:featuredmedia":[{"embeddable":true,"href":"https:\/\/lucacastelli.com\/de\/wp-json\/wp\/v2\/media\/568207"}],"wp:attachment":[{"href":"https:\/\/lucacastelli.com\/de\/wp-json\/wp\/v2\/media?parent=624267"}],"wp:term":[{"taxonomy":"product_brand","embeddable":true,"href":"https:\/\/lucacastelli.com\/de\/wp-json\/wp\/v2\/product_brand?post=624267"},{"taxonomy":"product_cat","embeddable":true,"href":"https:\/\/lucacastelli.com\/de\/wp-json\/wp\/v2\/product_cat?post=624267"},{"taxonomy":"product_tag","embeddable":true,"href":"https:\/\/lucacastelli.com\/de\/wp-json\/wp\/v2\/product_tag?post=624267"}],"curies":[{"name":"wp","href":"https:\/\/api.w.org\/{rel}","templated":true}]}}