{"id":624264,"date":"2025-08-09T11:19:22","date_gmt":"2025-08-09T09:19:22","guid":{"rendered":"https:\/\/lucacastelli.com\/prodotto\/milwaukee-m18-fuel-hackzall-geradlinige-saege\/"},"modified":"2025-08-09T11:19:22","modified_gmt":"2025-08-09T09:19:22","slug":"milwaukee-m18-fuel-hackzall-geradlinige-saege","status":"publish","type":"product","link":"https:\/\/lucacastelli.com\/de\/produkt\/milwaukee-m18-fuel-hackzall-geradlinige-saege\/","title":{"rendered":"Milwaukee M18 FUEL HACKZALL\u2122 Geradlinige S\u00e4ge"},"content":{"rendered":"<p>M18FHZ-0 GERADE S\u00c4GE BATT.<br \/>\nPOWERSTATE\u2122 b\u00fcrstenloser Motor, der die Produktivit\u00e4t steigert, l\u00e4nger h\u00e4lt und maximale Leistung liefert;Intelligentes REDLINK PLUS\u2122 System bietet fortschrittlichen digitalen \u00dcberlastungsschutz f\u00fcr Werkzeuge und Akkus und verbessert die Leistung des Werkzeugs unter Last drastisch;REDLITHIUM\u2122-Akku bietet eine \u00fcberlegene Akku-Konstruktion, Elektronik und gleichbleibende Leistung f\u00fcr mehr Laufzeit und mehr Arbeit \u00fcber die gesamte Lebensdauer des Akkus;22 mm Klingenhub und bis zu 3000 U\/min;Schwenkbarer Schuh, der die Schneidleistung optimiert;Integriertes LED-Licht f\u00fcr bessere Sichtbarkeit in schwach beleuchteten Bereichen<\/p>\n<p>4933498064<br \/>\n4058546512248<\/p>\n","protected":false},"excerpt":{"rendered":"<p>M18FHZ-0 GERADE S\u00c4GE BATT.<\/p>\n","protected":false},"featured_media":586941,"template":"","meta":{"_seopress_robots_primary_cat":"","_seopress_titles_title":"","_seopress_titles_desc":"","_seopress_robots_index":""},"product_brand":[3407],"product_cat":[29,514,558],"product_tag":[3270],"class_list":{"0":"post-624264","1":"product","2":"type-product","3":"status-publish","4":"has-post-thumbnail","6":"product_brand-milwaukee","7":"product_cat-macchinari","8":"product_cat-altri-dispositivi","9":"product_cat-seghe-accessori-vari","10":"product_tag-import-milwau","11":"sws-conto-ricavi-merci-rivendita-macchinari-de","12":"sws-gruppo-iva-iva81-de","14":"first","15":"onbackorder","16":"sale","17":"shipping-taxable","18":"purchasable","19":"product-type-simple"},"_links":{"self":[{"href":"https:\/\/lucacastelli.com\/de\/wp-json\/wp\/v2\/product\/624264","targetHints":{"allow":["GET"]}}],"collection":[{"href":"https:\/\/lucacastelli.com\/de\/wp-json\/wp\/v2\/product"}],"about":[{"href":"https:\/\/lucacastelli.com\/de\/wp-json\/wp\/v2\/types\/product"}],"wp:featuredmedia":[{"embeddable":true,"href":"https:\/\/lucacastelli.com\/de\/wp-json\/wp\/v2\/media\/586941"}],"wp:attachment":[{"href":"https:\/\/lucacastelli.com\/de\/wp-json\/wp\/v2\/media?parent=624264"}],"wp:term":[{"taxonomy":"product_brand","embeddable":true,"href":"https:\/\/lucacastelli.com\/de\/wp-json\/wp\/v2\/product_brand?post=624264"},{"taxonomy":"product_cat","embeddable":true,"href":"https:\/\/lucacastelli.com\/de\/wp-json\/wp\/v2\/product_cat?post=624264"},{"taxonomy":"product_tag","embeddable":true,"href":"https:\/\/lucacastelli.com\/de\/wp-json\/wp\/v2\/product_tag?post=624264"}],"curies":[{"name":"wp","href":"https:\/\/api.w.org\/{rel}","templated":true}]}}