{"id":624260,"date":"2025-08-09T11:19:27","date_gmt":"2025-08-09T09:19:27","guid":{"rendered":"https:\/\/lucacastelli.com\/prodotto\/milwaukee-m12-fuel-stichsaege\/"},"modified":"2025-08-09T11:19:27","modified_gmt":"2025-08-09T09:19:27","slug":"milwaukee-m12-fuel-stichsaege","status":"publish","type":"product","link":"https:\/\/lucacastelli.com\/de\/produkt\/milwaukee-m12-fuel-stichsaege\/","title":{"rendered":"Milwaukee M12 FUEL Stichs\u00e4ge"},"content":{"rendered":"<p>M12FJS-0\/ALTERNATIVE SAWS<br \/>\nKompromisslose Leistung, Autonomie zum Schneiden von bis zu 24 Metern 19-mm-Sperrholz mit einem 4-Ah-Akku;FIXTEC\u2122-System f\u00fcr werkzeuglosen Klingenwechsel;6 Geschwindigkeiten k\u00f6nnen ausgew\u00e4hlt werden, um je nach Material pr\u00e4zise und genaue Schnitte durchzuf\u00fchren. Die Klinge startet langsam und beschleunigt dann von selbst, wenn sie auf den Widerstand des Materials st\u00f6\u00dft;3500 H\u00fcbe pro Minute f\u00fcr pr\u00e4zise Schnitte bei gleichzeitiger Reduzierung von Vibrationen und Sp\u00e4nen;Ein Luftstrahl h\u00e4lt die Schnittfl\u00e4che sauber;LEDs sind integriert, um die Arbeitsfl\u00e4che zu beleuchten;Kann manuell ausgeschaltet werden;Abnehmbarer Fu\u00df, um das zu schneidende Material nicht zu besch\u00e4digen;Wird mit einer Klinge, einem DEK 26-Adapter f\u00fcr Staubsauger, einem Staubgitter, einem Splitterschutz und einer Gummibeschichtung geliefert;FUEL-Technologie definiert schnurlose Elektrowerkzeuge neu. B\u00fcrstenloser Motor, REDLINK PLUS\u2122-Elektronik und REDLITHIUM\u2122-Akku bieten \u00fcberragende Leistung und Langlebigkeit;Funktioniert mit allen M12\u2122-Milwaukee-Akkus  <\/p>\n<p>4933493347<br \/>\n4058546482183<\/p>\n","protected":false},"excerpt":{"rendered":"<p>M12FJS-0\/STICHS\u00c4GEN<\/p>\n","protected":false},"featured_media":599943,"template":"","meta":{"_seopress_robots_primary_cat":"","_seopress_titles_title":"","_seopress_titles_desc":"","_seopress_robots_index":""},"product_brand":[3407],"product_cat":[29,514,558],"product_tag":[3270],"class_list":{"0":"post-624260","1":"product","2":"type-product","3":"status-publish","4":"has-post-thumbnail","6":"product_brand-milwaukee","7":"product_cat-macchinari","8":"product_cat-altri-dispositivi","9":"product_cat-seghe-accessori-vari","10":"product_tag-import-milwau","11":"sws-conto-ricavi-merci-rivendita-macchinari-de","12":"sws-gruppo-iva-iva81-de","14":"first","15":"onbackorder","16":"sale","17":"shipping-taxable","18":"purchasable","19":"product-type-simple"},"_links":{"self":[{"href":"https:\/\/lucacastelli.com\/de\/wp-json\/wp\/v2\/product\/624260","targetHints":{"allow":["GET"]}}],"collection":[{"href":"https:\/\/lucacastelli.com\/de\/wp-json\/wp\/v2\/product"}],"about":[{"href":"https:\/\/lucacastelli.com\/de\/wp-json\/wp\/v2\/types\/product"}],"wp:featuredmedia":[{"embeddable":true,"href":"https:\/\/lucacastelli.com\/de\/wp-json\/wp\/v2\/media\/599943"}],"wp:attachment":[{"href":"https:\/\/lucacastelli.com\/de\/wp-json\/wp\/v2\/media?parent=624260"}],"wp:term":[{"taxonomy":"product_brand","embeddable":true,"href":"https:\/\/lucacastelli.com\/de\/wp-json\/wp\/v2\/product_brand?post=624260"},{"taxonomy":"product_cat","embeddable":true,"href":"https:\/\/lucacastelli.com\/de\/wp-json\/wp\/v2\/product_cat?post=624260"},{"taxonomy":"product_tag","embeddable":true,"href":"https:\/\/lucacastelli.com\/de\/wp-json\/wp\/v2\/product_tag?post=624260"}],"curies":[{"name":"wp","href":"https:\/\/api.w.org\/{rel}","templated":true}]}}