{"id":624259,"date":"2025-08-09T11:16:32","date_gmt":"2025-08-09T09:16:32","guid":{"rendered":"https:\/\/lucacastelli.com\/prodotto\/milwaukee-360-laserhalterung-fuer-linearlaser\/"},"modified":"2025-08-09T11:16:32","modified_gmt":"2025-08-09T09:16:32","slug":"milwaukee-360-laserhalterung-fuer-linearlaser","status":"publish","type":"product","link":"https:\/\/lucacastelli.com\/de\/produkt\/milwaukee-360-laserhalterung-fuer-linearlaser\/","title":{"rendered":"Milwaukee 360\u00b0-Laserhalterung f\u00fcr Linearlaser"},"content":{"rendered":"<p>LM360 \/LASER LEVELS unt<br \/>\nDie Milwaukee\u00ae 360\u00b0-Laserhalterung garantiert ein schnelles und vielseitiges Aufstellen.Kompatibel mit allen Milwaukee\u00ae-Lasern, maximale Einstellbarkeit; Mikroverstellsystem f\u00fcr schnelle und pr\u00e4zise vertikale und horizontale Ausrichtung; Magnete an den Seiten f\u00fcr feste Befestigung auch auf d\u00fcnnem Stahl; maximale Befestigungsvielfalt dank integrierter L\u00f6cher; 1\/4\u02dd- und 5\/8\u02dd-Gewinde, kompatibel mit den meisten Stativen<\/p>\n<p>4932478105<\/p>\n","protected":false},"excerpt":{"rendered":"<p>LM360 \/LASER LEVELS unt<\/p>\n","protected":false},"featured_media":539900,"template":"","meta":{"_seopress_robots_primary_cat":"","_seopress_titles_title":"","_seopress_titles_desc":"","_seopress_robots_index":""},"product_brand":[3407],"product_cat":[29,514,551],"product_tag":[3270],"class_list":{"0":"post-624259","1":"product","2":"type-product","3":"status-publish","4":"has-post-thumbnail","6":"product_brand-milwaukee","7":"product_cat-macchinari","8":"product_cat-altri-dispositivi","9":"product_cat-apparecchi-di-misurazione","10":"product_tag-import-milwau","11":"sws-conto-ricavi-merci-rivendita-macchinari-de","12":"sws-gruppo-iva-iva81-de","14":"first","15":"onbackorder","16":"sale","17":"shipping-taxable","18":"purchasable","19":"product-type-simple"},"_links":{"self":[{"href":"https:\/\/lucacastelli.com\/de\/wp-json\/wp\/v2\/product\/624259","targetHints":{"allow":["GET"]}}],"collection":[{"href":"https:\/\/lucacastelli.com\/de\/wp-json\/wp\/v2\/product"}],"about":[{"href":"https:\/\/lucacastelli.com\/de\/wp-json\/wp\/v2\/types\/product"}],"wp:featuredmedia":[{"embeddable":true,"href":"https:\/\/lucacastelli.com\/de\/wp-json\/wp\/v2\/media\/539900"}],"wp:attachment":[{"href":"https:\/\/lucacastelli.com\/de\/wp-json\/wp\/v2\/media?parent=624259"}],"wp:term":[{"taxonomy":"product_brand","embeddable":true,"href":"https:\/\/lucacastelli.com\/de\/wp-json\/wp\/v2\/product_brand?post=624259"},{"taxonomy":"product_cat","embeddable":true,"href":"https:\/\/lucacastelli.com\/de\/wp-json\/wp\/v2\/product_cat?post=624259"},{"taxonomy":"product_tag","embeddable":true,"href":"https:\/\/lucacastelli.com\/de\/wp-json\/wp\/v2\/product_tag?post=624259"}],"curies":[{"name":"wp","href":"https:\/\/api.w.org\/{rel}","templated":true}]}}