{"id":624251,"date":"2025-08-09T19:22:32","date_gmt":"2025-08-09T17:22:32","guid":{"rendered":"https:\/\/lucacastelli.com\/prodotto\/milwaukee-multimaterial-tip-14x260-mm\/"},"modified":"2025-08-09T19:22:32","modified_gmt":"2025-08-09T17:22:32","slug":"milwaukee-multimaterial-tip-14x260-mm","status":"publish","type":"product","link":"https:\/\/lucacastelli.com\/de\/produkt\/milwaukee-multimaterial-tip-14x260-mm\/","title":{"rendered":"Milwaukee MULTIMATERIAL TIP 14&#215;260 MM"},"content":{"rendered":"<p>MULTIMATERIAL BIT 14&#215;260 MM<br \/>\nEntwickelt f\u00fcr den Einsatz mit Schlagschraubern und Bohrmaschinen\/Schraubendrehern;Schneide aus Wolframkarbid (TCT) erm\u00f6glicht das Bohren in Beton, Ziegeln, Dachziegeln, Betonbl\u00f6cken, d\u00fcnnem Metall, mittelweichen Keramikfliesen, allen Arten von Holz und PVC;Wei\u00dfe Rille zur einfachen Identifizierung<\/p>\n<p>4932493877<br \/>\n4058546510374<\/p>\n","protected":false},"excerpt":{"rendered":"<p>MULTIMATERIAL TIP 14&#215;260 MM<\/p>\n","protected":false},"featured_media":564590,"template":"","meta":{"_seopress_robots_primary_cat":"","_seopress_titles_title":"","_seopress_titles_desc":"","_seopress_robots_index":""},"product_brand":[3407],"product_cat":[29,549,550],"product_tag":[3270],"class_list":{"0":"post-624251","1":"product","2":"type-product","3":"status-publish","4":"has-post-thumbnail","6":"product_brand-milwaukee","7":"product_cat-macchinari","8":"product_cat-trapani-e-avvitatori","9":"product_cat-accessori-per-trapani-ed-avvitatori","10":"product_tag-import-milwau","11":"sws-conto-ricavi-merci-rivendita-macchinari-de","12":"sws-gruppo-iva-iva81-de","14":"first","15":"onbackorder","16":"sale","17":"shipping-taxable","18":"purchasable","19":"product-type-simple"},"_links":{"self":[{"href":"https:\/\/lucacastelli.com\/de\/wp-json\/wp\/v2\/product\/624251","targetHints":{"allow":["GET"]}}],"collection":[{"href":"https:\/\/lucacastelli.com\/de\/wp-json\/wp\/v2\/product"}],"about":[{"href":"https:\/\/lucacastelli.com\/de\/wp-json\/wp\/v2\/types\/product"}],"wp:featuredmedia":[{"embeddable":true,"href":"https:\/\/lucacastelli.com\/de\/wp-json\/wp\/v2\/media\/564590"}],"wp:attachment":[{"href":"https:\/\/lucacastelli.com\/de\/wp-json\/wp\/v2\/media?parent=624251"}],"wp:term":[{"taxonomy":"product_brand","embeddable":true,"href":"https:\/\/lucacastelli.com\/de\/wp-json\/wp\/v2\/product_brand?post=624251"},{"taxonomy":"product_cat","embeddable":true,"href":"https:\/\/lucacastelli.com\/de\/wp-json\/wp\/v2\/product_cat?post=624251"},{"taxonomy":"product_tag","embeddable":true,"href":"https:\/\/lucacastelli.com\/de\/wp-json\/wp\/v2\/product_tag?post=624251"}],"curies":[{"name":"wp","href":"https:\/\/api.w.org\/{rel}","templated":true}]}}