{"id":624250,"date":"2025-08-09T19:22:41","date_gmt":"2025-08-09T17:22:41","guid":{"rendered":"https:\/\/lucacastelli.com\/prodotto\/milwaukee-multimaterial-bit-7x150-mm\/"},"modified":"2025-08-09T19:22:41","modified_gmt":"2025-08-09T17:22:41","slug":"milwaukee-multimaterial-bit-7x150-mm","status":"publish","type":"product","link":"https:\/\/lucacastelli.com\/de\/produkt\/milwaukee-multimaterial-bit-7x150-mm\/","title":{"rendered":"Milwaukee MULTIMATERIAL-BIT 7&#215;150 MM"},"content":{"rendered":"<p>MULTIMATERIAL BIT 7&#215;150 MM<br \/>\nEntwickelt f\u00fcr den Einsatz mit Schlagschraubern und Bohrmaschinen\/Schraubendrehern;Schneide aus Wolframkarbid (TCT) erm\u00f6glicht das Bohren in Beton, Ziegeln, Dachziegeln, Betonbl\u00f6cken, d\u00fcnnem Metall, mittelweichen Keramikfliesen, allen Arten von Holz und PVC;Wei\u00dfe Rille zur einfachen Identifizierung<\/p>\n<p>4932493875<br \/>\n4058546510350<\/p>\n","protected":false},"excerpt":{"rendered":"<p>MULTIMATERIAL SPITZE 7&#215;150 MM<\/p>\n","protected":false},"featured_media":600331,"template":"","meta":{"_seopress_robots_primary_cat":"","_seopress_titles_title":"","_seopress_titles_desc":"","_seopress_robots_index":""},"product_brand":[3656],"product_cat":[1553,169,1554],"product_tag":[3272],"class_list":{"0":"post-624250","1":"product","2":"type-product","3":"status-publish","4":"has-post-thumbnail","6":"product_brand-milwaukee-de","7":"product_cat-bohrer-und-schraubendreher","8":"product_cat-maschinen","9":"product_cat-zubehor-fur-bohrmaschinen-und-schraubendreher","10":"product_tag-import-milwau-de","11":"sws-conto-ricavi-merci-rivendita-macchinari-de","12":"sws-gruppo-iva-iva81-de","14":"first","15":"onbackorder","16":"sale","17":"shipping-taxable","18":"purchasable","19":"product-type-simple"},"_links":{"self":[{"href":"https:\/\/lucacastelli.com\/de\/wp-json\/wp\/v2\/product\/624250","targetHints":{"allow":["GET"]}}],"collection":[{"href":"https:\/\/lucacastelli.com\/de\/wp-json\/wp\/v2\/product"}],"about":[{"href":"https:\/\/lucacastelli.com\/de\/wp-json\/wp\/v2\/types\/product"}],"wp:featuredmedia":[{"embeddable":true,"href":"https:\/\/lucacastelli.com\/de\/wp-json\/wp\/v2\/media\/600331"}],"wp:attachment":[{"href":"https:\/\/lucacastelli.com\/de\/wp-json\/wp\/v2\/media?parent=624250"}],"wp:term":[{"taxonomy":"product_brand","embeddable":true,"href":"https:\/\/lucacastelli.com\/de\/wp-json\/wp\/v2\/product_brand?post=624250"},{"taxonomy":"product_cat","embeddable":true,"href":"https:\/\/lucacastelli.com\/de\/wp-json\/wp\/v2\/product_cat?post=624250"},{"taxonomy":"product_tag","embeddable":true,"href":"https:\/\/lucacastelli.com\/de\/wp-json\/wp\/v2\/product_tag?post=624250"}],"curies":[{"name":"wp","href":"https:\/\/api.w.org\/{rel}","templated":true}]}}