{"id":624244,"date":"2025-08-09T11:38:27","date_gmt":"2025-08-09T09:38:27","guid":{"rendered":"https:\/\/lucacastelli.com\/prodotto\/milwaukee-metallbohrer-hss-g-titanium-shockwave-11\/"},"modified":"2025-08-09T11:38:27","modified_gmt":"2025-08-09T09:38:27","slug":"milwaukee-metallbohrer-hss-g-titanium-shockwave-11","status":"publish","type":"product","link":"https:\/\/lucacastelli.com\/de\/produkt\/milwaukee-metallbohrer-hss-g-titanium-shockwave-11\/","title":{"rendered":"Milwaukee Metallbohrer HSS-G TITANIUM SHOCKWAVE"},"content":{"rendered":"<p>REDHEX HSS-G 3,3X66,5MM &#8211; 2 St\u00fcck<br \/>\nBohrer mit 1\/4Zoll-Sechskantschaft, optimiert f\u00fcr Schlagschrauber; Titan-Nitrid-Beschichtung k\u00fchlt den Bohrer und erm\u00f6glicht den Einsatz auch bei hohen Drehzahlen; 135\u00b0-Winkelgeometrie des Bohrers reduziert den Schlupf des Bohrers und erm\u00f6glicht maximale Bohrgenauigkeit, ohne den Bohrer zu \u00fcberhitzen; variable Spannutkonstruktion. Dies erm\u00f6glicht einen schnelleren Materialauswurf und reduziert die W\u00e4rmeentwicklung, was zu einer h\u00f6heren Effizienz f\u00fchrt;St\u00e4rkeres Design f\u00fcr eine l\u00e4ngere Haltbarkeit und Lebensdauer des Bohrers;H\u00f6here Vielseitigkeit durch den 1\/4Zoll Sechskantschaft, der die Verwendung auf Bohrmaschinen und Schlagschraubern erm\u00f6glicht <\/p>\n<p>4932471089<br \/>\n4058546287177<\/p>\n","protected":false},"excerpt":{"rendered":"<p>REDHEX HSS-G BITCH 3.3X66.5MM -2Stk.<\/p>\n","protected":false},"featured_media":530698,"template":"","meta":{"_seopress_robots_primary_cat":"","_seopress_titles_title":"","_seopress_titles_desc":"","_seopress_robots_index":""},"product_brand":[3656],"product_cat":[1454,1553,169,1554],"product_tag":[3272],"class_list":{"0":"post-624244","1":"product","2":"type-product","3":"status-publish","4":"has-post-thumbnail","6":"product_brand-milwaukee-de","7":"product_cat-andere-gerate","8":"product_cat-bohrer-und-schraubendreher","9":"product_cat-maschinen","10":"product_cat-zubehor-fur-bohrmaschinen-und-schraubendreher","11":"product_tag-import-milwau-de","12":"sws-conto-ricavi-merci-rivendita-macchinari-de","13":"sws-gruppo-iva-iva81-de","15":"first","16":"onbackorder","17":"sale","18":"shipping-taxable","19":"purchasable","20":"product-type-simple"},"_links":{"self":[{"href":"https:\/\/lucacastelli.com\/de\/wp-json\/wp\/v2\/product\/624244","targetHints":{"allow":["GET"]}}],"collection":[{"href":"https:\/\/lucacastelli.com\/de\/wp-json\/wp\/v2\/product"}],"about":[{"href":"https:\/\/lucacastelli.com\/de\/wp-json\/wp\/v2\/types\/product"}],"wp:featuredmedia":[{"embeddable":true,"href":"https:\/\/lucacastelli.com\/de\/wp-json\/wp\/v2\/media\/530698"}],"wp:attachment":[{"href":"https:\/\/lucacastelli.com\/de\/wp-json\/wp\/v2\/media?parent=624244"}],"wp:term":[{"taxonomy":"product_brand","embeddable":true,"href":"https:\/\/lucacastelli.com\/de\/wp-json\/wp\/v2\/product_brand?post=624244"},{"taxonomy":"product_cat","embeddable":true,"href":"https:\/\/lucacastelli.com\/de\/wp-json\/wp\/v2\/product_cat?post=624244"},{"taxonomy":"product_tag","embeddable":true,"href":"https:\/\/lucacastelli.com\/de\/wp-json\/wp\/v2\/product_tag?post=624244"}],"curies":[{"name":"wp","href":"https:\/\/api.w.org\/{rel}","templated":true}]}}