{"id":624229,"date":"2025-08-09T11:38:24","date_gmt":"2025-08-09T09:38:24","guid":{"rendered":"https:\/\/lucacastelli.com\/prodotto\/milwaukee-scalp-fugh-dent-carb-sdsplus125x32mm-1-st\/"},"modified":"2025-08-09T11:38:24","modified_gmt":"2025-08-09T09:38:24","slug":"milwaukee-scalp-fugh-dent-carb-sdsplus125x32mm-1-st","status":"publish","type":"product","link":"https:\/\/lucacastelli.com\/de\/produkt\/milwaukee-scalp-fugh-dent-carb-sdsplus125x32mm-1-st\/","title":{"rendered":"Milwaukee SCALP FUGH DENT CARB SDSPLUS125X32MM 1 St."},"content":{"rendered":"<p>SCALP FUGH DENT CARB SDSPLUS125X32MM 1pcs<br \/>\nWolframkarbid-Vertiefungen;ideal zum Reinigen und Entfernen von M\u00f6rtel aus Fugen, z.B. in Fenster- oder T\u00fcrrahmen;zum Entfernen von kaputten Ziegeln;zum Entfernen von Unebenheiten auf Betonoberfl\u00e4chen<\/p>\n<p>4932472029 4058546324254<\/p>\n","protected":false},"excerpt":{"rendered":"<p>SCALP FUGH DENT CARB SDSPLUS125X32MM 1 St.<\/p>\n","protected":false},"featured_media":538830,"template":"","meta":{"_seopress_robots_primary_cat":"","_seopress_titles_title":"","_seopress_titles_desc":"","_seopress_robots_index":""},"product_brand":[3407],"product_cat":[29,514,549,550],"product_tag":[3270],"class_list":{"0":"post-624229","1":"product","2":"type-product","3":"status-publish","4":"has-post-thumbnail","6":"product_brand-milwaukee","7":"product_cat-macchinari","8":"product_cat-altri-dispositivi","9":"product_cat-trapani-e-avvitatori","10":"product_cat-accessori-per-trapani-ed-avvitatori","11":"product_tag-import-milwau","12":"sws-conto-ricavi-merci-rivendita-macchinari-de","13":"sws-gruppo-iva-iva81-de","15":"first","16":"onbackorder","17":"sale","18":"shipping-taxable","19":"purchasable","20":"product-type-simple"},"_links":{"self":[{"href":"https:\/\/lucacastelli.com\/de\/wp-json\/wp\/v2\/product\/624229","targetHints":{"allow":["GET"]}}],"collection":[{"href":"https:\/\/lucacastelli.com\/de\/wp-json\/wp\/v2\/product"}],"about":[{"href":"https:\/\/lucacastelli.com\/de\/wp-json\/wp\/v2\/types\/product"}],"wp:featuredmedia":[{"embeddable":true,"href":"https:\/\/lucacastelli.com\/de\/wp-json\/wp\/v2\/media\/538830"}],"wp:attachment":[{"href":"https:\/\/lucacastelli.com\/de\/wp-json\/wp\/v2\/media?parent=624229"}],"wp:term":[{"taxonomy":"product_brand","embeddable":true,"href":"https:\/\/lucacastelli.com\/de\/wp-json\/wp\/v2\/product_brand?post=624229"},{"taxonomy":"product_cat","embeddable":true,"href":"https:\/\/lucacastelli.com\/de\/wp-json\/wp\/v2\/product_cat?post=624229"},{"taxonomy":"product_tag","embeddable":true,"href":"https:\/\/lucacastelli.com\/de\/wp-json\/wp\/v2\/product_tag?post=624229"}],"curies":[{"name":"wp","href":"https:\/\/api.w.org\/{rel}","templated":true}]}}