{"id":624225,"date":"2025-08-09T11:26:25","date_gmt":"2025-08-09T09:26:25","guid":{"rendered":"https:\/\/lucacastelli.com\/prodotto\/milwaukee-sds-fluegelmeissel-250x22mm-1-st\/"},"modified":"2025-08-09T11:26:25","modified_gmt":"2025-08-09T09:26:25","slug":"milwaukee-sds-fluegelmeissel-250x22mm-1-st","status":"publish","type":"product","link":"https:\/\/lucacastelli.com\/de\/produkt\/milwaukee-sds-fluegelmeissel-250x22mm-1-st\/","title":{"rendered":"Milwaukee SDS+ Fl\u00fcgelmei\u00dfel 250x22mm -1 St."},"content":{"rendered":"<p>SDS+ Fl\u00fcgelmei\u00dfel 250x22mm -1 St.<br \/>\nDer Schwalbenschwanzmei\u00dfel ist ideal zum Mei\u00dfeln von offenen Kan\u00e4len in Ziegel, Sandstein oder Beton und bietet au\u00dferdem die M\u00f6glichkeit, die Mei\u00dfeltiefe \u00fcber die Seitenfl\u00fcgel zu steuern;Kompatibel mit allen SDS-Plus Bohrh\u00e4mmern;Made in Germany<\/p>\n<p>4932479900<br \/>\n4058546376949<\/p>\n","protected":false},"excerpt":{"rendered":"<p>SDS+ Fl\u00fcgelmei\u00dfel 250x22mm -1 St.<\/p>\n","protected":false},"featured_media":545111,"template":"","meta":{"_seopress_robots_primary_cat":"","_seopress_titles_title":"","_seopress_titles_desc":"","_seopress_robots_index":""},"product_brand":[3407],"product_cat":[29,514,549,550],"product_tag":[3270],"class_list":{"0":"post-624225","1":"product","2":"type-product","3":"status-publish","4":"has-post-thumbnail","6":"product_brand-milwaukee","7":"product_cat-macchinari","8":"product_cat-altri-dispositivi","9":"product_cat-trapani-e-avvitatori","10":"product_cat-accessori-per-trapani-ed-avvitatori","11":"product_tag-import-milwau","12":"sws-conto-ricavi-merci-rivendita-macchinari-de","13":"sws-gruppo-iva-iva81-de","15":"first","16":"onbackorder","17":"sale","18":"shipping-taxable","19":"purchasable","20":"product-type-simple"},"_links":{"self":[{"href":"https:\/\/lucacastelli.com\/de\/wp-json\/wp\/v2\/product\/624225","targetHints":{"allow":["GET"]}}],"collection":[{"href":"https:\/\/lucacastelli.com\/de\/wp-json\/wp\/v2\/product"}],"about":[{"href":"https:\/\/lucacastelli.com\/de\/wp-json\/wp\/v2\/types\/product"}],"wp:featuredmedia":[{"embeddable":true,"href":"https:\/\/lucacastelli.com\/de\/wp-json\/wp\/v2\/media\/545111"}],"wp:attachment":[{"href":"https:\/\/lucacastelli.com\/de\/wp-json\/wp\/v2\/media?parent=624225"}],"wp:term":[{"taxonomy":"product_brand","embeddable":true,"href":"https:\/\/lucacastelli.com\/de\/wp-json\/wp\/v2\/product_brand?post=624225"},{"taxonomy":"product_cat","embeddable":true,"href":"https:\/\/lucacastelli.com\/de\/wp-json\/wp\/v2\/product_cat?post=624225"},{"taxonomy":"product_tag","embeddable":true,"href":"https:\/\/lucacastelli.com\/de\/wp-json\/wp\/v2\/product_tag?post=624225"}],"curies":[{"name":"wp","href":"https:\/\/api.w.org\/{rel}","templated":true}]}}