{"id":624220,"date":"2025-08-09T11:26:26","date_gmt":"2025-08-09T09:26:26","guid":{"rendered":"https:\/\/lucacastelli.com\/prodotto\/milwaukee-sds-max-sledge-flr-scraper-635x152mm-1pc\/"},"modified":"2025-08-09T11:26:26","modified_gmt":"2025-08-09T09:26:26","slug":"milwaukee-sds-max-sledge-flr-scraper-635x152mm-1pc","status":"publish","type":"product","link":"https:\/\/lucacastelli.com\/de\/produkt\/milwaukee-sds-max-sledge-flr-scraper-635x152mm-1pc\/","title":{"rendered":"Milwaukee SDS Max Sledge Flr.Scraper 635x152mm-1pc"},"content":{"rendered":"<p>SDS Max Sledge Flr.Schaber 635x152mm-1pc<br \/>\nMilwaukee SLEDGE\u2122 Mei\u00dfel bleiben l\u00e4nger scharf ;ideal zum Entfernen von Fliesen, Linoleum, Laminat und Klebstoffen;flexible Schneide schneidet schneller durch das Material;152 mm breite Schneide f\u00fcr erh\u00f6hte Produktivit\u00e4t; abgeschr\u00e4gte Schneide reduziert die Gefahr von Besch\u00e4digungen;abgeschr\u00e4gte Schrauben reduzieren die Gefahr des L\u00f6sens;hochwertiger Schmiedestahl f\u00fcr beste Festigkeit<\/p>\n<p>4932480474<br \/>\n4058546407599<\/p>\n","protected":false},"excerpt":{"rendered":"<p>SDS Max Sledge Flr.Scraper 635x152mm-1pc<\/p>\n","protected":false},"featured_media":548593,"template":"","meta":{"_seopress_robots_primary_cat":"","_seopress_titles_title":"","_seopress_titles_desc":"","_seopress_robots_index":""},"product_brand":[3407],"product_cat":[29,514,549,550],"product_tag":[3270],"class_list":{"0":"post-624220","1":"product","2":"type-product","3":"status-publish","4":"has-post-thumbnail","6":"product_brand-milwaukee","7":"product_cat-macchinari","8":"product_cat-altri-dispositivi","9":"product_cat-trapani-e-avvitatori","10":"product_cat-accessori-per-trapani-ed-avvitatori","11":"product_tag-import-milwau","12":"sws-conto-ricavi-merci-rivendita-macchinari-de","13":"sws-gruppo-iva-iva81-de","15":"first","16":"onbackorder","17":"sale","18":"shipping-taxable","19":"purchasable","20":"product-type-simple"},"_links":{"self":[{"href":"https:\/\/lucacastelli.com\/de\/wp-json\/wp\/v2\/product\/624220","targetHints":{"allow":["GET"]}}],"collection":[{"href":"https:\/\/lucacastelli.com\/de\/wp-json\/wp\/v2\/product"}],"about":[{"href":"https:\/\/lucacastelli.com\/de\/wp-json\/wp\/v2\/types\/product"}],"wp:featuredmedia":[{"embeddable":true,"href":"https:\/\/lucacastelli.com\/de\/wp-json\/wp\/v2\/media\/548593"}],"wp:attachment":[{"href":"https:\/\/lucacastelli.com\/de\/wp-json\/wp\/v2\/media?parent=624220"}],"wp:term":[{"taxonomy":"product_brand","embeddable":true,"href":"https:\/\/lucacastelli.com\/de\/wp-json\/wp\/v2\/product_brand?post=624220"},{"taxonomy":"product_cat","embeddable":true,"href":"https:\/\/lucacastelli.com\/de\/wp-json\/wp\/v2\/product_cat?post=624220"},{"taxonomy":"product_tag","embeddable":true,"href":"https:\/\/lucacastelli.com\/de\/wp-json\/wp\/v2\/product_tag?post=624220"}],"curies":[{"name":"wp","href":"https:\/\/api.w.org\/{rel}","templated":true}]}}