{"id":624214,"date":"2025-08-09T11:26:23","date_gmt":"2025-08-09T09:26:23","guid":{"rendered":"https:\/\/lucacastelli.com\/prodotto\/milwaukee-verstellbare-lochsaege-2\/"},"modified":"2025-08-09T11:26:23","modified_gmt":"2025-08-09T09:26:23","slug":"milwaukee-verstellbare-lochsaege-2","status":"publish","type":"product","link":"https:\/\/lucacastelli.com\/de\/produkt\/milwaukee-verstellbare-lochsaege-2\/","title":{"rendered":"Milwaukee Verstellbare Lochs\u00e4ge"},"content":{"rendered":"<p>ADJUSTABLE CUP SAW von D 51 bis 178mm 5pcs<br \/>\nF\u00fcr Anwendungen, bei denen der Lochdurchmesser sehr gro\u00df ist, wie z.B. bei Klimaanlagenrohren, Ventilatoren, Scheinwerfern und Deckendiffusoren; sammelt 100% des Staubs und Schutts; einstellbar in 6,4 mm Schritten f\u00fcr eine Kapazit\u00e4t von 51 bis 178 mm; laserbeschriftet zur besseren Identifizierung des Durchmessers; geeignet f\u00fcr Gipskarton (max. 25 mm) und Zwischendecken. Nicht geeignet f\u00fcr Sperrholz (OSB) <\/p>\n<p>49560260<br \/>\n0045242350261<\/p>\n","protected":false},"excerpt":{"rendered":"<p>ADJUSTABLE CUP SAW D 51 bis 178mm 5Stk.<\/p>\n","protected":false},"featured_media":588129,"template":"","meta":{"_seopress_robots_primary_cat":"","_seopress_titles_title":"","_seopress_titles_desc":"","_seopress_robots_index":""},"product_brand":[3407],"product_cat":[29,514,549,550],"product_tag":[3270],"class_list":{"0":"post-624214","1":"product","2":"type-product","3":"status-publish","4":"has-post-thumbnail","6":"product_brand-milwaukee","7":"product_cat-macchinari","8":"product_cat-altri-dispositivi","9":"product_cat-trapani-e-avvitatori","10":"product_cat-accessori-per-trapani-ed-avvitatori","11":"product_tag-import-milwau","12":"sws-conto-ricavi-merci-rivendita-macchinari-de","13":"sws-gruppo-iva-iva81-de","15":"first","16":"onbackorder","17":"sale","18":"shipping-taxable","19":"purchasable","20":"product-type-simple"},"_links":{"self":[{"href":"https:\/\/lucacastelli.com\/de\/wp-json\/wp\/v2\/product\/624214","targetHints":{"allow":["GET"]}}],"collection":[{"href":"https:\/\/lucacastelli.com\/de\/wp-json\/wp\/v2\/product"}],"about":[{"href":"https:\/\/lucacastelli.com\/de\/wp-json\/wp\/v2\/types\/product"}],"wp:featuredmedia":[{"embeddable":true,"href":"https:\/\/lucacastelli.com\/de\/wp-json\/wp\/v2\/media\/588129"}],"wp:attachment":[{"href":"https:\/\/lucacastelli.com\/de\/wp-json\/wp\/v2\/media?parent=624214"}],"wp:term":[{"taxonomy":"product_brand","embeddable":true,"href":"https:\/\/lucacastelli.com\/de\/wp-json\/wp\/v2\/product_brand?post=624214"},{"taxonomy":"product_cat","embeddable":true,"href":"https:\/\/lucacastelli.com\/de\/wp-json\/wp\/v2\/product_cat?post=624214"},{"taxonomy":"product_tag","embeddable":true,"href":"https:\/\/lucacastelli.com\/de\/wp-json\/wp\/v2\/product_tag?post=624214"}],"curies":[{"name":"wp","href":"https:\/\/api.w.org\/{rel}","templated":true}]}}