{"id":624213,"date":"2025-08-09T11:26:21","date_gmt":"2025-08-09T09:26:21","guid":{"rendered":"https:\/\/lucacastelli.com\/prodotto\/milwaukee-glas-und-fliesenbohrer-10\/"},"modified":"2025-08-09T11:26:21","modified_gmt":"2025-08-09T09:26:21","slug":"milwaukee-glas-und-fliesenbohrer-10","status":"publish","type":"product","link":"https:\/\/lucacastelli.com\/de\/produkt\/milwaukee-glas-und-fliesenbohrer-10\/","title":{"rendered":"Milwaukee Glas- und Fliesenbohrer"},"content":{"rendered":"<p>GLAS- UND FLIESENBOHRER 5X50 MM -1St.<br \/>\nGeeignet zum Bohren von nicht geh\u00e4rtetem Glas, Fliesen mittlerer H\u00e4rte und Keramik; gesch\u00e4rftes Hartmetall f\u00fcr schnelleres Bohren; verst\u00e4rkte Hartmetallschneide f\u00fcr erh\u00f6hte Haltbarkeit; rot gef\u00e4rbte Schneide<\/p>\n<p>4932471957<br \/>\n4058546298562<\/p>\n","protected":false},"excerpt":{"rendered":"<p>GLAS und FLIESENST\u00dcCK 5X50 MM -1St.<\/p>\n","protected":false},"featured_media":538649,"template":"","meta":{"_seopress_robots_primary_cat":"","_seopress_titles_title":"","_seopress_titles_desc":"","_seopress_robots_index":""},"product_brand":[3407],"product_cat":[29,514,549,550],"product_tag":[3270],"class_list":{"0":"post-624213","1":"product","2":"type-product","3":"status-publish","4":"has-post-thumbnail","6":"product_brand-milwaukee","7":"product_cat-macchinari","8":"product_cat-altri-dispositivi","9":"product_cat-trapani-e-avvitatori","10":"product_cat-accessori-per-trapani-ed-avvitatori","11":"product_tag-import-milwau","12":"sws-conto-ricavi-merci-rivendita-macchinari-de","13":"sws-gruppo-iva-iva81-de","15":"first","16":"onbackorder","17":"sale","18":"shipping-taxable","19":"purchasable","20":"product-type-simple"},"_links":{"self":[{"href":"https:\/\/lucacastelli.com\/de\/wp-json\/wp\/v2\/product\/624213","targetHints":{"allow":["GET"]}}],"collection":[{"href":"https:\/\/lucacastelli.com\/de\/wp-json\/wp\/v2\/product"}],"about":[{"href":"https:\/\/lucacastelli.com\/de\/wp-json\/wp\/v2\/types\/product"}],"wp:featuredmedia":[{"embeddable":true,"href":"https:\/\/lucacastelli.com\/de\/wp-json\/wp\/v2\/media\/538649"}],"wp:attachment":[{"href":"https:\/\/lucacastelli.com\/de\/wp-json\/wp\/v2\/media?parent=624213"}],"wp:term":[{"taxonomy":"product_brand","embeddable":true,"href":"https:\/\/lucacastelli.com\/de\/wp-json\/wp\/v2\/product_brand?post=624213"},{"taxonomy":"product_cat","embeddable":true,"href":"https:\/\/lucacastelli.com\/de\/wp-json\/wp\/v2\/product_cat?post=624213"},{"taxonomy":"product_tag","embeddable":true,"href":"https:\/\/lucacastelli.com\/de\/wp-json\/wp\/v2\/product_tag?post=624213"}],"curies":[{"name":"wp","href":"https:\/\/api.w.org\/{rel}","templated":true}]}}