{"id":624200,"date":"2025-08-09T11:26:19","date_gmt":"2025-08-09T09:26:19","guid":{"rendered":"https:\/\/lucacastelli.com\/prodotto\/milwaukee-switchblade-selbstvorschubbits\/"},"modified":"2025-08-09T11:26:19","modified_gmt":"2025-08-09T09:26:19","slug":"milwaukee-switchblade-selbstvorschubbits","status":"publish","type":"product","link":"https:\/\/lucacastelli.com\/de\/produkt\/milwaukee-switchblade-selbstvorschubbits\/","title":{"rendered":"Milwaukee SWITCHBLADE Selbstvorschubbits"},"content":{"rendered":"<p>Holzbohrer SWB Selfeed Bit 65mm-1pc<br \/>\nGeschwindigkeit: Erh\u00f6hte Bohrgeschwindigkeit dank der Zentrierspitze, die das Material sofort angreift und den Bit schneller bohren l\u00e4sst. Dieser Bit-Typ ist etwa 40% schneller als ein Mecchia-Bit und etwa 12% schneller als unser Standard-Selbstbohrer;SWITCHBLADE Ersatzklingen. Das SWITCHBLADE-Wechselklingensystem sorgt daf\u00fcr, dass deine Klinge immer scharf ist. Dies steigert die Produktivit\u00e4t, da die Ausfallzeiten beim Nachsch\u00e4rfen entfallen, und erh\u00f6ht die Gesamtlebensdauer des Bits;Anwendungen: Durchgangsl\u00f6cher f\u00fcr Kupfer-\/Stahl-\/PVC-\/Pex-Rohre, Durchgangsl\u00f6cher f\u00fcr gro\u00dfe Rohre und Leitungen, Durchgangsl\u00f6cher f\u00fcr Dr\u00e4hte und Kabel, f\u00fcr alle L\u00f6cher, die gr\u00f6\u00dfer als 30 mm sind und wo es keine praktikable Alternative gibt;Jeder Selbstbohrer wird mit 2 x Vorschubschrauben &#8211; normales Gewinde, 1 x Schraubensatz, 1 x 5\/32 Inbusschl\u00fcssel geliefert   <\/p>\n<p>4932479502<br \/>\n4058546372965<\/p>\n","protected":false},"excerpt":{"rendered":"<p>Holzbohrer SWB Selfeed Bit 65mm-1pc<\/p>\n","protected":false},"featured_media":544080,"template":"","meta":{"_seopress_robots_primary_cat":"","_seopress_titles_title":"","_seopress_titles_desc":"","_seopress_robots_index":""},"product_brand":[3407],"product_cat":[29,514,549,550],"product_tag":[3270],"class_list":{"0":"post-624200","1":"product","2":"type-product","3":"status-publish","4":"has-post-thumbnail","6":"product_brand-milwaukee","7":"product_cat-macchinari","8":"product_cat-altri-dispositivi","9":"product_cat-trapani-e-avvitatori","10":"product_cat-accessori-per-trapani-ed-avvitatori","11":"product_tag-import-milwau","12":"sws-conto-ricavi-merci-rivendita-macchinari-de","13":"sws-gruppo-iva-iva81-de","15":"first","16":"onbackorder","17":"sale","18":"shipping-taxable","19":"purchasable","20":"product-type-simple"},"_links":{"self":[{"href":"https:\/\/lucacastelli.com\/de\/wp-json\/wp\/v2\/product\/624200","targetHints":{"allow":["GET"]}}],"collection":[{"href":"https:\/\/lucacastelli.com\/de\/wp-json\/wp\/v2\/product"}],"about":[{"href":"https:\/\/lucacastelli.com\/de\/wp-json\/wp\/v2\/types\/product"}],"wp:featuredmedia":[{"embeddable":true,"href":"https:\/\/lucacastelli.com\/de\/wp-json\/wp\/v2\/media\/544080"}],"wp:attachment":[{"href":"https:\/\/lucacastelli.com\/de\/wp-json\/wp\/v2\/media?parent=624200"}],"wp:term":[{"taxonomy":"product_brand","embeddable":true,"href":"https:\/\/lucacastelli.com\/de\/wp-json\/wp\/v2\/product_brand?post=624200"},{"taxonomy":"product_cat","embeddable":true,"href":"https:\/\/lucacastelli.com\/de\/wp-json\/wp\/v2\/product_cat?post=624200"},{"taxonomy":"product_tag","embeddable":true,"href":"https:\/\/lucacastelli.com\/de\/wp-json\/wp\/v2\/product_tag?post=624200"}],"curies":[{"name":"wp","href":"https:\/\/api.w.org\/{rel}","templated":true}]}}