{"id":624190,"date":"2025-08-09T11:25:40","date_gmt":"2025-08-09T09:25:40","guid":{"rendered":"https:\/\/lucacastelli.com\/prodotto\/milwaukee-glas-und-fliesenbohrer-8\/"},"modified":"2025-08-09T11:25:40","modified_gmt":"2025-08-09T09:25:40","slug":"milwaukee-glas-und-fliesenbohrer-8","status":"publish","type":"product","link":"https:\/\/lucacastelli.com\/de\/produkt\/milwaukee-glas-und-fliesenbohrer-8\/","title":{"rendered":"Milwaukee Glas- und Fliesenbohrer"},"content":{"rendered":"<p>Glas- und Fliesenbohrer-Set-5tlg.<br \/>\nGeeignet zum Bohren von nicht geh\u00e4rtetem Glas, Fliesen mittlerer H\u00e4rte und Keramik;Geschliffenes Hartmetall f\u00fcr schnelleres Bohren;Verst\u00e4rkte Hartmetallschneide f\u00fcr l\u00e4ngere Lebensdauer;Rot gef\u00e4rbte Schneide<\/p>\n<p>4932479948<br \/>\n4058546377427<\/p>\n","protected":false},"excerpt":{"rendered":"<p>Glas- und Fliesenbohrer-Set (5 Teile)<\/p>\n","protected":false},"featured_media":545618,"template":"","meta":{"_seopress_robots_primary_cat":"","_seopress_titles_title":"","_seopress_titles_desc":"","_seopress_robots_index":""},"product_brand":[3656],"product_cat":[1454,1553,169,1554],"product_tag":[3272],"class_list":{"0":"post-624190","1":"product","2":"type-product","3":"status-publish","4":"has-post-thumbnail","6":"product_brand-milwaukee-de","7":"product_cat-andere-gerate","8":"product_cat-bohrer-und-schraubendreher","9":"product_cat-maschinen","10":"product_cat-zubehor-fur-bohrmaschinen-und-schraubendreher","11":"product_tag-import-milwau-de","12":"sws-conto-ricavi-merci-rivendita-macchinari-de","13":"sws-gruppo-iva-iva81-de","15":"first","16":"onbackorder","17":"sale","18":"shipping-taxable","19":"purchasable","20":"product-type-simple"},"_links":{"self":[{"href":"https:\/\/lucacastelli.com\/de\/wp-json\/wp\/v2\/product\/624190","targetHints":{"allow":["GET"]}}],"collection":[{"href":"https:\/\/lucacastelli.com\/de\/wp-json\/wp\/v2\/product"}],"about":[{"href":"https:\/\/lucacastelli.com\/de\/wp-json\/wp\/v2\/types\/product"}],"wp:featuredmedia":[{"embeddable":true,"href":"https:\/\/lucacastelli.com\/de\/wp-json\/wp\/v2\/media\/545618"}],"wp:attachment":[{"href":"https:\/\/lucacastelli.com\/de\/wp-json\/wp\/v2\/media?parent=624190"}],"wp:term":[{"taxonomy":"product_brand","embeddable":true,"href":"https:\/\/lucacastelli.com\/de\/wp-json\/wp\/v2\/product_brand?post=624190"},{"taxonomy":"product_cat","embeddable":true,"href":"https:\/\/lucacastelli.com\/de\/wp-json\/wp\/v2\/product_cat?post=624190"},{"taxonomy":"product_tag","embeddable":true,"href":"https:\/\/lucacastelli.com\/de\/wp-json\/wp\/v2\/product_tag?post=624190"}],"curies":[{"name":"wp","href":"https:\/\/api.w.org\/{rel}","templated":true}]}}