{"id":624162,"date":"2025-08-09T19:51:36","date_gmt":"2025-08-09T17:51:36","guid":{"rendered":"https:\/\/lucacastelli.com\/prodotto\/milwaukee-packout-werkzeugkisten-6\/"},"modified":"2025-08-09T19:51:36","modified_gmt":"2025-08-09T17:51:36","slug":"milwaukee-packout-werkzeugkisten-6","status":"publish","type":"product","link":"https:\/\/lucacastelli.com\/de\/produkt\/milwaukee-packout-werkzeugkisten-6\/","title":{"rendered":"MILWAUKEE PACKOUT Werkzeugkisten"},"content":{"rendered":"<p>PACKOUT Werkzeugkoffer mit 2 Schubladen &#8211; 1 St\u00fcck<br \/>\nEinfacher Zugang zu deinen Werkzeugen, ohne dass du etwas herausnehmen musst; kugelgelagerte Stahlschienen halten bis zu 11 kg Gewicht pro Schublade aus; die Sicherheitsleiste verhindert ein ungewolltes \u00d6ffnen der Schubladen w\u00e4hrend des Transports und erm\u00f6glicht es, die Schubladen mit einem Vorh\u00e4ngeschloss zu sichern;Jede Schubladeneinheit wird mit einem Satz schnell verstellbarer Trennw\u00e4nde geliefert, mit denen der Benutzer die Anordnung der Schubladen im Inneren individuell anpassen kann;Seitenverst\u00e4rkungen aus Aluminium;Hergestellt aus sto\u00dffesten Polymeren f\u00fcr maximale Haltbarkeit;Teil des modularen PACKOUT-Lagersystems<\/p>\n<p>4932472129<br \/>\n4058546325251<\/p>\n","protected":false},"excerpt":{"rendered":"<p>PACKOUT 2 Schubladen Werkzeugkiste &#8211; 1St.<\/p>\n","protected":false},"featured_media":539218,"template":"","meta":{"_seopress_robots_primary_cat":"","_seopress_titles_title":"","_seopress_titles_desc":"","_seopress_robots_index":""},"product_brand":[3407],"product_cat":[5416,33],"product_tag":[3270],"class_list":{"0":"post-624162","1":"product","2":"type-product","3":"status-publish","4":"has-post-thumbnail","6":"product_brand-milwaukee","7":"product_cat-utensili-per-officina","8":"product_cat-attrezzature","9":"product_tag-import-milwau","10":"sws-conto-ricavi-merci-rivendita-macchinari-de","11":"sws-gruppo-iva-iva81-de","13":"first","14":"onbackorder","15":"sale","16":"shipping-taxable","17":"purchasable","18":"product-type-simple"},"_links":{"self":[{"href":"https:\/\/lucacastelli.com\/de\/wp-json\/wp\/v2\/product\/624162","targetHints":{"allow":["GET"]}}],"collection":[{"href":"https:\/\/lucacastelli.com\/de\/wp-json\/wp\/v2\/product"}],"about":[{"href":"https:\/\/lucacastelli.com\/de\/wp-json\/wp\/v2\/types\/product"}],"wp:featuredmedia":[{"embeddable":true,"href":"https:\/\/lucacastelli.com\/de\/wp-json\/wp\/v2\/media\/539218"}],"wp:attachment":[{"href":"https:\/\/lucacastelli.com\/de\/wp-json\/wp\/v2\/media?parent=624162"}],"wp:term":[{"taxonomy":"product_brand","embeddable":true,"href":"https:\/\/lucacastelli.com\/de\/wp-json\/wp\/v2\/product_brand?post=624162"},{"taxonomy":"product_cat","embeddable":true,"href":"https:\/\/lucacastelli.com\/de\/wp-json\/wp\/v2\/product_cat?post=624162"},{"taxonomy":"product_tag","embeddable":true,"href":"https:\/\/lucacastelli.com\/de\/wp-json\/wp\/v2\/product_tag?post=624162"}],"curies":[{"name":"wp","href":"https:\/\/api.w.org\/{rel}","templated":true}]}}