{"id":624159,"date":"2025-08-09T19:30:58","date_gmt":"2025-08-09T17:30:58","guid":{"rendered":"https:\/\/lucacastelli.com\/prodotto\/milwaukee-tintenmarker-mit-grosser-spitze-8\/"},"modified":"2025-08-09T19:30:58","modified_gmt":"2025-08-09T17:30:58","slug":"milwaukee-tintenmarker-mit-grosser-spitze-8","status":"publish","type":"product","link":"https:\/\/lucacastelli.com\/de\/produkt\/milwaukee-tintenmarker-mit-grosser-spitze-8\/","title":{"rendered":"Milwaukee Tintenmarker mit gro\u00dfer Spitze"},"content":{"rendered":"<p>INDEL LARGE POINT XL-BLUE EYE-PEN &#8211; 1 St.<br \/>\nBeh\u00e4lt die Schreibkraft auch nach 72 Stunden ohne Kappe bei;Kann auf feuchten, \u00f6ligen, rostigen und mit Schmutz bedeckten Oberfl\u00e4chen verwendet werden;F\u00fcr den Einsatz auf Beton, Holz, Metall, Sperrholz, OSB und Kunststoff;Schnelle Tintentrocknung &#8211; reduziert das Verschmieren auf PVC- und Metalloberfl\u00e4chen;Leichtes Ablesen auf weite Entfernungen dank des extra breiten Strichs<\/p>\n<p> 4058546294601<\/p>\n","protected":false},"excerpt":{"rendered":"<p>INDEL LARGE POINT XL-BLUE &#8211; 1 Stk.<\/p>\n","protected":false},"featured_media":600342,"template":"","meta":{"_seopress_robots_primary_cat":"","_seopress_titles_title":"","_seopress_titles_desc":"","_seopress_robots_index":""},"product_brand":[3407],"product_cat":[5416,33],"product_tag":[3270],"class_list":{"0":"post-624159","1":"product","2":"type-product","3":"status-publish","4":"has-post-thumbnail","6":"product_brand-milwaukee","7":"product_cat-utensili-per-officina","8":"product_cat-attrezzature","9":"product_tag-import-milwau","10":"sws-conto-ricavi-merci-rivendita-macchinari-de","11":"sws-gruppo-iva-iva81-de","13":"first","14":"onbackorder","15":"sale","16":"shipping-taxable","17":"purchasable","18":"product-type-simple"},"_links":{"self":[{"href":"https:\/\/lucacastelli.com\/de\/wp-json\/wp\/v2\/product\/624159","targetHints":{"allow":["GET"]}}],"collection":[{"href":"https:\/\/lucacastelli.com\/de\/wp-json\/wp\/v2\/product"}],"about":[{"href":"https:\/\/lucacastelli.com\/de\/wp-json\/wp\/v2\/types\/product"}],"wp:featuredmedia":[{"embeddable":true,"href":"https:\/\/lucacastelli.com\/de\/wp-json\/wp\/v2\/media\/600342"}],"wp:attachment":[{"href":"https:\/\/lucacastelli.com\/de\/wp-json\/wp\/v2\/media?parent=624159"}],"wp:term":[{"taxonomy":"product_brand","embeddable":true,"href":"https:\/\/lucacastelli.com\/de\/wp-json\/wp\/v2\/product_brand?post=624159"},{"taxonomy":"product_cat","embeddable":true,"href":"https:\/\/lucacastelli.com\/de\/wp-json\/wp\/v2\/product_cat?post=624159"},{"taxonomy":"product_tag","embeddable":true,"href":"https:\/\/lucacastelli.com\/de\/wp-json\/wp\/v2\/product_tag?post=624159"}],"curies":[{"name":"wp","href":"https:\/\/api.w.org\/{rel}","templated":true}]}}