{"id":624150,"date":"2025-08-09T19:30:54","date_gmt":"2025-08-09T17:30:54","guid":{"rendered":"https:\/\/lucacastelli.com\/prodotto\/milwaukee-unausloeschliche-marker-3\/"},"modified":"2025-08-09T19:30:54","modified_gmt":"2025-08-09T17:30:54","slug":"milwaukee-unausloeschliche-marker-3","status":"publish","type":"product","link":"https:\/\/lucacastelli.com\/de\/produkt\/milwaukee-unausloeschliche-marker-3\/","title":{"rendered":"Milwaukee Unausl\u00f6schliche Marker"},"content":{"rendered":"<p>INDELIBLE FINE-TIME BLUE TIP<br \/>\nExtrem haltbare Spitze, die auch bei hohem Benutzerdruck nicht kaputt geht &#8211; verhindert, dass die Spitze eine runde Form annimmt;Acrylspitze ideal f\u00fcr raue Oberfl\u00e4chen wie Beton oder Sperrholz;Hohe Spitzenst\u00e4rke. Der Marker schreibt auch dann noch, wenn er 72 Stunden lang der Luft ausgesetzt war; f\u00fcr die Verwendung auf Beton, Holz, Metall, Gipskartonplatten, Sperrholz und Kunststoff; kann auf nassen, \u00f6ligen, staubigen, rostigen Oberfl\u00e4chen und auf Oberfl\u00e4chen mit Verschmutzungen verwendet werden;Schnelle Trocknungszeit &#8211; reduziert das Verschmieren auf Kunststoff- und Metalloberfl\u00e4chen;Schlankes Geh\u00e4use f\u00fcr den Einsatz in engen Bereichen;Lanyard-Loch &#8211; M\u00f6glichkeit, den Marker am G\u00fcrtel zu befestigen;Einfaches \u00d6ffnen der Kappe mit einer Hand;Design so konzipiert, dass er nicht auf Oberfl\u00e4chen abrutscht <\/p>\n<p>4932492126<br \/>\n4058546414931<\/p>\n","protected":false},"excerpt":{"rendered":"<p>BLAUER, FEINER, DOKUMENTENECHTER MARKER<\/p>\n","protected":false},"featured_media":554966,"template":"","meta":{"_seopress_robots_primary_cat":"","_seopress_titles_title":"","_seopress_titles_desc":"","_seopress_robots_index":""},"product_brand":[3407],"product_cat":[5416,33],"product_tag":[3270],"class_list":{"0":"post-624150","1":"product","2":"type-product","3":"status-publish","4":"has-post-thumbnail","6":"product_brand-milwaukee","7":"product_cat-utensili-per-officina","8":"product_cat-attrezzature","9":"product_tag-import-milwau","10":"sws-conto-ricavi-merci-rivendita-macchinari-de","11":"sws-gruppo-iva-iva81-de","13":"first","14":"onbackorder","15":"sale","16":"shipping-taxable","17":"purchasable","18":"product-type-simple"},"_links":{"self":[{"href":"https:\/\/lucacastelli.com\/de\/wp-json\/wp\/v2\/product\/624150","targetHints":{"allow":["GET"]}}],"collection":[{"href":"https:\/\/lucacastelli.com\/de\/wp-json\/wp\/v2\/product"}],"about":[{"href":"https:\/\/lucacastelli.com\/de\/wp-json\/wp\/v2\/types\/product"}],"wp:featuredmedia":[{"embeddable":true,"href":"https:\/\/lucacastelli.com\/de\/wp-json\/wp\/v2\/media\/554966"}],"wp:attachment":[{"href":"https:\/\/lucacastelli.com\/de\/wp-json\/wp\/v2\/media?parent=624150"}],"wp:term":[{"taxonomy":"product_brand","embeddable":true,"href":"https:\/\/lucacastelli.com\/de\/wp-json\/wp\/v2\/product_brand?post=624150"},{"taxonomy":"product_cat","embeddable":true,"href":"https:\/\/lucacastelli.com\/de\/wp-json\/wp\/v2\/product_cat?post=624150"},{"taxonomy":"product_tag","embeddable":true,"href":"https:\/\/lucacastelli.com\/de\/wp-json\/wp\/v2\/product_tag?post=624150"}],"curies":[{"name":"wp","href":"https:\/\/api.w.org\/{rel}","templated":true}]}}