{"id":624142,"date":"2025-08-09T19:30:51","date_gmt":"2025-08-09T17:30:51","guid":{"rendered":"https:\/\/lucacastelli.com\/prodotto\/milwaukee-soft-form-tool-holder-4\/"},"modified":"2025-08-09T19:30:51","modified_gmt":"2025-08-09T17:30:51","slug":"milwaukee-soft-form-tool-holder-4","status":"publish","type":"product","link":"https:\/\/lucacastelli.com\/de\/produkt\/milwaukee-soft-form-tool-holder-4\/","title":{"rendered":"Milwaukee Soft Form Tool Holder"},"content":{"rendered":"<p>LARGE-SPACE MODULE<br \/>\nDie Dichte des tiefgezogenen Schwamms verbessert die Abriebfestigkeit. Leichte Identifizierung der Werkzeuge dank der doppelten roten Einf\u00e4rbung. Lasergeschnitten, um den Platz im Inneren des 10-Schubladen-Wagens zu optimieren. Ideal f\u00fcr die Aufbewahrung von Steckschl\u00fcsseln, Zubeh\u00f6r, Bits und Kleinteilen.     <\/p>\n<p>4932493635<br \/>\n4058546485061<\/p>\n","protected":false},"excerpt":{"rendered":"<p>GROSSRAUMMODUL<\/p>\n","protected":false},"featured_media":600338,"template":"","meta":{"_seopress_robots_primary_cat":"","_seopress_titles_title":"","_seopress_titles_desc":"","_seopress_robots_index":""},"product_brand":[3656],"product_cat":[150,5529],"product_tag":[3272],"class_list":{"0":"post-624142","1":"product","2":"type-product","3":"status-publish","4":"has-post-thumbnail","6":"product_brand-milwaukee-de","7":"product_cat-ausrustung","8":"product_cat-workshop-tools","9":"product_tag-import-milwau-de","10":"sws-conto-ricavi-merci-rivendita-macchinari-de","11":"sws-gruppo-iva-iva81-de","13":"first","14":"onbackorder","15":"sale","16":"shipping-taxable","17":"purchasable","18":"product-type-simple"},"_links":{"self":[{"href":"https:\/\/lucacastelli.com\/de\/wp-json\/wp\/v2\/product\/624142","targetHints":{"allow":["GET"]}}],"collection":[{"href":"https:\/\/lucacastelli.com\/de\/wp-json\/wp\/v2\/product"}],"about":[{"href":"https:\/\/lucacastelli.com\/de\/wp-json\/wp\/v2\/types\/product"}],"wp:featuredmedia":[{"embeddable":true,"href":"https:\/\/lucacastelli.com\/de\/wp-json\/wp\/v2\/media\/600338"}],"wp:attachment":[{"href":"https:\/\/lucacastelli.com\/de\/wp-json\/wp\/v2\/media?parent=624142"}],"wp:term":[{"taxonomy":"product_brand","embeddable":true,"href":"https:\/\/lucacastelli.com\/de\/wp-json\/wp\/v2\/product_brand?post=624142"},{"taxonomy":"product_cat","embeddable":true,"href":"https:\/\/lucacastelli.com\/de\/wp-json\/wp\/v2\/product_cat?post=624142"},{"taxonomy":"product_tag","embeddable":true,"href":"https:\/\/lucacastelli.com\/de\/wp-json\/wp\/v2\/product_tag?post=624142"}],"curies":[{"name":"wp","href":"https:\/\/api.w.org\/{rel}","templated":true}]}}