{"id":624130,"date":"2025-08-09T19:30:49","date_gmt":"2025-08-09T17:30:49","guid":{"rendered":"https:\/\/lucacastelli.com\/prodotto\/milwaukee-ratschenbithalter-mit-durchgangsbohrung-m12-fptr\/"},"modified":"2025-08-09T19:30:49","modified_gmt":"2025-08-09T17:30:49","slug":"milwaukee-ratschenbithalter-mit-durchgangsbohrung-m12-fptr","status":"publish","type":"product","link":"https:\/\/lucacastelli.com\/de\/produkt\/milwaukee-ratschenbithalter-mit-durchgangsbohrung-m12-fptr\/","title":{"rendered":"Milwaukee Ratschenbithalter mit Durchgangsbohrung M12 FPTR"},"content":{"rendered":"<p>FPTR-HA14\/ HEX HEX PORT FOR M12 FPTR<br \/>\nDer magnetische 1\/4-Zoll-Sechskantadapter f\u00fcr die M12-Steckschl\u00fcsselknarre erm\u00f6glicht die Verwendung von Torx- und allen anderen 1\/4-Zoll-Sechskantbits, um Leistung, Produktivit\u00e4t und Vielseitigkeit auf engstem Raum zu erreichen<\/p>\n<p>4932492871<br \/>\n4058546477424<\/p>\n","protected":false},"excerpt":{"rendered":"<p>FPTR-HA14\/PORTBIT HEX F\u00dcR M12 FPTR<\/p>\n","protected":false},"featured_media":558745,"template":"","meta":{"_seopress_robots_primary_cat":"","_seopress_titles_title":"","_seopress_titles_desc":"","_seopress_robots_index":""},"product_brand":[3656],"product_cat":[5529,150],"product_tag":[3272],"class_list":{"0":"post-624130","1":"product","2":"type-product","3":"status-publish","4":"has-post-thumbnail","6":"product_brand-milwaukee-de","7":"product_cat-workshop-tools","8":"product_cat-ausrustung","9":"product_tag-import-milwau-de","10":"sws-conto-ricavi-merci-rivendita-macchinari-de","11":"sws-gruppo-iva-iva81-de","13":"first","14":"onbackorder","15":"sale","16":"shipping-taxable","17":"purchasable","18":"product-type-simple"},"_links":{"self":[{"href":"https:\/\/lucacastelli.com\/de\/wp-json\/wp\/v2\/product\/624130","targetHints":{"allow":["GET"]}}],"collection":[{"href":"https:\/\/lucacastelli.com\/de\/wp-json\/wp\/v2\/product"}],"about":[{"href":"https:\/\/lucacastelli.com\/de\/wp-json\/wp\/v2\/types\/product"}],"wp:featuredmedia":[{"embeddable":true,"href":"https:\/\/lucacastelli.com\/de\/wp-json\/wp\/v2\/media\/558745"}],"wp:attachment":[{"href":"https:\/\/lucacastelli.com\/de\/wp-json\/wp\/v2\/media?parent=624130"}],"wp:term":[{"taxonomy":"product_brand","embeddable":true,"href":"https:\/\/lucacastelli.com\/de\/wp-json\/wp\/v2\/product_brand?post=624130"},{"taxonomy":"product_cat","embeddable":true,"href":"https:\/\/lucacastelli.com\/de\/wp-json\/wp\/v2\/product_cat?post=624130"},{"taxonomy":"product_tag","embeddable":true,"href":"https:\/\/lucacastelli.com\/de\/wp-json\/wp\/v2\/product_tag?post=624130"}],"curies":[{"name":"wp","href":"https:\/\/api.w.org\/{rel}","templated":true}]}}