{"id":624118,"date":"2025-08-09T19:22:40","date_gmt":"2025-08-09T17:22:40","guid":{"rendered":"https:\/\/lucacastelli.com\/prodotto\/milwaukee-%c2%bd-steckdosenverlaengerungen\/"},"modified":"2025-08-09T19:22:40","modified_gmt":"2025-08-09T17:22:40","slug":"milwaukee-%c2%bd-steckdosenverlaengerungen","status":"publish","type":"product","link":"https:\/\/lucacastelli.com\/de\/produkt\/milwaukee-%c2%bd-steckdosenverlaengerungen\/","title":{"rendered":"Milwaukee \u00bd&#8221; Steckdosenverl\u00e4ngerungen"},"content":{"rendered":"<p>VERL\u00c4NGERUNG 1\/2 VON 250 mm<br \/>\nSHOCKWAVE\u2122 (Chrom-Molybd\u00e4n) schlagfester Stahl ist ein hochwertiger Stahl, der eine besonders lange Haltbarkeit erm\u00f6glicht;Gestanzte und farbcodierte Ma\u00dfe zur einfachen Identifizierung und um sicherzustellen, dass die Artikelnummer lange auf dem Artikel verbleibt;Doppelte Bohrungen und Rillen zur einfachen Befestigung von Sicherheitszubeh\u00f6r<\/p>\n<p>4932480353<br \/>\n4058546406387<\/p>\n","protected":false},"excerpt":{"rendered":"<p>VERL\u00c4NGERUNG 1\/2 VON 250 mm<\/p>\n","protected":false},"featured_media":548010,"template":"","meta":{"_seopress_robots_primary_cat":"","_seopress_titles_title":"","_seopress_titles_desc":"","_seopress_robots_index":""},"product_brand":[3407],"product_cat":[29,549,550],"product_tag":[3270],"class_list":{"0":"post-624118","1":"product","2":"type-product","3":"status-publish","4":"has-post-thumbnail","6":"product_brand-milwaukee","7":"product_cat-macchinari","8":"product_cat-trapani-e-avvitatori","9":"product_cat-accessori-per-trapani-ed-avvitatori","10":"product_tag-import-milwau","11":"sws-conto-ricavi-merci-rivendita-macchinari-de","12":"sws-gruppo-iva-iva81-de","14":"first","15":"onbackorder","16":"sale","17":"shipping-taxable","18":"purchasable","19":"product-type-simple"},"_links":{"self":[{"href":"https:\/\/lucacastelli.com\/de\/wp-json\/wp\/v2\/product\/624118","targetHints":{"allow":["GET"]}}],"collection":[{"href":"https:\/\/lucacastelli.com\/de\/wp-json\/wp\/v2\/product"}],"about":[{"href":"https:\/\/lucacastelli.com\/de\/wp-json\/wp\/v2\/types\/product"}],"wp:featuredmedia":[{"embeddable":true,"href":"https:\/\/lucacastelli.com\/de\/wp-json\/wp\/v2\/media\/548010"}],"wp:attachment":[{"href":"https:\/\/lucacastelli.com\/de\/wp-json\/wp\/v2\/media?parent=624118"}],"wp:term":[{"taxonomy":"product_brand","embeddable":true,"href":"https:\/\/lucacastelli.com\/de\/wp-json\/wp\/v2\/product_brand?post=624118"},{"taxonomy":"product_cat","embeddable":true,"href":"https:\/\/lucacastelli.com\/de\/wp-json\/wp\/v2\/product_cat?post=624118"},{"taxonomy":"product_tag","embeddable":true,"href":"https:\/\/lucacastelli.com\/de\/wp-json\/wp\/v2\/product_tag?post=624118"}],"curies":[{"name":"wp","href":"https:\/\/api.w.org\/{rel}","templated":true}]}}