{"id":624111,"date":"2025-08-09T19:51:51","date_gmt":"2025-08-09T17:51:51","guid":{"rendered":"https:\/\/lucacastelli.com\/prodotto\/milwaukee-packout-offene-werkzeugtasche-2\/"},"modified":"2025-08-09T19:51:51","modified_gmt":"2025-08-09T17:51:51","slug":"milwaukee-packout-offene-werkzeugtasche-2","status":"publish","type":"product","link":"https:\/\/lucacastelli.com\/de\/produkt\/milwaukee-packout-offene-werkzeugtasche-2\/","title":{"rendered":"MILWAUKEE PACKOUT Offene Werkzeugtasche"},"content":{"rendered":"<p>PACKOUT OPEN TOOL BAG<br \/>\nPACKOUT OPEN TOOL BAG 38 CM<br \/>\nMaximale Festigkeit dank 1680D und 1800D ballistischem Material;Stoffschichten erh\u00f6hen die Strapazierf\u00e4higkeit und Leistung;Verst\u00e4rkte Kanten, Metallringe und Federn f\u00fcr zus\u00e4tzliche Strapazierf\u00e4higkeit;35 F\u00e4cher f\u00fcr eine bessere Organisation des Werkzeugs;Schultergurt und ergonomischer Tragegriff;Klebebandhalter f\u00fcr einfachen Zugriff;PACKOUT Boden sch\u00fctzt vor Feuchtigkeit und Schmutz;Teil des PACKOUT Systems<\/p>\n<p>4932498634<br \/>\n4058546525033<\/p>\n","protected":false},"excerpt":{"rendered":"<p>PACKOUT WERKZEUGTASCHE OFFEN 38 CM<\/p>\n","protected":false},"featured_media":592523,"template":"","meta":{"_seopress_robots_primary_cat":"","_seopress_titles_title":"","_seopress_titles_desc":"","_seopress_robots_index":""},"product_brand":[3407],"product_cat":[5416,33],"product_tag":[3270],"class_list":{"0":"post-624111","1":"product","2":"type-product","3":"status-publish","4":"has-post-thumbnail","6":"product_brand-milwaukee","7":"product_cat-utensili-per-officina","8":"product_cat-attrezzature","9":"product_tag-import-milwau","10":"sws-conto-ricavi-merci-rivendita-macchinari-de","11":"sws-gruppo-iva-iva81-de","13":"first","14":"onbackorder","15":"sale","16":"shipping-taxable","17":"purchasable","18":"product-type-simple"},"_links":{"self":[{"href":"https:\/\/lucacastelli.com\/de\/wp-json\/wp\/v2\/product\/624111","targetHints":{"allow":["GET"]}}],"collection":[{"href":"https:\/\/lucacastelli.com\/de\/wp-json\/wp\/v2\/product"}],"about":[{"href":"https:\/\/lucacastelli.com\/de\/wp-json\/wp\/v2\/types\/product"}],"wp:featuredmedia":[{"embeddable":true,"href":"https:\/\/lucacastelli.com\/de\/wp-json\/wp\/v2\/media\/592523"}],"wp:attachment":[{"href":"https:\/\/lucacastelli.com\/de\/wp-json\/wp\/v2\/media?parent=624111"}],"wp:term":[{"taxonomy":"product_brand","embeddable":true,"href":"https:\/\/lucacastelli.com\/de\/wp-json\/wp\/v2\/product_brand?post=624111"},{"taxonomy":"product_cat","embeddable":true,"href":"https:\/\/lucacastelli.com\/de\/wp-json\/wp\/v2\/product_cat?post=624111"},{"taxonomy":"product_tag","embeddable":true,"href":"https:\/\/lucacastelli.com\/de\/wp-json\/wp\/v2\/product_tag?post=624111"}],"curies":[{"name":"wp","href":"https:\/\/api.w.org\/{rel}","templated":true}]}}