{"id":624104,"date":"2025-08-09T19:51:48","date_gmt":"2025-08-09T17:51:48","guid":{"rendered":"https:\/\/lucacastelli.com\/prodotto\/milwaukee-packout-geschlossene-werkzeugtaschen-2\/"},"modified":"2025-08-09T19:51:48","modified_gmt":"2025-08-09T17:51:48","slug":"milwaukee-packout-geschlossene-werkzeugtaschen-2","status":"publish","type":"product","link":"https:\/\/lucacastelli.com\/de\/produkt\/milwaukee-packout-geschlossene-werkzeugtaschen-2\/","title":{"rendered":"MILWAUKEE PACKOUT Geschlossene Werkzeugtaschen"},"content":{"rendered":"<p>PACKOUT CLOSED TOOL BAG 50CM<br \/>\nEin integraler Bestandteil des modularen PACKOUT\u2122 Aufbewahrungssystems; Hergestellt aus 1680 ballistischem Nylon; Strapazierf\u00e4higer Boden sch\u00fctzt vor Wasser und Schmutz; Gepolsterter Schultergurt, obere und seitliche Griffe f\u00fcr zus\u00e4tzlichen Tragekomfort<\/p>\n<p>4932471067<br \/>\n4058546286958<\/p>\n","protected":false},"excerpt":{"rendered":"<p>PACKOUT WERKZEUGTASCHE GESCHLOSSEN 50CM<\/p>\n","protected":false},"featured_media":530606,"template":"","meta":{"_seopress_robots_primary_cat":"","_seopress_titles_title":"","_seopress_titles_desc":"","_seopress_robots_index":""},"product_brand":[3407],"product_cat":[5416,33],"product_tag":[3270],"class_list":{"0":"post-624104","1":"product","2":"type-product","3":"status-publish","4":"has-post-thumbnail","6":"product_brand-milwaukee","7":"product_cat-utensili-per-officina","8":"product_cat-attrezzature","9":"product_tag-import-milwau","10":"sws-conto-ricavi-merci-rivendita-macchinari-de","11":"sws-gruppo-iva-iva81-de","13":"first","14":"onbackorder","15":"sale","16":"shipping-taxable","17":"purchasable","18":"product-type-simple"},"_links":{"self":[{"href":"https:\/\/lucacastelli.com\/de\/wp-json\/wp\/v2\/product\/624104","targetHints":{"allow":["GET"]}}],"collection":[{"href":"https:\/\/lucacastelli.com\/de\/wp-json\/wp\/v2\/product"}],"about":[{"href":"https:\/\/lucacastelli.com\/de\/wp-json\/wp\/v2\/types\/product"}],"wp:featuredmedia":[{"embeddable":true,"href":"https:\/\/lucacastelli.com\/de\/wp-json\/wp\/v2\/media\/530606"}],"wp:attachment":[{"href":"https:\/\/lucacastelli.com\/de\/wp-json\/wp\/v2\/media?parent=624104"}],"wp:term":[{"taxonomy":"product_brand","embeddable":true,"href":"https:\/\/lucacastelli.com\/de\/wp-json\/wp\/v2\/product_brand?post=624104"},{"taxonomy":"product_cat","embeddable":true,"href":"https:\/\/lucacastelli.com\/de\/wp-json\/wp\/v2\/product_cat?post=624104"},{"taxonomy":"product_tag","embeddable":true,"href":"https:\/\/lucacastelli.com\/de\/wp-json\/wp\/v2\/product_tag?post=624104"}],"curies":[{"name":"wp","href":"https:\/\/api.w.org\/{rel}","templated":true}]}}