{"id":624103,"date":"2025-08-09T19:51:45","date_gmt":"2025-08-09T17:51:45","guid":{"rendered":"https:\/\/lucacastelli.com\/prodotto\/milwaukee-packout-zwei-rad-trolley\/"},"modified":"2025-08-09T19:51:45","modified_gmt":"2025-08-09T17:51:45","slug":"milwaukee-packout-zwei-rad-trolley","status":"publish","type":"product","link":"https:\/\/lucacastelli.com\/de\/produkt\/milwaukee-packout-zwei-rad-trolley\/","title":{"rendered":"MILWAUKEE PACKOUT Zwei-Rad-Trolley"},"content":{"rendered":"<p>PACKOUT TWO-WHEEL TROLLEY 1 St.<br \/>\nZwei B\u00f6den auf verschiedenen Ebenen f\u00fcr eine zus\u00e4tzliche Aufbewahrungsm\u00f6glichkeit;Integriertes Gitter zur Aufbewahrung von Ebenen und anderen Gegenst\u00e4nden;180 kg Tragf\u00e4higkeit;25 cm gro\u00dfe Rollen im Inneren der Wagenstruktur erm\u00f6glichen ein einfaches \u00dcberqueren von T\u00fcren;Zusammenklappbarer Boden f\u00fcr eine einfache Aufbewahrung;Integraler Bestandteil des PACKOUT\u2122-Systems;Hergestellt aus schlagfesten Polymeren f\u00fcr eine erh\u00f6hte Haltbarkeit auf der Baustelle<\/p>\n<p>4932472131<br \/>\n4058546325275<\/p>\n","protected":false},"excerpt":{"rendered":"<p>PACKOUT TWO-WHEEL CART 1 St\u00fcck<\/p>\n","protected":false},"featured_media":539312,"template":"","meta":{"_seopress_robots_primary_cat":"","_seopress_titles_title":"","_seopress_titles_desc":"","_seopress_robots_index":""},"product_brand":[3407],"product_cat":[5416,33],"product_tag":[3270],"class_list":{"0":"post-624103","1":"product","2":"type-product","3":"status-publish","4":"has-post-thumbnail","6":"product_brand-milwaukee","7":"product_cat-utensili-per-officina","8":"product_cat-attrezzature","9":"product_tag-import-milwau","10":"sws-conto-ricavi-merci-rivendita-macchinari-de","11":"sws-gruppo-iva-iva81-de","13":"first","14":"onbackorder","15":"sale","16":"shipping-taxable","17":"purchasable","18":"product-type-simple"},"_links":{"self":[{"href":"https:\/\/lucacastelli.com\/de\/wp-json\/wp\/v2\/product\/624103","targetHints":{"allow":["GET"]}}],"collection":[{"href":"https:\/\/lucacastelli.com\/de\/wp-json\/wp\/v2\/product"}],"about":[{"href":"https:\/\/lucacastelli.com\/de\/wp-json\/wp\/v2\/types\/product"}],"wp:featuredmedia":[{"embeddable":true,"href":"https:\/\/lucacastelli.com\/de\/wp-json\/wp\/v2\/media\/539312"}],"wp:attachment":[{"href":"https:\/\/lucacastelli.com\/de\/wp-json\/wp\/v2\/media?parent=624103"}],"wp:term":[{"taxonomy":"product_brand","embeddable":true,"href":"https:\/\/lucacastelli.com\/de\/wp-json\/wp\/v2\/product_brand?post=624103"},{"taxonomy":"product_cat","embeddable":true,"href":"https:\/\/lucacastelli.com\/de\/wp-json\/wp\/v2\/product_cat?post=624103"},{"taxonomy":"product_tag","embeddable":true,"href":"https:\/\/lucacastelli.com\/de\/wp-json\/wp\/v2\/product_tag?post=624103"}],"curies":[{"name":"wp","href":"https:\/\/api.w.org\/{rel}","templated":true}]}}