{"id":624097,"date":"2025-08-09T19:51:41","date_gmt":"2025-08-09T17:51:41","guid":{"rendered":"https:\/\/lucacastelli.com\/prodotto\/milwaukee-packout-werkzeugkisten-5\/"},"modified":"2025-08-09T19:51:41","modified_gmt":"2025-08-09T17:51:41","slug":"milwaukee-packout-werkzeugkisten-5","status":"publish","type":"product","link":"https:\/\/lucacastelli.com\/de\/produkt\/milwaukee-packout-werkzeugkisten-5\/","title":{"rendered":"MILWAUKEE PACKOUT Werkzeugkisten"},"content":{"rendered":"<p>PACKOUT XL Tool Box -1pc<br \/>\nHohe Stauraumkapazit\u00e4t f\u00fcr Werkzeuge wie Bands\u00e4gen, Winkelschleifer und H\u00e4mmer; Gesamtgewicht 45 kg; Teil des modularen PACKOUT\u2122 Stauraumsystems; Hergestellt aus extrem widerstandsf\u00e4higen Polymeren f\u00fcr maximale Haltbarkeit; IP65-zertifizierte Dichtungen, um Regen und Baustellentr\u00fcmmern zu widerstehen; Verst\u00e4rkte Metallecken; Innenfach f\u00fcr kleineres Zubeh\u00f6r; Vorbereitet f\u00fcr ONE-KEY\u2122 TICK\u2122<\/p>\n<p>4932478162<br \/>\n4058546340957<\/p>\n","protected":false},"excerpt":{"rendered":"<p>PACKOUT XL Werkzeugkiste -1pc<\/p>\n","protected":false},"featured_media":540254,"template":"","meta":{"_seopress_robots_primary_cat":"","_seopress_titles_title":"","_seopress_titles_desc":"","_seopress_robots_index":""},"product_brand":[3407],"product_cat":[5416,33],"product_tag":[3270],"class_list":{"0":"post-624097","1":"product","2":"type-product","3":"status-publish","4":"has-post-thumbnail","6":"product_brand-milwaukee","7":"product_cat-utensili-per-officina","8":"product_cat-attrezzature","9":"product_tag-import-milwau","10":"sws-conto-ricavi-merci-rivendita-macchinari-de","11":"sws-gruppo-iva-iva81-de","13":"first","14":"onbackorder","15":"sale","16":"shipping-taxable","17":"purchasable","18":"product-type-simple"},"_links":{"self":[{"href":"https:\/\/lucacastelli.com\/de\/wp-json\/wp\/v2\/product\/624097","targetHints":{"allow":["GET"]}}],"collection":[{"href":"https:\/\/lucacastelli.com\/de\/wp-json\/wp\/v2\/product"}],"about":[{"href":"https:\/\/lucacastelli.com\/de\/wp-json\/wp\/v2\/types\/product"}],"wp:featuredmedia":[{"embeddable":true,"href":"https:\/\/lucacastelli.com\/de\/wp-json\/wp\/v2\/media\/540254"}],"wp:attachment":[{"href":"https:\/\/lucacastelli.com\/de\/wp-json\/wp\/v2\/media?parent=624097"}],"wp:term":[{"taxonomy":"product_brand","embeddable":true,"href":"https:\/\/lucacastelli.com\/de\/wp-json\/wp\/v2\/product_brand?post=624097"},{"taxonomy":"product_cat","embeddable":true,"href":"https:\/\/lucacastelli.com\/de\/wp-json\/wp\/v2\/product_cat?post=624097"},{"taxonomy":"product_tag","embeddable":true,"href":"https:\/\/lucacastelli.com\/de\/wp-json\/wp\/v2\/product_tag?post=624097"}],"curies":[{"name":"wp","href":"https:\/\/api.w.org\/{rel}","templated":true}]}}