{"id":624088,"date":"2025-08-09T19:51:37","date_gmt":"2025-08-09T17:51:37","guid":{"rendered":"https:\/\/lucacastelli.com\/prodotto\/milwaukee-packout-werkzeugkisten-2\/"},"modified":"2025-08-09T19:51:37","modified_gmt":"2025-08-09T17:51:37","slug":"milwaukee-packout-werkzeugkisten-2","status":"publish","type":"product","link":"https:\/\/lucacastelli.com\/de\/produkt\/milwaukee-packout-werkzeugkisten-2\/","title":{"rendered":"MILWAUKEE PACKOUT Werkzeugkisten"},"content":{"rendered":"<p>PACKOUT 3 Schubladen Werkzeugkisten &#8211; 1 St\u00fcck<br \/>\nEinfacher Zugriff auf dein Werkzeug, ohne dass du etwas herausnehmen musst; kugelgelagerte Stahlschienen halten bis zu 11 kg Gewicht pro Schublade aus; Sicherheitsriegel verhindern ein ungewolltes \u00d6ffnen der Schubladen w\u00e4hrend des Transports und erm\u00f6glichen das Verschlie\u00dfen der Schubladen mit einem Vorh\u00e4ngeschloss;Jede Schubladeneinheit wird mit einem Satz schnell verstellbarer Trennw\u00e4nde geliefert, mit denen der Benutzer die Anordnung der Schubladen im Inneren individuell anpassen kann;Seitenverst\u00e4rkungen aus Aluminium;Hergestellt aus sto\u00dffesten Polymeren f\u00fcr maximale Haltbarkeit;Teil des modularen PACKOUT-Lagersystems<\/p>\n<p>4932472130<br \/>\n4058546325268<\/p>\n","protected":false},"excerpt":{"rendered":"<p>PACKOUT 3 Schubladen Werkzeugkiste &#8211; 1St.<\/p>\n","protected":false},"featured_media":539263,"template":"","meta":{"_seopress_robots_primary_cat":"","_seopress_titles_title":"","_seopress_titles_desc":"","_seopress_robots_index":""},"product_brand":[3407],"product_cat":[5416,33],"product_tag":[3270],"class_list":{"0":"post-624088","1":"product","2":"type-product","3":"status-publish","4":"has-post-thumbnail","6":"product_brand-milwaukee","7":"product_cat-utensili-per-officina","8":"product_cat-attrezzature","9":"product_tag-import-milwau","10":"sws-conto-ricavi-merci-rivendita-macchinari-de","11":"sws-gruppo-iva-iva81-de","13":"first","14":"onbackorder","15":"sale","16":"shipping-taxable","17":"purchasable","18":"product-type-simple"},"_links":{"self":[{"href":"https:\/\/lucacastelli.com\/de\/wp-json\/wp\/v2\/product\/624088","targetHints":{"allow":["GET"]}}],"collection":[{"href":"https:\/\/lucacastelli.com\/de\/wp-json\/wp\/v2\/product"}],"about":[{"href":"https:\/\/lucacastelli.com\/de\/wp-json\/wp\/v2\/types\/product"}],"wp:featuredmedia":[{"embeddable":true,"href":"https:\/\/lucacastelli.com\/de\/wp-json\/wp\/v2\/media\/539263"}],"wp:attachment":[{"href":"https:\/\/lucacastelli.com\/de\/wp-json\/wp\/v2\/media?parent=624088"}],"wp:term":[{"taxonomy":"product_brand","embeddable":true,"href":"https:\/\/lucacastelli.com\/de\/wp-json\/wp\/v2\/product_brand?post=624088"},{"taxonomy":"product_cat","embeddable":true,"href":"https:\/\/lucacastelli.com\/de\/wp-json\/wp\/v2\/product_cat?post=624088"},{"taxonomy":"product_tag","embeddable":true,"href":"https:\/\/lucacastelli.com\/de\/wp-json\/wp\/v2\/product_tag?post=624088"}],"curies":[{"name":"wp","href":"https:\/\/api.w.org\/{rel}","templated":true}]}}