{"id":624066,"date":"2025-08-09T19:52:13","date_gmt":"2025-08-09T17:52:13","guid":{"rendered":"https:\/\/lucacastelli.com\/prodotto\/milwaukee-packout-offene-werkzeugtasche\/"},"modified":"2025-08-09T19:52:13","modified_gmt":"2025-08-09T17:52:13","slug":"milwaukee-packout-offene-werkzeugtasche","status":"publish","type":"product","link":"https:\/\/lucacastelli.com\/de\/produkt\/milwaukee-packout-offene-werkzeugtasche\/","title":{"rendered":"MILWAUKEE PACKOUT Offene Werkzeugtasche"},"content":{"rendered":"<p>PACKOUT OPEN TOOL BAG 25 MM<br \/>\nMaximale Festigkeit dank 1680D und 1800D ballistischem Material; Stoffschichten erh\u00f6hen die Strapazierf\u00e4higkeit und Leistung; verst\u00e4rkte Kanten, Metallringe und Federn f\u00fcr Langlebigkeit; 35 F\u00e4cher f\u00fcr eine bessere Organisation des Werkzeugs; Schultergurt und ergonomischer Tragegriff; Klebebandhalter f\u00fcr einfachen Zugriff; PACKOUT\u2122 Boden sch\u00fctzt vor Feuchtigkeit und Schmutz; Teil des PACKOUT\u2122 Systems<\/p>\n<p>4932493622<br \/>\n4058546484934<\/p>\n","protected":false},"excerpt":{"rendered":"<p>PACKOUT WERKZEUGTASCHE OFFEN 25 MM<\/p>\n","protected":false},"featured_media":562827,"template":"","meta":{"_seopress_robots_primary_cat":"","_seopress_titles_title":"","_seopress_titles_desc":"","_seopress_robots_index":""},"product_brand":[3407],"product_cat":[5416,33],"product_tag":[3270],"class_list":{"0":"post-624066","1":"product","2":"type-product","3":"status-publish","4":"has-post-thumbnail","6":"product_brand-milwaukee","7":"product_cat-utensili-per-officina","8":"product_cat-attrezzature","9":"product_tag-import-milwau","10":"sws-conto-ricavi-merci-rivendita-macchinari-de","11":"sws-gruppo-iva-iva81-de","13":"first","14":"onbackorder","15":"sale","16":"shipping-taxable","17":"purchasable","18":"product-type-simple"},"_links":{"self":[{"href":"https:\/\/lucacastelli.com\/de\/wp-json\/wp\/v2\/product\/624066","targetHints":{"allow":["GET"]}}],"collection":[{"href":"https:\/\/lucacastelli.com\/de\/wp-json\/wp\/v2\/product"}],"about":[{"href":"https:\/\/lucacastelli.com\/de\/wp-json\/wp\/v2\/types\/product"}],"wp:featuredmedia":[{"embeddable":true,"href":"https:\/\/lucacastelli.com\/de\/wp-json\/wp\/v2\/media\/562827"}],"wp:attachment":[{"href":"https:\/\/lucacastelli.com\/de\/wp-json\/wp\/v2\/media?parent=624066"}],"wp:term":[{"taxonomy":"product_brand","embeddable":true,"href":"https:\/\/lucacastelli.com\/de\/wp-json\/wp\/v2\/product_brand?post=624066"},{"taxonomy":"product_cat","embeddable":true,"href":"https:\/\/lucacastelli.com\/de\/wp-json\/wp\/v2\/product_cat?post=624066"},{"taxonomy":"product_tag","embeddable":true,"href":"https:\/\/lucacastelli.com\/de\/wp-json\/wp\/v2\/product_tag?post=624066"}],"curies":[{"name":"wp","href":"https:\/\/api.w.org\/{rel}","templated":true}]}}