{"id":623992,"date":"2025-08-19T10:55:18","date_gmt":"2025-08-19T08:55:18","guid":{"rendered":"https:\/\/lucacastelli.com\/prodotto\/pfanner-canfull-maximus\/"},"modified":"2026-04-14T04:10:57","modified_gmt":"2026-04-14T02:10:57","slug":"pfanner-canfull-maximus","status":"publish","type":"product","link":"https:\/\/lucacastelli.com\/de\/produkt\/pfanner-canfull-maximus\/","title":{"rendered":"PFANNER Canfull Maximus"},"content":{"rendered":"<p>Die StretchFlex Canfull Maximus Arbeitshose ist eine robuste Arbeitshose f\u00fcr Kinder mit vorgeformten Knien. Die gesamte Hose ist mit bidirektionaler Elastizit\u00e4t ausgestattet, die eine komfortable Passform gew\u00e4hrleistet.<br \/>\n-StretchFlex-Technologie<br \/>\n-3CON Reflex<br \/>\n-Doppelter Bund<br \/>\n-Funktionstaschen<br \/>\n-Seitliche Innentasche<br \/>\n-Reflektierende Streifen<br \/>\n-Elastischer Bund <\/p>\n<p>Material: 63% Polyester, 34% Baumwolle, 3% Elasthan<br \/>\nGr\u00f6ssen: 104, 116, 128, 140, 152 (+5 cm Verl\u00e4ngerungssystem)<\/p>\n","protected":false},"excerpt":{"rendered":"<p>Die StretchFlex Canfull Maximus Arbeitshose ist eine robuste Arbeitshose f\u00fcr Kinder mit vorgeformten Knien. Die gesamte Hose ist mit bidirektionaler<\/p>\n","protected":false},"featured_media":619165,"template":"","meta":{"_seopress_robots_primary_cat":"none","_seopress_titles_title":"","_seopress_titles_desc":"","_seopress_robots_index":""},"product_brand":[3670],"product_cat":[974,1385,82],"product_tag":[],"class_list":{"0":"post-623992","1":"product","2":"type-product","3":"status-publish","4":"has-post-thumbnail","6":"product_brand-pfanner-de","7":"product_cat-freizeitkleidung","8":"product_cat-kinderbekleidung","9":"product_cat-kleidung","10":"sws-gruppo-no-gruppo-de","11":"sws-conto-ricavi-merci-rivendita-abbigliamento-de","12":"sws-gruppo-iva-iva81-de","14":"first","15":"instock","16":"shipping-taxable","17":"purchasable","18":"product-type-variable","19":"has-default-attributes"},"_links":{"self":[{"href":"https:\/\/lucacastelli.com\/de\/wp-json\/wp\/v2\/product\/623992","targetHints":{"allow":["GET"]}}],"collection":[{"href":"https:\/\/lucacastelli.com\/de\/wp-json\/wp\/v2\/product"}],"about":[{"href":"https:\/\/lucacastelli.com\/de\/wp-json\/wp\/v2\/types\/product"}],"wp:featuredmedia":[{"embeddable":true,"href":"https:\/\/lucacastelli.com\/de\/wp-json\/wp\/v2\/media\/619165"}],"wp:attachment":[{"href":"https:\/\/lucacastelli.com\/de\/wp-json\/wp\/v2\/media?parent=623992"}],"wp:term":[{"taxonomy":"product_brand","embeddable":true,"href":"https:\/\/lucacastelli.com\/de\/wp-json\/wp\/v2\/product_brand?post=623992"},{"taxonomy":"product_cat","embeddable":true,"href":"https:\/\/lucacastelli.com\/de\/wp-json\/wp\/v2\/product_cat?post=623992"},{"taxonomy":"product_tag","embeddable":true,"href":"https:\/\/lucacastelli.com\/de\/wp-json\/wp\/v2\/product_tag?post=623992"}],"curies":[{"name":"wp","href":"https:\/\/api.w.org\/{rel}","templated":true}]}}