{"id":623978,"date":"2025-08-18T22:10:21","date_gmt":"2025-08-18T20:10:21","guid":{"rendered":"https:\/\/lucacastelli.com\/prodotto\/gladiator-wiff-zack\/"},"modified":"2026-04-14T03:34:23","modified_gmt":"2026-04-14T01:34:23","slug":"gladiator-wiff-zack","status":"publish","type":"product","link":"https:\/\/lucacastelli.com\/de\/produkt\/gladiator-wiff-zack\/","title":{"rendered":"Gladiator Wiff-Zack"},"content":{"rendered":"<p>Der \u201eWiff-Zack\u201c ist das sympathische Maskottchen von Pfanner\u00ae. Nat\u00fcrlich tr\u00e4gt er die passende Sicherheitsbekleidung und den Protos\u00ae Integral mit dem traditionellen Holzer-Logo. Die Pfanner\u00ae Jacke ist leicht waschbar und kann vom kleinen Mitarbeiter ausgezogen werden, damit auch der Fuchs gereinigt werden kann. Die St\u00e4rken von Wiff-Zack liegen in der Kundenbetreuung, er kann aber auch als Maskottchen im Au\u00dfendienst eingesetzt werden. Die Holzf\u00e4llerausr\u00fcstung des kleinen Pl\u00fcschfuchses ist liebevoll und detailreich gestaltet.    <\/p>\n<p>Material:<br \/>\nObermaterial: 100 % weicher Pl\u00fcsch<br \/>\nF\u00fcllung: 100 % Polyesterwatte<br \/>\nGr\u00f6\u00dfe: ca. 20 cm.<\/p>\n","protected":false},"excerpt":{"rendered":"<p>Der \u201eWiff-Zack\u201c ist das sympathische Maskottchen von Pfanner\u00ae. Nat\u00fcrlich tr\u00e4gt er die passende Sicherheitsbekleidung und den Protos\u00ae Integral mit dem<\/p>\n","protected":false},"featured_media":618305,"template":"","meta":{"_seopress_robots_primary_cat":"none","_seopress_titles_title":"","_seopress_titles_desc":"","_seopress_robots_index":""},"product_brand":[3670,4720],"product_cat":[1385,82,1478],"product_tag":[],"class_list":{"0":"post-623978","1":"product","2":"type-product","3":"status-publish","4":"has-post-thumbnail","6":"product_brand-pfanner-de","7":"product_brand-protos-de","8":"product_cat-kinderbekleidung","9":"product_cat-kleidung","10":"product_cat-shop-de","11":"sws-gruppo-no-gruppo-de","12":"sws-conto-ricavi-merci-rivendita-abbigliamento-de","13":"sws-gruppo-iva-iva81-de","15":"first","16":"instock","17":"shipping-taxable","18":"purchasable","19":"product-type-simple"},"_links":{"self":[{"href":"https:\/\/lucacastelli.com\/de\/wp-json\/wp\/v2\/product\/623978","targetHints":{"allow":["GET"]}}],"collection":[{"href":"https:\/\/lucacastelli.com\/de\/wp-json\/wp\/v2\/product"}],"about":[{"href":"https:\/\/lucacastelli.com\/de\/wp-json\/wp\/v2\/types\/product"}],"wp:featuredmedia":[{"embeddable":true,"href":"https:\/\/lucacastelli.com\/de\/wp-json\/wp\/v2\/media\/618305"}],"wp:attachment":[{"href":"https:\/\/lucacastelli.com\/de\/wp-json\/wp\/v2\/media?parent=623978"}],"wp:term":[{"taxonomy":"product_brand","embeddable":true,"href":"https:\/\/lucacastelli.com\/de\/wp-json\/wp\/v2\/product_brand?post=623978"},{"taxonomy":"product_cat","embeddable":true,"href":"https:\/\/lucacastelli.com\/de\/wp-json\/wp\/v2\/product_cat?post=623978"},{"taxonomy":"product_tag","embeddable":true,"href":"https:\/\/lucacastelli.com\/de\/wp-json\/wp\/v2\/product_tag?post=623978"}],"curies":[{"name":"wp","href":"https:\/\/api.w.org\/{rel}","templated":true}]}}