{"id":623960,"date":"2025-08-19T19:36:28","date_gmt":"2025-08-19T17:36:28","guid":{"rendered":"https:\/\/lucacastelli.com\/prodotto\/pfanner-olbia-light-shorts-kinder\/"},"modified":"2026-04-14T04:14:56","modified_gmt":"2026-04-14T02:14:56","slug":"pfanner-olbia-light-shorts-kinder","status":"publish","type":"product","link":"https:\/\/lucacastelli.com\/de\/produkt\/pfanner-olbia-light-shorts-kinder\/","title":{"rendered":"PFANNER Olbia Light Shorts Kids"},"content":{"rendered":"<p>Die Olbia Light Shorts Kids sind aus superelastischem 4-Wege-Nylon\/Spandex-Gewebe gefertigt. B\u00fcgelfrei, schnelltrocknend und sportlich geschnitten, sind die Olbia Light Shorts perfekt f\u00fcr Kinder, die gerne im Freien sind. Das leichte, schwei\u00dfabsorbierende Material sorgt f\u00fcr Frische und Komfort, besonders bei hei\u00dfem Wetter. Optimale Passform dank elastischem Bund.<br \/>\n&#8211; Superelastisches 4-Wege-Nylon\/Spandex-Gewebe<br \/>\n&#8211; Extraleichtes Gewebe, b\u00fcgelfrei und schnelltrocknend<br \/>\n&#8211; Doppelter Schiebeknopf am Bund<br \/>\n&#8211; Reflektierendes Icon an der linken Wade<br \/>\n&#8211; Seitliche Zipp2Zipp-Rei\u00dfverschlusstaschen auf beiden Seiten<br \/>\n&#8211; Schwei\u00dfabsorbierend<br \/>\n&#8211; Neongelbe Rei\u00dfverschl\u00fcsse   <\/p>\n<p>Material: 88 % Nylon, 12 % Spandex, 140 g\/m2<br \/>\nGr\u00f6\u00dfen: 104, 116, 128, 140, 152 (+ cm Systemverl\u00e4ngerung)<\/p>\n","protected":false},"excerpt":{"rendered":"<p>Die Olbia Light Shorts Kids sind aus superelastischem 4-Wege-Nylon\/Spandex-Gewebe gefertigt. B\u00fcgelfrei, schnelltrocknend und sportlich geschnitten, sind die Olbia Light Shorts<\/p>\n","protected":false},"featured_media":619999,"template":"","meta":{"_seopress_robots_primary_cat":"none","_seopress_titles_title":"","_seopress_titles_desc":"","_seopress_robots_index":""},"product_brand":[3670],"product_cat":[974,1385,82],"product_tag":[],"class_list":{"0":"post-623960","1":"product","2":"type-product","3":"status-publish","4":"has-post-thumbnail","6":"product_brand-pfanner-de","7":"product_cat-freizeitkleidung","8":"product_cat-kinderbekleidung","9":"product_cat-kleidung","10":"sws-gruppo-no-gruppo-de","11":"sws-conto-ricavi-merci-rivendita-abbigliamento-de","12":"sws-gruppo-iva-iva81-de","14":"first","15":"instock","16":"shipping-taxable","17":"purchasable","18":"product-type-variable"},"_links":{"self":[{"href":"https:\/\/lucacastelli.com\/de\/wp-json\/wp\/v2\/product\/623960","targetHints":{"allow":["GET"]}}],"collection":[{"href":"https:\/\/lucacastelli.com\/de\/wp-json\/wp\/v2\/product"}],"about":[{"href":"https:\/\/lucacastelli.com\/de\/wp-json\/wp\/v2\/types\/product"}],"wp:featuredmedia":[{"embeddable":true,"href":"https:\/\/lucacastelli.com\/de\/wp-json\/wp\/v2\/media\/619999"}],"wp:attachment":[{"href":"https:\/\/lucacastelli.com\/de\/wp-json\/wp\/v2\/media?parent=623960"}],"wp:term":[{"taxonomy":"product_brand","embeddable":true,"href":"https:\/\/lucacastelli.com\/de\/wp-json\/wp\/v2\/product_brand?post=623960"},{"taxonomy":"product_cat","embeddable":true,"href":"https:\/\/lucacastelli.com\/de\/wp-json\/wp\/v2\/product_cat?post=623960"},{"taxonomy":"product_tag","embeddable":true,"href":"https:\/\/lucacastelli.com\/de\/wp-json\/wp\/v2\/product_tag?post=623960"}],"curies":[{"name":"wp","href":"https:\/\/api.w.org\/{rel}","templated":true}]}}