{"id":623955,"date":"2025-08-20T21:14:28","date_gmt":"2025-08-20T19:14:28","guid":{"rendered":"https:\/\/lucacastelli.com\/prodotto\/stihl-pka-30-pumpeneinheit-nur-maschine\/"},"modified":"2025-09-04T20:05:03","modified_gmt":"2025-09-04T18:05:03","slug":"stihl-pka-30-pumpeneinheit-nur-maschine","status":"publish","type":"product","link":"https:\/\/lucacastelli.com\/de\/produkt\/stihl-pka-30-pumpeneinheit-nur-maschine\/","title":{"rendered":"STIHL PKA 30 Pumpeneinheit (nur Maschine)"},"content":{"rendered":"<p>&nbsp;<\/p>\n<h2>Batteriebetriebener Pumpenkopf PKA 30: automatisches Pumpen und pr\u00e4zises Dosieren von Wasser und Spritzmitteln<\/h2>\n<p>Der robuste STIHL Akku-Pumpenkopf PKA 30 ist die ideale Erg\u00e4nzung zu den handgef\u00fchrten <b>Spr\u00fchger\u00e4ten<\/b> <a href=\"https:\/\/www.stihl.de\/de\/p\/spruehgeraete-spritzgeraete-spritzgeraet-sg-21-67885\"><b>STIHL SG 21<\/b><\/a> <b>e<\/b> <a href=\"https:\/\/www.stihl.de\/de\/p\/spruehgeraete-spritzgeraete-spritzgeraet-sg-31-2109\"><b>STIHL SG 31<\/b><\/a>als auch f\u00fcr den <a href=\"https:\/\/www.stihl.de\/de\/ap\/druckwasserbehaelter-11444?aID=00006706000\"><b>STIHL Druckbeh\u00e4lter<\/b><\/a> manuellen Drucktank f\u00fcr die mobile Wasserversorgung von Trennschleifern. <\/p>\n<p>In Kombination mit den STIHL Spr\u00fchger\u00e4ten SG 21 oder STIHL SG 31<b>wird<\/b> die<b>Ausbringung von fl\u00fcssigen Produkten f\u00fcr den Pilz- und Sch\u00e4dlingsschutz, die D\u00fcngung und die Unkrautbek\u00e4mpfung im privaten Bereich viel einfacher und bequemer<\/b>.<\/p>\n<p>In Kombination mit dem STIHL Drucktank f\u00fcr die mobile Wasserversorgung von Trennschleifern ist sauberes Nassschneiden mit STIHL Akku- oder Benzin-Trennschleifern auch auf Baustellen ohne Wasseranschluss, <b>im Garten- und Landschaftsbau sowie im Hoch-, Tief- und Stra\u00dfenbau<\/b> m\u00f6glich <b>.<\/b> Bei allen Anwendungen <b>sorgt<\/b> der STIHL Akku-Pumpenkopf PKA 30 <b>automatisch f\u00fcr eine gleichm\u00e4\u00dfige Versorgung mit<\/b> dem verwendeten Produkt \u00fcber die gesamte Akkulaufzeit und eine <b>konstante Wasserversorgung<\/b> des Trennschleifers. <\/p>\n<p>Der STIHL PKA 30 l\u00e4sst sich <b>bequem und ohne Werkzeug<\/b> an der Spritze oder am Druckwassertank <b>montieren<\/b> und ist <b>einfach zu bedienen<\/b>. Er wird angetrieben von einer <a href=\"https:\/\/www.stihl.de\/de\/ap\/akku-as-2-107854\"><b>STIHL AS 2 Akku<\/b><\/a>. Der PKA 30 hat eine <b>stufenlose Druckeinstellung<\/b> zwischen 1,5 bar und 2,5 bar, um die Durchflussmenge an die jeweilige Anwendung anzupassen. Wenn der Tank leer ist oder die Maschine l\u00e4ngere Zeit nicht benutzt wird, <b>schaltet sich der STIHL PKA 30 automatisch ab<\/b>. Das hilft, die Lebensdauer der Batterie zu verl\u00e4ngern. Und dank der LED-Ladestandsanzeige kannst du immer sehen, wie lange der Akku noch einsatzbereit ist. Der<b>weiche Griff<\/b> sorgt f\u00fcr eine ergonomische Handhabung und ein bequemes Tragen des PKA 30.      <\/p>\n<p>In unserer \u00dcbersicht \u00fcber <a href=\"https:\/\/www.stihl.de\/de\/technologie\/akku-technologie\/laufzeiten-ladezeiten\"><b>Betriebszeiten und Akkuladung<\/b><\/a> kannst du sehen, wie lange du mit dem STIHL Akku-Pumpenkopf PKA 30 arbeiten kannst und wie lange es dauert, den verwendeten Akku wieder aufzuladen. Bitte beachte, dass die Akkulaufzeit je nach Anwendung und Beh\u00e4ltergr\u00f6\u00dfe variieren kann. <\/p>\n<p>Der STIHL Pumpenkopf PKA 30 ist f\u00fcr den professionellen Einsatz und den t\u00e4glichen Gebrauch auch bei widrigen Wetterbedingungen konzipiert. Er ist daher mit einem gepr\u00fcften Spritzwasserschutz ausgestattet. Seine Wirksamkeit wird in strengen internen Tests nachgewiesen. Der Spritzwasserschutz der STIHL PKA 30, der bereits in internen Tests nachgewiesen wurde, ist zudem nach IPX4 zertifiziert.   <\/p>\n<p>&nbsp;<\/p>\n<p>&nbsp;<\/p>\n<p>TECHNISCHE DATEN<br \/>\nNOMINALSPANNUNG \/ BATTERIESYSTEM [V] 10,8 (AS)<br \/>\nNenndruck [baR] 1,5 &#8211; 2,5<br \/>\nMax. Druck [baR] 2,5<br \/>\nGewicht ohne Batterie [kg] 0,9<br \/>\nWerkzeugabmessungen (BXHxD) [mm] 145 x 128 x 259<\/p>\n<p>&nbsp;<\/p>\n","protected":false},"excerpt":{"rendered":"<p>&nbsp; Batteriebetriebener Pumpenkopf PKA 30: automatisches Pumpen und pr\u00e4zises Dosieren von Wasser und Spritzmitteln Der robuste STIHL Akku-Pumpenkopf PKA 30<\/p>\n","protected":false},"featured_media":623676,"template":"","meta":{"_seopress_robots_primary_cat":"none","_seopress_titles_title":"","_seopress_titles_desc":"","_seopress_robots_index":""},"product_brand":[3366],"product_cat":[29,499,495,512,496],"product_tag":[],"class_list":{"0":"post-623955","1":"product","2":"type-product","3":"status-publish","4":"has-post-thumbnail","6":"product_brand-stihl","7":"product_cat-macchinari","8":"product_cat-atomizzatori-e-irroratori","9":"product_cat-troncatrici-e-mototroncatrici","10":"product_cat-accessori-e-materiale-di-consumo-troncatrici-e-mototroncatrici","11":"product_cat-troncatrici","12":"sws-gruppo-macchinari-de","13":"sws-conto-ricavi-merci-rivendita-macchinari-de","14":"sws-gruppo-iva-iva81-de","16":"first","17":"instock","18":"shipping-taxable","19":"purchasable","20":"product-type-simple"},"_links":{"self":[{"href":"https:\/\/lucacastelli.com\/de\/wp-json\/wp\/v2\/product\/623955","targetHints":{"allow":["GET"]}}],"collection":[{"href":"https:\/\/lucacastelli.com\/de\/wp-json\/wp\/v2\/product"}],"about":[{"href":"https:\/\/lucacastelli.com\/de\/wp-json\/wp\/v2\/types\/product"}],"wp:featuredmedia":[{"embeddable":true,"href":"https:\/\/lucacastelli.com\/de\/wp-json\/wp\/v2\/media\/623676"}],"wp:attachment":[{"href":"https:\/\/lucacastelli.com\/de\/wp-json\/wp\/v2\/media?parent=623955"}],"wp:term":[{"taxonomy":"product_brand","embeddable":true,"href":"https:\/\/lucacastelli.com\/de\/wp-json\/wp\/v2\/product_brand?post=623955"},{"taxonomy":"product_cat","embeddable":true,"href":"https:\/\/lucacastelli.com\/de\/wp-json\/wp\/v2\/product_cat?post=623955"},{"taxonomy":"product_tag","embeddable":true,"href":"https:\/\/lucacastelli.com\/de\/wp-json\/wp\/v2\/product_tag?post=623955"}],"curies":[{"name":"wp","href":"https:\/\/api.w.org\/{rel}","templated":true}]}}