{"id":623942,"date":"2025-08-20T21:05:42","date_gmt":"2025-08-20T19:05:42","guid":{"rendered":"https:\/\/lucacastelli.com\/prodotto\/stihl-wsa-40-set-batteriebetriebener-wasserbehaelter-fuer-mobilen-trennschleifer-mit-as-2-akku-und-al-1-ladegeraet\/"},"modified":"2025-08-20T21:05:42","modified_gmt":"2025-08-20T19:05:42","slug":"stihl-wsa-40-set-batteriebetriebener-wasserbehaelter-fuer-mobilen-trennschleifer-mit-as-2-akku-und-al-1-ladegeraet","status":"publish","type":"product","link":"https:\/\/lucacastelli.com\/de\/produkt\/stihl-wsa-40-set-batteriebetriebener-wasserbehaelter-fuer-mobilen-trennschleifer-mit-as-2-akku-und-al-1-ladegeraet\/","title":{"rendered":"STIHL WSA 40 Set Batteriebetriebener Wasserbeh\u00e4lter f\u00fcr mobilen Trennschleifer mit AS 2 Akku und AL 1 Ladeger\u00e4t"},"content":{"rendered":"<h2>WSA 40 Akku-Wassertank im Set mit AS 2 Akku und AL 1 Ladeger\u00e4t: automatische, gleichm\u00e4\u00dfige mobile Wasserversorgung f\u00fcr STIHL Akku- und Benzinm\u00e4her<\/h2>\n<p>Dank des tragbaren Wassertanks STIHL WSA 40 k\u00f6nnen mit dem STIHL Trennschleifer auch auf Baustellen ohne Wasserversorgung saubere Nassschnitte durchgef\u00fchrt werden. F\u00fcr den professionellen Einsatz im Garten- und Landschaftsbau, Hoch- und Tiefbau sowie im Stra\u00dfenbau. Die robuste Druckluftpumpe sorgt f\u00fcr eine gleichm\u00e4\u00dfige Wasserversorgung \u00fcber die gesamte Akkulaufzeit. Das Wasser bindet Staubpartikel und k\u00fchlt gleichzeitig die Trennscheibe.   <\/p>\n<p>Neben dem robusten Wassertank mit einem Fassungsverm\u00f6gen von 10 l, F\u00fcllstandsanzeige, \u00dcberdruckventil, 4 m langem Wasserschlauch mit Normanschluss und Pumpenkopf enth\u00e4lt dieses praktische Set auch einen STIHL AS 2 Akku und ein STIHL AL 1 Ladeger\u00e4t. So kannst du direkt nach der Lieferung mit deiner geplanten Arbeit beginnen. <\/p>\n<p>Der STIHL WSA 40 ist einfach zu bedienen und verf\u00fcgt \u00fcber eine stufenlose Druckeinstellung zwischen 1,5 bar und 2,5 bar, um die Durchflussmenge an den jeweiligen Einsatz anzupassen. Wenn der Tank leer ist oder die Maschine \u00fcber einen l\u00e4ngeren Zeitraum nicht benutzt wird, schaltet sich der WSA 40 automatisch ab. Das hilft, die Lebensdauer der Batterie zu verl\u00e4ngern. Au\u00dferdem kannst du dank der LED-Ladestandsanzeige immer sehen, wie lange die Batterie noch einsatzbereit ist. Der weiche Griff sorgt f\u00fcr eine ergonomische Handhabung und ein bequemes Tragen des WSA 40.    <\/p>\n<p>Der STIHL WSA 40 Akku-Wassertank ist mit allen STIHL Akku- und Benzinrasenm\u00e4hern kompatibel.<\/p>\n<p>Der im Lieferumfang enthaltene STIHL Pumpenkopf PKA 30 kann auch mit dem STIHL Handdruckwasserbeh\u00e4lter zur mobilen Wasserversorgung der Schneidger\u00e4te sowie mit den Spr\u00fchger\u00e4ten STIHL SG 21 und STIHL SG 31 verwendet werden.<\/p>\n<p>Wie lange du mit dem STIHL Akku-Wassertank WSA 40 arbeiten kannst und wie lange es dauert, den Akku im Einsatz aufzuladen, siehst du in unserer \u00dcbersicht \u00fcber Betriebs- und Ladezeiten.<\/p>\n<p>Der Pumpenkopf PKA 30 des akkubetriebenen Wassertanks WSA 40 ist f\u00fcr den professionellen Einsatz und den t\u00e4glichen Gebrauch auch bei widrigen Wetterverh\u00e4ltnissen konzipiert. Er ist daher mit einem gepr\u00fcften Spritzwasserschutz ausgestattet. Seine Wirksamkeit wird durch strenge interne Tests nachgewiesen. Der bereits in internen Tests gepr\u00fcfte Spritzwasserschutz wurde f\u00fcr den STIHL PKA 30 zus\u00e4tzlich nach IPX4 zertifiziert   <\/p>\n<p>Hinweis: Der AS 2 Akku ist nach IPX4 zertifiziert.<\/p>\n<p>&nbsp;<\/p>\n<p>&nbsp;<\/p>\n<p>TECHNISCHE DATEN<\/p>\n<p>NOMINALSPANNUNG \/ BATTERIESYSTEM [V] 10,8 (AS)<br \/>\nFASSUNG DES BATTERIEKANALS [L] 10<br \/>\nGEWICHT OHNE BATTERIE [kg] 3,1<br \/>\nGEWICHT MIT BATTERIE UND VOLLEM TANK [KG] 131<br \/>\nMAX. DRUCK [baR] 2.5<br \/>\nDruckeinstellung [BAR] 1.5 &#8211; 2.5<br \/>\nLebensdauer der Batterie mit AS 2 [MIN] 30<br \/>\nAbmessungen des Werkzeugs (BXLxH) [mm] 260 x 218 x 745<\/p>\n","protected":false},"excerpt":{"rendered":"<p>WSA 40 Akku-Wassertank im Set mit AS 2 Akku und AL 1 Ladeger\u00e4t: automatische, gleichm\u00e4\u00dfige mobile Wasserversorgung f\u00fcr STIHL Akku-<\/p>\n","protected":false},"featured_media":623667,"template":"","meta":{"_seopress_robots_primary_cat":"none","_seopress_titles_title":"","_seopress_titles_desc":"","_seopress_robots_index":""},"product_brand":[3554],"product_cat":[169,1696,1697,1699],"product_tag":[],"class_list":{"0":"post-623942","1":"product","2":"type-product","3":"status-publish","4":"has-post-thumbnail","6":"product_brand-stihl-de","7":"product_cat-maschinen","8":"product_cat-mahmaschinen-und-trimmer","9":"product_cat-zubehor-und-verbrauchsmaterial-de-8","10":"product_cat-mahmaschinen-de","11":"sws-gruppo-macchinari-de","12":"sws-conto-ricavi-merci-rivendita-macchinari-de","13":"sws-gruppo-iva-iva81-de","15":"first","16":"instock","17":"shipping-taxable","18":"purchasable","19":"product-type-simple"},"_links":{"self":[{"href":"https:\/\/lucacastelli.com\/de\/wp-json\/wp\/v2\/product\/623942","targetHints":{"allow":["GET"]}}],"collection":[{"href":"https:\/\/lucacastelli.com\/de\/wp-json\/wp\/v2\/product"}],"about":[{"href":"https:\/\/lucacastelli.com\/de\/wp-json\/wp\/v2\/types\/product"}],"wp:featuredmedia":[{"embeddable":true,"href":"https:\/\/lucacastelli.com\/de\/wp-json\/wp\/v2\/media\/623667"}],"wp:attachment":[{"href":"https:\/\/lucacastelli.com\/de\/wp-json\/wp\/v2\/media?parent=623942"}],"wp:term":[{"taxonomy":"product_brand","embeddable":true,"href":"https:\/\/lucacastelli.com\/de\/wp-json\/wp\/v2\/product_brand?post=623942"},{"taxonomy":"product_cat","embeddable":true,"href":"https:\/\/lucacastelli.com\/de\/wp-json\/wp\/v2\/product_cat?post=623942"},{"taxonomy":"product_tag","embeddable":true,"href":"https:\/\/lucacastelli.com\/de\/wp-json\/wp\/v2\/product_tag?post=623942"}],"curies":[{"name":"wp","href":"https:\/\/api.w.org\/{rel}","templated":true}]}}