{"id":623931,"date":"2025-08-20T21:00:55","date_gmt":"2025-08-20T19:00:55","guid":{"rendered":"https:\/\/lucacastelli.com\/prodotto\/stihl-sga-30-akku-zerstaeuber-set-mit-1-as2-akku-und-al1-ladegeraet\/"},"modified":"2025-08-20T21:00:55","modified_gmt":"2025-08-20T19:00:55","slug":"stihl-sga-30-akku-zerstaeuber-set-mit-1-as2-akku-und-al1-ladegeraet","status":"publish","type":"product","link":"https:\/\/lucacastelli.com\/de\/produkt\/stihl-sga-30-akku-zerstaeuber-set-mit-1-as2-akku-und-al1-ladegeraet\/","title":{"rendered":"STIHL SGA 30 Akku-Zerst\u00e4uber-Set mit 1 AS2-Akku und AL1-Ladeger\u00e4t"},"content":{"rendered":"<h2>Akkuspr\u00fchger\u00e4t SGA 30 im Set mit Akku AS 2 und Ladeger\u00e4t AL 1: f\u00fcr die bequeme, pr\u00e4zise und gleichm\u00e4\u00dfige Ausbringung von fl\u00fcssigen Pflanzenschutz- und Pflegemitteln<\/h2>\n<p>Wenn du noch kein STIHL Ger\u00e4t aus dem <a href=\"https:\/\/www.stihl.de\/de\/technologie\/akku-technologie\/as-system\"><b>AS-System<\/b><\/a>System besitzt, lohnt es sich besonders, das STIHL Akkuspr\u00fchger\u00e4t SGA 30 im Set zu kaufen. Im Lieferumfang ist neben dem SGA 30 auch der kompakte <a href=\"https:\/\/www.stihl.de\/de\/ap\/akku-as-2-107854\"><b>STIHL AS 2 Akku-Pack<\/b><\/a> und das <a href=\"https:\/\/www.stihl.de\/de\/ap\/standardladegeraet-al-1-107869\"><b>STIHL AL 1 Akku-Ladeger\u00e4t<\/b><\/a>. So kannst du sofort mit der Arbeit beginnen.  <\/p>\n<p>Das akkubetriebene Spr\u00fchger\u00e4t SGA 30 wurde speziell f\u00fcr den <b>Schutz und die Pflege von Pflanzen im privaten Bereich<\/b> entwickelt. Es eignet sich f\u00fcr die Ausbringung von fl\u00fcssigen Produkten zum Schutz vor Pilzen und Sch\u00e4dlingen, zur D\u00fcngung und Unkrautbek\u00e4mpfung <b>in kleinen und mittleren G\u00e4rten<\/b>. Das STIHL SGA 30 sorgt <b>automatisch<\/b> f\u00fcr eine <b>gleichm\u00e4\u00dfige<\/b> Ausbringung von Spritz- und D\u00fcngemitteln bei allen Anwendungen \u00fcber die gesamte Batterielebensdauer.  <\/p>\n<p>Das <b>batteriebetriebene<\/b> SGA 30 Spr\u00fchger\u00e4t ist <b>einfach zu bedienen<\/b> und verf\u00fcgt \u00fcber eine <b>stufenlose Druckeinstellung<\/b> zwischen 1,5 bar und 2,5 bar, um die Durchflussmenge an bestimmte Anwendungen anzupassen. Wenn der Tank leer ist oder das Ger\u00e4t \u00fcber einen l\u00e4ngeren Zeitraum nicht benutzt wird, <b>schaltet sich das SGA 30 automatisch ab.<\/b> Das hilft, die Lebensdauer der Batterie zu verl\u00e4ngern. Au\u00dferdem kannst du dank der<b>LED-Ladestandsanzeige<\/b> immer sehen, wie lange der Akku noch einsatzbereit ist. Der <b>Schultergurt<\/b> und der<b>weiche Griff<\/b> sorgen f\u00fcr eine ergonomische Handhabung und ein bequemes Tragen des SGA 30.    <\/p>\n<p>Zur Ausstattung geh\u00f6ren der robuste <b>Spritzbeh\u00e4lter mit 5 l Fassungsverm\u00f6gen<\/b>, F\u00fcllstandsanzeige, \u00dcberdruckventil und <b>werkzeuglos verstellbarer Spritzlanze von 52 cm bis 90 cm mit verstellbarer D\u00fcse sowie ein verstellbarer Schultergurt und der STIHL Pumpenkopf PKA 30.<\/b> Dar\u00fcber hinaus gibt es f\u00fcr die Pflege und den Schutz deiner Gartenpflanzen das umfangreiche <a href=\"https:\/\/www.stihl.de\/de\/ac\/produktzubehoer-98281\/zubehoer-fuer-spruehgeraete-spritzgeraete-99416?offset=4\"><b>Sortiment an STIHL Zubeh\u00f6r f\u00fcr Spr\u00fchger\u00e4te<\/b><\/a>. <\/p>\n<p>Der mitgelieferte STIHL Pumpenkopf PKA 30 kann auch mit Spr\u00fchger\u00e4ten verwendet werden <a href=\"https:\/\/www.stihl.de\/de\/p\/spruehgeraete-spritzgeraete-spritzgeraet-sg-21-67885\"><b>STIHL SG 21<\/b><\/a> e <a href=\"https:\/\/www.stihl.de\/de\/p\/spruehgeraete-spritzgeraete-spritzgeraet-sg-31-2109\"><b>STIHL SG 31<\/b><\/a> und mit dem <a href=\"https:\/\/www.stihl.de\/de\/ap\/druckwasserbehaelter-11444?aID=00006706000\"><b>Druckwassertank<\/b><\/a> STIHL Handdruckwassertank f\u00fcr die mobile Wasserversorgung von Trennschleifern.<\/p>\n<p>In unserer \u00dcbersicht \u00fcber <a href=\"https:\/\/www.stihl.de\/de\/technologie\/akku-technologie\/laufzeiten-ladezeiten\"><b>Betriebszeiten und Akkuladung<\/b><\/a> kannst du sehen, wie lange du mit deinem STIHL Akkuspr\u00fchger\u00e4t SGA 30 arbeiten kannst und wie lange es dauert, den verbrauchten Akku wieder aufzuladen.<\/p>\n<p>Das <b>STIHL Akkuspr\u00fchger\u00e4t SGA 30<\/b> verf\u00fcgt \u00fcber einen gepr\u00fcften Spritzschutz. Seine Wirksamkeit wird durch strenge interne Tests nachgewiesen. Das Akku-Spr\u00fchger\u00e4t SGA 30 ist nach IPX4 zertifiziert, zus\u00e4tzlich zu dem bereits in internen Tests nachgewiesenen Spritzwasserschutz.  <\/p>\n<p><b><strong>Hinweis: Der AS 2 Akku ist nach IPX4 zertifiziert.<\/strong><\/b><\/p>\n<p>&nbsp;<\/p>\n<p>&nbsp;<\/p>\n<table data-test-id=\"pdp-spec-tech-table\">\n<tbody>\n<tr>\n<td>Nennspannung<\/td>\n<td>11 V<\/td>\n<\/tr>\n<tr>\n<td>Akku-System<\/td>\n<td>AS<\/td>\n<\/tr>\n<tr>\n<td>Empfohlener Akku<\/td>\n<td>AS 2<\/td>\n<\/tr>\n<tr>\n<td>Ger\u00e4tegewicht ohne Akku<\/td>\n<td>2,1 kg <sup>1<!-- --><\/sup> )<\/td>\n<\/tr>\n<tr>\n<td>Beh\u00e4lterinhalt<\/td>\n<td>5 l<\/td>\n<\/tr>\n<tr>\n<td>Beh\u00e4lterinhalt<\/td>\n<td>1,3 gal<\/td>\n<\/tr>\n<tr>\n<td>Min. Wasserdurchsatz <\/td>\n<td>3,4 l\/min<\/td>\n<\/tr>\n<tr>\n<td>Max. Wasserdurchsatz <\/td>\n<td>3,9 l\/min<\/td>\n<\/tr>\n<tr>\n<td>Arbeitsdruck<\/td>\n<td>1,5 &#8211; 2,5 bar<\/td>\n<\/tr>\n<tr>\n<td>IP Schutzgrad<\/td>\n<td>IP24<\/td>\n<\/tr>\n<tr>\n<td>Max. Akkulaufzeit AS 2 <\/td>\n<td>30 min <sup>2)<\/sup><\/td>\n<\/tr>\n<tr>\n<td>Max. Tankf\u00fcllungen pro Akkuladung AS 2 <\/td>\n<td>7 <sup>3)<\/sup><\/td>\n<\/tr>\n<tr>\n<td>Ger\u00e4tebreite<\/td>\n<td>195 mm<\/td>\n<\/tr>\n<tr>\n<td>Ger\u00e4teh\u00f6he<\/td>\n<td>634 mm<\/td>\n<\/tr>\n<tr>\n<td>Ger\u00e4tetiefe<\/td>\n<td>200 mm<\/td>\n<\/tr>\n<tr>\n<td>Schalldruckpegel<\/td>\n<td>70 dB(A) <sup>4)<\/sup><\/td>\n<\/tr>\n<tr>\n<td>Schallleistungspegel<\/td>\n<td>77,2 dB(A) <sup>4)<\/sup><\/td>\n<\/tr>\n<tr>\n<td>Vibrationswert rechts<\/td>\n<td>4,4 m\/s\u00b2 <sup>5)<\/sup><\/td>\n<\/tr>\n<\/tbody>\n<\/table>\n","protected":false},"excerpt":{"rendered":"<p>Akkuspr\u00fchger\u00e4t SGA 30 im Set mit Akku AS 2 und Ladeger\u00e4t AL 1: f\u00fcr die bequeme, pr\u00e4zise und gleichm\u00e4\u00dfige Ausbringung<\/p>\n","protected":false},"featured_media":623625,"template":"","meta":{"_seopress_robots_primary_cat":"none","_seopress_titles_title":"","_seopress_titles_desc":"","_seopress_robots_index":""},"product_brand":[3366],"product_cat":[29,499],"product_tag":[],"class_list":{"0":"post-623931","1":"product","2":"type-product","3":"status-publish","4":"has-post-thumbnail","6":"product_brand-stihl","7":"product_cat-macchinari","8":"product_cat-atomizzatori-e-irroratori","9":"sws-gruppo-macchinari-de","10":"sws-conto-ricavi-merci-rivendita-macchinari-de","11":"sws-gruppo-iva-iva81-de","13":"first","14":"instock","15":"shipping-taxable","16":"purchasable","17":"product-type-simple"},"_links":{"self":[{"href":"https:\/\/lucacastelli.com\/de\/wp-json\/wp\/v2\/product\/623931","targetHints":{"allow":["GET"]}}],"collection":[{"href":"https:\/\/lucacastelli.com\/de\/wp-json\/wp\/v2\/product"}],"about":[{"href":"https:\/\/lucacastelli.com\/de\/wp-json\/wp\/v2\/types\/product"}],"wp:featuredmedia":[{"embeddable":true,"href":"https:\/\/lucacastelli.com\/de\/wp-json\/wp\/v2\/media\/623625"}],"wp:attachment":[{"href":"https:\/\/lucacastelli.com\/de\/wp-json\/wp\/v2\/media?parent=623931"}],"wp:term":[{"taxonomy":"product_brand","embeddable":true,"href":"https:\/\/lucacastelli.com\/de\/wp-json\/wp\/v2\/product_brand?post=623931"},{"taxonomy":"product_cat","embeddable":true,"href":"https:\/\/lucacastelli.com\/de\/wp-json\/wp\/v2\/product_cat?post=623931"},{"taxonomy":"product_tag","embeddable":true,"href":"https:\/\/lucacastelli.com\/de\/wp-json\/wp\/v2\/product_tag?post=623931"}],"curies":[{"name":"wp","href":"https:\/\/api.w.org\/{rel}","templated":true}]}}