{"id":623597,"date":"2025-08-20T20:51:06","date_gmt":"2025-08-20T18:51:06","guid":{"rendered":"https:\/\/lucacastelli.com\/?post_type=product&#038;p=623597"},"modified":"2026-04-14T04:12:19","modified_gmt":"2026-04-14T02:12:19","slug":"pfanner-canvas-warnhose-en-20471-neongelb-copia-copia-copia-copia","status":"publish","type":"product","link":"https:\/\/lucacastelli.com\/de\/produkt\/pfanner-canvas-warnhose-en-20471-neongelb-copia-copia-copia-copia\/","title":{"rendered":"PFANNER Cancool Shorts"},"content":{"rendered":"<p>Die Cancool Arbeitsshorts \u00fcberzeugen durch ihren sportlichen, funktionellen Schnitt und zahlreiche praktische Details. Die Meterstabtasche ist n\u00e4mlich nicht au\u00dfen aufgesetzt, sondern in die bekannte Zipp2Zipp-Tasche integriert. Der verl\u00e4ngerte R\u00fccken bietet deutlich mehr Komfort und Schutz bei der t\u00e4glichen Arbeit. Die Cancool Shorts sind der perfekte Begleiter f\u00fcr Land- und Forstwirtschaft, Jagd (Revierarbeiten), Garten- und Landschaftsbau sowie verwandte Werkstattarbeiten.<br \/>\n-StretchFlex Technologie<br \/>\n-Beidseitige Zipp2Zipp Funktionstaschen<br \/>\n-Zollstocktasche<br \/>\n-Hosentr\u00e4gerschlaufen<br \/>\n-Reflexstreifen<br \/>\n-Innen verst\u00e4rkte Taschen<br \/>\n-3Con Reflex<br \/>\n-Hoher Tragekomfort   <\/p>\n<p>Material: 58 % Baumwolle, 39 % Polyester, 3 % Elasthan<\/p>\n","protected":false},"excerpt":{"rendered":"<p>Die Cancool Arbeitsshorts \u00fcberzeugen durch ihren sportlichen, funktionellen Schnitt und zahlreiche praktische Details. Die Meterstabtasche ist n\u00e4mlich nicht au\u00dfen aufgesetzt,<\/p>\n","protected":false},"featured_media":622392,"template":"","meta":{"_seopress_robots_primary_cat":"none","_seopress_titles_title":"","_seopress_titles_desc":"","_seopress_robots_index":""},"product_brand":[3458],"product_cat":[21,284],"product_tag":[],"class_list":{"0":"post-623597","1":"product","2":"type-product","3":"status-publish","4":"has-post-thumbnail","6":"product_brand-pfanner","7":"product_cat-abbigliamento","8":"product_cat-abbigliamento-da-lavoro","9":"sws-gruppo-no-gruppo-de","10":"sws-conto-ricavi-merci-rivendita-abbigliamento-de","11":"sws-gruppo-iva-iva81-de","13":"first","14":"instock","15":"shipping-taxable","16":"purchasable","17":"product-type-variable"},"_links":{"self":[{"href":"https:\/\/lucacastelli.com\/de\/wp-json\/wp\/v2\/product\/623597","targetHints":{"allow":["GET"]}}],"collection":[{"href":"https:\/\/lucacastelli.com\/de\/wp-json\/wp\/v2\/product"}],"about":[{"href":"https:\/\/lucacastelli.com\/de\/wp-json\/wp\/v2\/types\/product"}],"wp:featuredmedia":[{"embeddable":true,"href":"https:\/\/lucacastelli.com\/de\/wp-json\/wp\/v2\/media\/622392"}],"wp:attachment":[{"href":"https:\/\/lucacastelli.com\/de\/wp-json\/wp\/v2\/media?parent=623597"}],"wp:term":[{"taxonomy":"product_brand","embeddable":true,"href":"https:\/\/lucacastelli.com\/de\/wp-json\/wp\/v2\/product_brand?post=623597"},{"taxonomy":"product_cat","embeddable":true,"href":"https:\/\/lucacastelli.com\/de\/wp-json\/wp\/v2\/product_cat?post=623597"},{"taxonomy":"product_tag","embeddable":true,"href":"https:\/\/lucacastelli.com\/de\/wp-json\/wp\/v2\/product_tag?post=623597"}],"curies":[{"name":"wp","href":"https:\/\/api.w.org\/{rel}","templated":true}]}}