{"id":623234,"date":"2025-08-20T19:58:37","date_gmt":"2025-08-20T17:58:37","guid":{"rendered":"https:\/\/lucacastelli.com\/?post_type=product&#038;p=623234"},"modified":"2026-04-14T04:13:19","modified_gmt":"2026-04-14T02:13:19","slug":"pfanner-globe-outdoorhose-grau-copia-copia-copia-copia-2","status":"publish","type":"product","link":"https:\/\/lucacastelli.com\/de\/produkt\/pfanner-globe-outdoorhose-grau-copia-copia-copia-copia-2\/","title":{"rendered":"PFANNER Arborist Hose TYP A"},"content":{"rendered":"<p>Die Schnittschutzhose Arborist Typ A mit neuem Schnitt und \u00fcberarbeiteter Struktur f\u00fcr mehr Bewegungsfreiheit und reduziertes Gewicht. Das atmungsaktive Gewebe im gesamten Frontbereich verhindert Hitzestau. Die Schnittschutzhose Arborist ist f\u00fcr Kletterarbeiten konzipiert, die h\u00f6chste Konzentration und Aufmerksamkeit erfordern. Unsere StretchAIR\u00ae- und KlimaAIR\u00ae-Technologie wurde perfektioniert, um unbegrenzte Bewegungsfreiheit in dieser Hose zu gew\u00e4hrleisten. Die Gladiator\u00ae Extrem-Verst\u00e4rkungen an den Beinen bieten optimalen Schutz f\u00fcr die Steigeisen.<br \/>\nInfo<br \/>\nDie blaue und gr\u00fcne Version wurde mit SlimFit \u00fcberarbeitet und liegt noch enger an den Beinen an. Dadurch wird das Risiko, in \u00c4sten h\u00e4ngenzubleiben, weiter reduziert. Dank dieser \u00dcberarbeitung k\u00f6nnen die Anforderungen von Baumpflegern noch besser erf\u00fcllt werden.<br \/>\nUm Verletzungsrisiken an der Beinr\u00fcckseite zu vermeiden, sind Hosen vom Typ C mit einem umlaufenden Schnittschutz ausgestattet und k\u00f6nnen auf Anfrage bestellt werden.<br \/>\n-StretchAIR\u00ae-Technologie<br \/>\n-KlimaAIR\u00ae im Bundbereich<br \/>\n-Sehr leicht (Typ A)<br \/>\n-Dyneema-Schnittschutz Klasse 1<br \/>\n-Gladiator\u00ae Extrem-Verst\u00e4rkungen zum Schutz der Vorder- und Innenseite der Beine<br \/>\n-Abnehmbare Gamaschen (Typ A, rote und graue Version)<br \/>\n-Vorgeformte Knie<br \/>\n-Innenfutter aus Cocona<br \/>\n-Reflektierende Streifen      <\/p>\n<p>Material:<br \/>\nStretchgewebe: 92% Polyamid, 8% Elastan<br \/>\nVerst\u00e4rkung an den Knien: 100% Polyamid<br \/>\nFutter: 100% Polyester Cocona<br \/>\nSchnittschutz: Avertic Engtex Pro (Klasse 1, 20 m\/s)<br \/>\nNormen<br \/>\nEN 381-5 Klasse 1 \/ Typ A<\/p>\n","protected":false},"excerpt":{"rendered":"<p>Die Schnittschutzhose Arborist Typ A mit neuem Schnitt und \u00fcberarbeiteter Struktur f\u00fcr mehr Bewegungsfreiheit und reduziertes Gewicht. Das atmungsaktive Gewebe<\/p>\n","protected":false},"featured_media":623076,"template":"","meta":{"_seopress_robots_primary_cat":"none","_seopress_titles_title":"","_seopress_titles_desc":"","_seopress_robots_index":""},"product_brand":[3458],"product_cat":[21,284,189,190],"product_tag":[],"class_list":{"0":"post-623234","1":"product","2":"type-product","3":"status-publish","4":"has-post-thumbnail","6":"product_brand-pfanner","7":"product_cat-abbigliamento","8":"product_cat-abbigliamento-da-lavoro","9":"product_cat-abbigliamento-per-il-tempo-libero","10":"product_cat-abbigliamento-da-uomo","11":"sws-gruppo-no-gruppo-de","12":"sws-categoria-sito-de","13":"sws-conto-ricavi-merci-rivendita-abbigliamento-de","14":"sws-gruppo-iva-iva81-de","16":"first","17":"instock","18":"shipping-taxable","19":"purchasable","20":"product-type-variable","21":"has-default-attributes"},"_links":{"self":[{"href":"https:\/\/lucacastelli.com\/de\/wp-json\/wp\/v2\/product\/623234","targetHints":{"allow":["GET"]}}],"collection":[{"href":"https:\/\/lucacastelli.com\/de\/wp-json\/wp\/v2\/product"}],"about":[{"href":"https:\/\/lucacastelli.com\/de\/wp-json\/wp\/v2\/types\/product"}],"wp:featuredmedia":[{"embeddable":true,"href":"https:\/\/lucacastelli.com\/de\/wp-json\/wp\/v2\/media\/623076"}],"wp:attachment":[{"href":"https:\/\/lucacastelli.com\/de\/wp-json\/wp\/v2\/media?parent=623234"}],"wp:term":[{"taxonomy":"product_brand","embeddable":true,"href":"https:\/\/lucacastelli.com\/de\/wp-json\/wp\/v2\/product_brand?post=623234"},{"taxonomy":"product_cat","embeddable":true,"href":"https:\/\/lucacastelli.com\/de\/wp-json\/wp\/v2\/product_cat?post=623234"},{"taxonomy":"product_tag","embeddable":true,"href":"https:\/\/lucacastelli.com\/de\/wp-json\/wp\/v2\/product_tag?post=623234"}],"curies":[{"name":"wp","href":"https:\/\/api.w.org\/{rel}","templated":true}]}}