{"id":622858,"date":"2025-08-20T19:24:22","date_gmt":"2025-08-20T17:24:22","guid":{"rendered":"https:\/\/lucacastelli.com\/?post_type=product&#038;p=622858"},"modified":"2026-04-14T04:13:29","modified_gmt":"2026-04-14T02:13:29","slug":"pfanner-globe-outdoorhose-grau-copia-copia-4","status":"publish","type":"product","link":"https:\/\/lucacastelli.com\/de\/produkt\/pfanner-globe-outdoorhose-grau-copia-copia-4\/","title":{"rendered":"Pfanner Concept Outdoorhose"},"content":{"rendered":"<p>Die Concept Outdoor Hose ist extrem leicht und dennoch strapazierf\u00e4hig. Wie alle Pfanner Produkte garantiert sie dank der StretchAIR\u00ae-Technologie maximale Atmungsaktivit\u00e4t und Bewegungsfreiheit. Daher eignet sich die Concept Hose besonders f\u00fcr lange Wanderungen und Klettertouren. Die Kevlar-Verst\u00e4rkung an den Beininnenseiten sch\u00fctzt die Hose vor Verschlei\u00df. Die innovative G\u00fcrtelschlaufen-Konstruktion sorgt f\u00fcr eine perfekte Passform, auch beim Tragen eines G\u00fcrtels.<br \/>\n&#8211; StretchAIR\u00ae-Technologie<br \/>\n&#8211; Zipp2Zipp\u00ae-Taschensystem<br \/>\n&#8211; Vorgeformte Kniezonen<br \/>\n&#8211; Innovative G\u00fcrtelschlaufen (maximale G\u00fcrtelbreite 3 cm)<br \/>\n&#8211; Kevlar-Verst\u00e4rkung an den Beininnenseiten<br \/>\n&#8211; Sehr leicht, nur 430 g in Gr\u00f6\u00dfe M<br \/>\n&#8211; Wasser- und schmutzabweisend<br \/>\n&#8211; Sehr leicht und dennoch sehr robust    <\/p>\n<p>Material: 89 % Polyamid, 11 % Elasthan<\/p>\n","protected":false},"excerpt":{"rendered":"<p>Die Concept Outdoor Hose ist extrem leicht und dennoch strapazierf\u00e4hig. Wie alle Pfanner Produkte garantiert sie dank der StretchAIR\u00ae-Technologie maximale<\/p>\n","protected":false},"featured_media":622699,"template":"","meta":{"_seopress_robots_primary_cat":"none","_seopress_titles_title":"","_seopress_titles_desc":"","_seopress_robots_index":""},"product_brand":[3458],"product_cat":[21,284,189,190],"product_tag":[],"class_list":{"0":"post-622858","1":"product","2":"type-product","3":"status-publish","4":"has-post-thumbnail","6":"product_brand-pfanner","7":"product_cat-abbigliamento","8":"product_cat-abbigliamento-da-lavoro","9":"product_cat-abbigliamento-per-il-tempo-libero","10":"product_cat-abbigliamento-da-uomo","11":"sws-gruppo-no-gruppo-de","12":"sws-conto-ricavi-merci-rivendita-abbigliamento-de","13":"sws-gruppo-iva-iva81-de","15":"first","16":"instock","17":"shipping-taxable","18":"purchasable","19":"product-type-variable","20":"has-default-attributes"},"_links":{"self":[{"href":"https:\/\/lucacastelli.com\/de\/wp-json\/wp\/v2\/product\/622858","targetHints":{"allow":["GET"]}}],"collection":[{"href":"https:\/\/lucacastelli.com\/de\/wp-json\/wp\/v2\/product"}],"about":[{"href":"https:\/\/lucacastelli.com\/de\/wp-json\/wp\/v2\/types\/product"}],"wp:featuredmedia":[{"embeddable":true,"href":"https:\/\/lucacastelli.com\/de\/wp-json\/wp\/v2\/media\/622699"}],"wp:attachment":[{"href":"https:\/\/lucacastelli.com\/de\/wp-json\/wp\/v2\/media?parent=622858"}],"wp:term":[{"taxonomy":"product_brand","embeddable":true,"href":"https:\/\/lucacastelli.com\/de\/wp-json\/wp\/v2\/product_brand?post=622858"},{"taxonomy":"product_cat","embeddable":true,"href":"https:\/\/lucacastelli.com\/de\/wp-json\/wp\/v2\/product_cat?post=622858"},{"taxonomy":"product_tag","embeddable":true,"href":"https:\/\/lucacastelli.com\/de\/wp-json\/wp\/v2\/product_tag?post=622858"}],"curies":[{"name":"wp","href":"https:\/\/api.w.org\/{rel}","templated":true}]}}